{"id":9418,"date":"2023-05-02T15:17:15","date_gmt":"2023-05-02T13:17:15","guid":{"rendered":"https:\/\/38grader.com\/?page_id=9418"},"modified":"2023-05-03T11:05:23","modified_gmt":"2023-05-03T09:05:23","slug":"pooltak-alpin-m30","status":"publish","type":"page","link":"https:\/\/38grader.com\/en\/compass-pools\/pooltak\/pooltak-alpin-m30\/","title":{"rendered":"Pooltak Alpin M30"},"content":{"rendered":"<section class=\"section hide-for-small\" id=\"section_1693247820\">\n\t\t<div class=\"section-bg fill\" >\n\t\t\t\t\t\t\t\t\t\n\t\t\t\n\n\t\t<\/div>\n\n\t\t\n\n\t\t<div class=\"section-content relative\">\n\t\t\t\n\n  <div class=\"banner has-hover\" id=\"banner-2028150798\">\n          <div class=\"banner-inner fill\">\n        <div class=\"banner-bg fill\" >\n            <img fetchpriority=\"high\" decoding=\"async\" width=\"1920\" height=\"1080\" src=\"https:\/\/38grader.com\/wp-content\/uploads\/2023\/05\/M30_1920x1080_1.jpg\" class=\"bg attachment-original size-original\" alt=\"\" \/>                                    \n                    <\/div>\n\t\t\n        <div class=\"banner-layers container\">\n            <div class=\"fill banner-link\"><\/div>            \n   <div id=\"text-box-114612514\" class=\"text-box banner-layer x5 md-x5 lg-x5 y50 md-y50 lg-y50 res-text\">\n                     <div data-animate=\"blurIn\">           <div class=\"text-box-content text dark\">\n              \n              <div class=\"text-inner text-center\">\n                  \n<p style=\"text-align: left;\"><span style=\"font-size: 130%; color: #33312a;\">POOLTAK<\/span><\/p>\n<h1 class=\"uppercase\" style=\"text-align: left;\"><span style=\"color: #33312a;\">Alpin M30<\/span><\/h1>\n<p style=\"text-align: left;\"><span style=\"font-size: 110%; color: #33312a;\">Stors\u00e4ljaren.<\/span><\/p>\n              <\/div>\n           <\/div>\n       <\/div>                     \n<style>\n#text-box-114612514 .text-box-content {\n  background-color: rgba(234, 231, 223, 0.709);\n  font-size: 100%;\n}\n#text-box-114612514 .text-inner {\n  padding: 30px 30px 30px 30px;\n}\n#text-box-114612514 {\n  width: 44%;\n}\n<\/style>\n    <\/div>\n \n        <\/div>\n      <\/div>\n\n              <div class=\"height-fix is-invisible\"><img decoding=\"async\" width=\"1920\" height=\"1080\" data-src=\"https:\/\/38grader.com\/wp-content\/uploads\/2023\/05\/M30_1920x1080_1.jpg\" class=\"attachment-original size-original lazyload\" alt=\"\" data-srcset=\"https:\/\/38grader.com\/wp-content\/uploads\/2023\/05\/M30_1920x1080_1.jpg 1920w, https:\/\/38grader.com\/wp-content\/uploads\/2023\/05\/M30_1920x1080_1-711x400.jpg 711w, https:\/\/38grader.com\/wp-content\/uploads\/2023\/05\/M30_1920x1080_1-1400x788.jpg 1400w, https:\/\/38grader.com\/wp-content\/uploads\/2023\/05\/M30_1920x1080_1-768x432.jpg 768w, https:\/\/38grader.com\/wp-content\/uploads\/2023\/05\/M30_1920x1080_1-1536x864.jpg 1536w\" data-sizes=\"(max-width: 1920px) 100vw, 1920px\" src=\"data:image\/svg+xml;base64,PHN2ZyB3aWR0aD0iMSIgaGVpZ2h0PSIxIiB4bWxucz0iaHR0cDovL3d3dy53My5vcmcvMjAwMC9zdmciPjwvc3ZnPg==\" style=\"--smush-placeholder-width: 1920px; --smush-placeholder-aspect-ratio: 1920\/1080;\" \/><\/div>\n              <\/div>\n\n\n\t\t<\/div>\n\n\t\t\n<style>\n#section_1693247820 {\n  padding-top: 0px;\n  padding-bottom: 0px;\n  min-height: 350px;\n}\n<\/style>\n\t<\/section>\n\t\n\n\t<section class=\"section show-for-small\" id=\"section_602077010\">\n\t\t<div class=\"section-bg fill\" >\n\t\t\t\t\t\t\t\t\t\n\t\t\t\n\n\t\t<\/div>\n\n\t\t\n\n\t\t<div class=\"section-content relative\">\n\t\t\t\n\n  <div class=\"banner has-hover\" id=\"banner-773769600\">\n          <div class=\"banner-inner fill\">\n        <div class=\"banner-bg fill\" >\n            <img fetchpriority=\"high\" decoding=\"async\" width=\"1920\" height=\"1080\" src=\"https:\/\/38grader.com\/wp-content\/uploads\/2023\/05\/M30_1920x1080_1.jpg\" class=\"bg attachment-original size-original\" alt=\"\" \/>                                    \n                    <\/div>\n\t\t\n        <div class=\"banner-layers container\">\n            <div class=\"fill banner-link\"><\/div>            \n   <div id=\"text-box-93927073\" class=\"text-box banner-layer x5 md-x5 lg-x5 y50 md-y50 lg-y50 res-text\">\n                     <div data-animate=\"blurIn\">           <div class=\"text-box-content text dark\">\n              \n              <div class=\"text-inner text-center\">\n                  \n<p style=\"text-align: left;\"><span style=\"font-size: 100%; color: #33312a;\">POOLTAK<\/span><\/p>\n<h2 class=\"uppercase\" style=\"text-align: left;\"><span style=\"color: #33312a; font-size: 80%;\">Alpin M30<\/span><\/h2>\n<p style=\"text-align: left;\"><span style=\"font-size: 100%; color: #33312a;\">Stors\u00e4ljaren.<\/span><\/p>\n              <\/div>\n           <\/div>\n       <\/div>                     \n<style>\n#text-box-93927073 .text-box-content {\n  background-color: rgba(234, 231, 223, 0.709);\n  font-size: 100%;\n}\n#text-box-93927073 .text-inner {\n  padding: 10px 10px 10px 10px;\n}\n#text-box-93927073 {\n  width: 47%;\n}\n@media (min-width:550px) {\n  #text-box-93927073 .text-inner {\n    padding: 30px 30px 30px 30px;\n  }\n}\n<\/style>\n    <\/div>\n \n        <\/div>\n      <\/div>\n\n              <div class=\"height-fix is-invisible\"><img decoding=\"async\" width=\"1920\" height=\"1080\" data-src=\"https:\/\/38grader.com\/wp-content\/uploads\/2023\/05\/M30_1920x1080_1.jpg\" class=\"attachment-original size-original lazyload\" alt=\"\" data-srcset=\"https:\/\/38grader.com\/wp-content\/uploads\/2023\/05\/M30_1920x1080_1.jpg 1920w, https:\/\/38grader.com\/wp-content\/uploads\/2023\/05\/M30_1920x1080_1-711x400.jpg 711w, https:\/\/38grader.com\/wp-content\/uploads\/2023\/05\/M30_1920x1080_1-1400x788.jpg 1400w, https:\/\/38grader.com\/wp-content\/uploads\/2023\/05\/M30_1920x1080_1-768x432.jpg 768w, https:\/\/38grader.com\/wp-content\/uploads\/2023\/05\/M30_1920x1080_1-1536x864.jpg 1536w\" data-sizes=\"(max-width: 1920px) 100vw, 1920px\" src=\"data:image\/svg+xml;base64,PHN2ZyB3aWR0aD0iMSIgaGVpZ2h0PSIxIiB4bWxucz0iaHR0cDovL3d3dy53My5vcmcvMjAwMC9zdmciPjwvc3ZnPg==\" style=\"--smush-placeholder-width: 1920px; --smush-placeholder-aspect-ratio: 1920\/1080;\" \/><\/div>\n              <\/div>\n\n\n\t\t<\/div>\n\n\t\t\n<style>\n#section_602077010 {\n  padding-top: 0px;\n  padding-bottom: 0px;\n}\n<\/style>\n\t<\/section>\n\t\n<div class=\"row row-full-width align-middle\"  id=\"row-1660693387\">\n\n\t<div id=\"col-1781333446\" class=\"col medium-6 small-12 large-6\"  >\n\t\t\t\t<div class=\"col-inner text-center\"  >\n\t\t\t\n\t\t\t\n\t<div id=\"text-2181076070\" class=\"text\">\n\t\t\n<p><span style=\"font-size: 110%;\">Stors\u00e4ljaren som utseendem\u00e4ssigt kan v\u00e4ljas helt i klarplast. Eller kombineras med b\u00e5de klarplast samt kanalplast . Kanalplast f\u00f6r att dra nytta av de b\u00e4ttre isolerande egenskaperna fr\u00e5n kanalplasten, men \u00e4nda ha bra in och utblick f\u00f6r de badande. <\/span><\/p>\n<p><span style=\"font-size: 110%;\">Alpin pooltak M30 \u00e4r en l\u00e5g modell av pooltak som \u00e4nda kan ha badande under taket.<\/span><\/p>\n<p><span style=\"font-size: 110%;\">Taken \u00f6ver 4,0 meters bredd kan v\u00e4ljas med h\u00f6gre sn\u00f6tyngdsklassningar.<\/span><\/p>\n\t\t\n<style>\n#text-2181076070 {\n  text-align: left;\n}\n<\/style>\n\t<\/div>\n\t\n\t<div id=\"gap-249035370\" class=\"gap-element clearfix\" style=\"display:block; height:auto;\">\n\t\t\n<style>\n#gap-249035370 {\n  padding-top: 30px;\n}\n<\/style>\n\t<\/div>\n\t\n<div class=\"row row-collapse row-full-width align-middle align-center\"  id=\"row-231074194\">\n\n\t<div id=\"col-1292740403\" class=\"col medium-6 small-12 large-6\"  >\n\t\t\t\t<div class=\"col-inner\"  >\n\t\t\t\n\t\t\t\n\t<div id=\"text-3573304136\" class=\"text\">\n\t\t\n<p style=\"text-align: left;\"><span style=\"font-size: 110%;\"><strong>Specifikationer:<\/strong><\/span><br \/><span style=\"font-size: 110%;\">Lucka\/d\u00f6rr: Ja<\/span><br \/><span style=\"font-size: 110%;\">Max l\u00e4ngd: 18,06 m<\/span><br \/><span style=\"font-size: 110%;\">Max bredd: 6,50 m\u00a0<\/span><\/p>\n\t\t\n<style>\n#text-3573304136 {\n  text-align: left;\n}\n<\/style>\n\t<\/div>\n\t\n\t\t<\/div>\n\t\t\t\t\t<\/div>\n\n\t\n\n\t<div id=\"col-916690514\" class=\"col medium-6 small-12 large-6\"  >\n\t\t\t\t<div class=\"col-inner\"  >\n\t\t\t\n\t\t\t\n\t<div class=\"img has-hover x md-x lg-x y md-y lg-y\" id=\"image_988590626\">\n\t\t\t\t\t\t\t\t<div class=\"img-inner dark\" >\n\t\t\t<img decoding=\"async\" width=\"1000\" height=\"362\" data-src=\"https:\/\/38grader.com\/wp-content\/uploads\/2023\/05\/Alpin-pooltak-M30.png\" class=\"attachment-original size-original lazyload\" alt=\"\" data-srcset=\"https:\/\/38grader.com\/wp-content\/uploads\/2023\/05\/Alpin-pooltak-M30.png 1000w, https:\/\/38grader.com\/wp-content\/uploads\/2023\/05\/Alpin-pooltak-M30-800x290.png 800w, https:\/\/38grader.com\/wp-content\/uploads\/2023\/05\/Alpin-pooltak-M30-768x278.png 768w\" data-sizes=\"(max-width: 1000px) 100vw, 1000px\" src=\"data:image\/svg+xml;base64,PHN2ZyB3aWR0aD0iMSIgaGVpZ2h0PSIxIiB4bWxucz0iaHR0cDovL3d3dy53My5vcmcvMjAwMC9zdmciPjwvc3ZnPg==\" style=\"--smush-placeholder-width: 1000px; --smush-placeholder-aspect-ratio: 1000\/362;\" \/>\t\t\t\t\t\t\n\t\t\t\t\t<\/div>\n\t\t\t\t\t\t\t\t\n<style>\n#image_988590626 {\n  width: 100%;\n}\n<\/style>\n\t<\/div>\n\t\n\t\t<\/div>\n\t\t\t\t\t<\/div>\n\n\t\n<\/div>\n\t\t<\/div>\n\t\t\t\t\n<style>\n#col-1781333446 > .col-inner {\n  padding: 0px 10px 0px 10px;\n}\n<\/style>\n\t<\/div>\n\n\t\n\n\t<div id=\"col-1203986948\" class=\"col medium-6 small-12 large-6\"  >\n\t\t\t\t<div class=\"col-inner text-center\"  >\n\t\t\t\n\t\t\t\n<div class=\"slider-wrapper relative\" id=\"slider-1663400064\" >\n    <div class=\"slider slider-nav-dots-dashes slider-nav-simple slider-nav-normal slider-nav-light slider-style-normal\"\n        data-flickity-options='{            \"cellAlign\": \"center\",            \"imagesLoaded\": true,            \"lazyLoad\": 1,            \"freeScroll\": false,            \"wrapAround\": true,            \"autoPlay\": 5000,            \"pauseAutoPlayOnHover\" : true,            \"prevNextButtons\": true,            \"contain\" : true,            \"adaptiveHeight\" : true,            \"dragThreshold\" : 10,            \"percentPosition\": true,            \"pageDots\": true,            \"rightToLeft\": false,            \"draggable\": true,            \"selectedAttraction\": 0.1,            \"parallax\" : 0,            \"friction\": 0.6        }'\n        >\n        \n\n  <div class=\"banner has-hover has-slide-effect slide-fade-in\" id=\"banner-774863996\">\n          <div class=\"banner-inner fill\">\n        <div class=\"banner-bg fill\" >\n            <img decoding=\"async\" width=\"1920\" height=\"1080\" data-src=\"https:\/\/38grader.com\/wp-content\/uploads\/2023\/05\/M30_1920x1080_2.jpg\" class=\"bg attachment-original size-original lazyload\" alt=\"\" src=\"data:image\/svg+xml;base64,PHN2ZyB3aWR0aD0iMSIgaGVpZ2h0PSIxIiB4bWxucz0iaHR0cDovL3d3dy53My5vcmcvMjAwMC9zdmciPjwvc3ZnPg==\" style=\"--smush-placeholder-width: 1920px; --smush-placeholder-aspect-ratio: 1920\/1080;\" \/>                                    \n                    <\/div>\n\t\t\n        <div class=\"banner-layers container\">\n            <div class=\"fill banner-link\"><\/div>            \n        <\/div>\n      <\/div>\n\n            \n<style>\n#banner-774863996 {\n  padding-top: 56.25%;\n}\n<\/style>\n  <\/div>\n\n\n\n  <div class=\"banner has-hover has-slide-effect slide-fade-in\" id=\"banner-1858527372\">\n          <div class=\"banner-inner fill\">\n        <div class=\"banner-bg fill\" >\n            <img decoding=\"async\" width=\"1920\" height=\"1080\" data-src=\"https:\/\/38grader.com\/wp-content\/uploads\/2023\/05\/M30_1920x1080_3.jpg\" class=\"bg attachment-original size-original lazyload\" alt=\"\" src=\"data:image\/svg+xml;base64,PHN2ZyB3aWR0aD0iMSIgaGVpZ2h0PSIxIiB4bWxucz0iaHR0cDovL3d3dy53My5vcmcvMjAwMC9zdmciPjwvc3ZnPg==\" style=\"--smush-placeholder-width: 1920px; --smush-placeholder-aspect-ratio: 1920\/1080;\" \/>                                    \n                    <\/div>\n\t\t\n        <div class=\"banner-layers container\">\n            <div class=\"fill banner-link\"><\/div>            \n        <\/div>\n      <\/div>\n\n            \n<style>\n#banner-1858527372 {\n  padding-top: 56.25%;\n}\n<\/style>\n  <\/div>\n\n\n\n  <div class=\"banner has-hover has-slide-effect slide-fade-in\" id=\"banner-1272465590\">\n          <div class=\"banner-inner fill\">\n        <div class=\"banner-bg fill\" >\n            <img decoding=\"async\" width=\"1920\" height=\"1080\" data-src=\"https:\/\/38grader.com\/wp-content\/uploads\/2023\/05\/M30_1920x1080_4.jpg\" class=\"bg attachment-original size-original lazyload\" alt=\"\" src=\"data:image\/svg+xml;base64,PHN2ZyB3aWR0aD0iMSIgaGVpZ2h0PSIxIiB4bWxucz0iaHR0cDovL3d3dy53My5vcmcvMjAwMC9zdmciPjwvc3ZnPg==\" style=\"--smush-placeholder-width: 1920px; --smush-placeholder-aspect-ratio: 1920\/1080;\" \/>                                    \n                    <\/div>\n\t\t\n        <div class=\"banner-layers container\">\n            <div class=\"fill banner-link\"><\/div>            \n        <\/div>\n      <\/div>\n\n            \n<style>\n#banner-1272465590 {\n  padding-top: 56.25%;\n}\n<\/style>\n  <\/div>\n\n\n\n  <div class=\"banner has-hover has-slide-effect slide-fade-in\" id=\"banner-76357345\">\n          <div class=\"banner-inner fill\">\n        <div class=\"banner-bg fill\" >\n            <img decoding=\"async\" width=\"1920\" height=\"1080\" data-src=\"https:\/\/38grader.com\/wp-content\/uploads\/2023\/05\/M30_1920x1080_5.jpg\" class=\"bg attachment-original size-original lazyload\" alt=\"\" src=\"data:image\/svg+xml;base64,PHN2ZyB3aWR0aD0iMSIgaGVpZ2h0PSIxIiB4bWxucz0iaHR0cDovL3d3dy53My5vcmcvMjAwMC9zdmciPjwvc3ZnPg==\" style=\"--smush-placeholder-width: 1920px; --smush-placeholder-aspect-ratio: 1920\/1080;\" \/>                                    \n                    <\/div>\n\t\t\n        <div class=\"banner-layers container\">\n            <div class=\"fill banner-link\"><\/div>            \n        <\/div>\n      <\/div>\n\n            \n<style>\n#banner-76357345 {\n  padding-top: 56.25%;\n}\n<\/style>\n  <\/div>\n\n\n\n  <div class=\"banner has-hover has-slide-effect slide-fade-in\" id=\"banner-1520071405\">\n          <div class=\"banner-inner fill\">\n        <div class=\"banner-bg fill\" >\n            <img decoding=\"async\" width=\"1920\" height=\"1080\" data-src=\"https:\/\/38grader.com\/wp-content\/uploads\/2023\/05\/M30_1920x1080.jpg\" class=\"bg attachment-original size-original lazyload\" alt=\"\" src=\"data:image\/svg+xml;base64,PHN2ZyB3aWR0aD0iMSIgaGVpZ2h0PSIxIiB4bWxucz0iaHR0cDovL3d3dy53My5vcmcvMjAwMC9zdmciPjwvc3ZnPg==\" style=\"--smush-placeholder-width: 1920px; --smush-placeholder-aspect-ratio: 1920\/1080;\" \/>                                    \n                    <\/div>\n\t\t\n        <div class=\"banner-layers container\">\n            <div class=\"fill banner-link\"><\/div>            \n        <\/div>\n      <\/div>\n\n            \n<style>\n#banner-1520071405 {\n  padding-top: 56.25%;\n}\n<\/style>\n  <\/div>\n\n\n     <\/div>\n\n     <div class=\"loading-spin dark large centered\"><\/div>\n\n\t<\/div>\n\n\n\t\t<\/div>\n\t\t\t\t\t<\/div>\n\n\t\n<\/div>\n\n\t<section class=\"section dark hide-for-small\" id=\"section_1124711417\">\n\t\t<div class=\"section-bg fill\" >\n\t\t\t\t\t\t\t\t\t\n\t\t\t\n\n\t\t<\/div>\n\n\t\t\n\n\t\t<div class=\"section-content relative\">\n\t\t\t\n<div class=\"row\"  id=\"row-1229580274\">\n\n\t<div id=\"col-1312827036\" class=\"col small-12 large-12\"  >\n\t\t\t\t<div class=\"col-inner text-center\"  >\n\t\t\t\n\t\t\t\n\t<div id=\"gap-47580070\" class=\"gap-element clearfix\" style=\"display:block; height:auto;\">\n\t\t\n<style>\n#gap-47580070 {\n  padding-top: 35px;\n}\n<\/style>\n\t<\/div>\n\t\n\t<div id=\"text-2224804738\" class=\"text\">\n\t\t\n<h2>Vi hj\u00e4lper dig att v\u00e4lja r\u00e4tt pooltak\u00a0<\/h2>\n\t\t\n<style>\n#text-2224804738 {\n  font-size: 1.5rem;\n  text-align: center;\n  color: #eae7df;\n}\n#text-2224804738 > * {\n  color: #eae7df;\n}\n@media (min-width:550px) {\n  #text-2224804738 {\n    font-size: 1.5rem;\n  }\n}\n<\/style>\n\t<\/div>\n\t\n\t<div id=\"gap-55017128\" class=\"gap-element clearfix\" style=\"display:block; height:auto;\">\n\t\t\n<style>\n#gap-55017128 {\n  padding-top: 30px;\n}\n<\/style>\n\t<\/div>\n\t\n<a href=\"https:\/\/38grader.com\/en\/kontakt\/\" class=\"button white is-outline\" style=\"padding:5px 30px 5px 30px;\">\n\t\t<span>Contact us<\/span>\n\t<\/a>\n\n\t\t<\/div>\n\t\t\t\t\t<\/div>\n\n\t\n<\/div>\n\t\t<\/div>\n\n\t\t\n<style>\n#section_1124711417 {\n  padding-top: 30px;\n  padding-bottom: 30px;\n  background-color: rgb(51, 49, 42);\n}\n<\/style>\n\t<\/section>\n\t\n\n\t<section class=\"section dark show-for-small\" id=\"section_1662647202\">\n\t\t<div class=\"section-bg fill\" >\n\t\t\t\t\t\t\t\t\t\n\t\t\t\n\n\t\t<\/div>\n\n\t\t\n\n\t\t<div class=\"section-content relative\">\n\t\t\t\n<div class=\"row\"  id=\"row-2012154517\">\n\n\t<div id=\"col-553408430\" class=\"col small-12 large-12\"  >\n\t\t\t\t<div class=\"col-inner text-center\"  >\n\t\t\t\n\t\t\t\n\t<div id=\"gap-1317648151\" class=\"gap-element clearfix\" style=\"display:block; height:auto;\">\n\t\t\n<style>\n#gap-1317648151 {\n  padding-top: 35px;\n}\n<\/style>\n\t<\/div>\n\t\n\t<div id=\"text-138526955\" class=\"text\">\n\t\t\n<h2>Vi hj\u00e4lper dig att<br \/>v\u00e4lja r\u00e4tt pooltak\u00a0<\/h2>\n\t\t\n<style>\n#text-138526955 {\n  font-size: 1.2rem;\n  text-align: center;\n  color: #eae7df;\n}\n#text-138526955 > * {\n  color: #eae7df;\n}\n@media (min-width:550px) {\n  #text-138526955 {\n    font-size: 1.5rem;\n  }\n}\n<\/style>\n\t<\/div>\n\t\n\t<div id=\"gap-1267078333\" class=\"gap-element clearfix\" style=\"display:block; height:auto;\">\n\t\t\n<style>\n#gap-1267078333 {\n  padding-top: 30px;\n}\n<\/style>\n\t<\/div>\n\t\n<a href=\"https:\/\/38grader.com\/en\/kontakt\/\" class=\"button white is-outline is-smaller\" style=\"padding:5px 30px 5px 30px;\">\n\t\t<span>Contact us<\/span>\n\t<\/a>\n\n\t\t<\/div>\n\t\t\t\t\t<\/div>\n\n\t\n<\/div>\n\t\t<\/div>\n\n\t\t\n<style>\n#section_1662647202 {\n  padding-top: 30px;\n  padding-bottom: 30px;\n  background-color: rgb(51, 49, 42);\n}\n<\/style>\n\t<\/section>","protected":false},"excerpt":{"rendered":"","protected":false},"author":1,"featured_media":0,"parent":9062,"menu_order":0,"comment_status":"closed","ping_status":"closed","template":"page-transparent-header-light.php","meta":{"footnotes":""},"class_list":["post-9418","page","type-page","status-publish","hentry"],"yoast_head":"<!-- This site is optimized with the Yoast SEO Premium plugin v24.7 (Yoast SEO v27.4) - https:\/\/yoast.com\/product\/yoast-seo-premium-wordpress\/ -->\n<title>Pooltak Alpin M30 -<\/title>\n<meta name=\"robots\" content=\"index, follow, max-snippet:-1, max-image-preview:large, max-video-preview:-1\" \/>\n<link rel=\"canonical\" href=\"https:\/\/38grader.com\/en\/compass-pools\/pooltak\/pooltak-alpin-m30\/\" \/>\n<meta property=\"og:locale\" content=\"en_US\" \/>\n<meta property=\"og:type\" content=\"article\" \/>\n<meta property=\"og:title\" content=\"Pooltak Alpin M30\" \/>\n<meta property=\"og:url\" content=\"https:\/\/38grader.com\/en\/compass-pools\/pooltak\/pooltak-alpin-m30\/\" \/>\n<meta property=\"article:publisher\" content=\"https:\/\/www.facebook.com\/38grader\/?ref=pages_you_manage\" \/>\n<meta property=\"article:modified_time\" content=\"2023-05-03T09:05:23+00:00\" \/>\n<meta property=\"og:image\" content=\"https:\/\/38grader.com\/wp-content\/uploads\/2022\/08\/Elegant_Miljo_960x960.jpg\" \/>\n\t<meta property=\"og:image:width\" content=\"960\" \/>\n\t<meta property=\"og:image:height\" content=\"960\" \/>\n\t<meta property=\"og:image:type\" content=\"image\/jpeg\" \/>\n<meta name=\"twitter:card\" content=\"summary_large_image\" \/>\n<meta name=\"twitter:label1\" content=\"Est. reading time\" \/>\n\t<meta name=\"twitter:data1\" content=\"2 minutes\" \/>\n<script type=\"application\/ld+json\" class=\"yoast-schema-graph\">{\"@context\":\"https:\\\/\\\/schema.org\",\"@graph\":[{\"@type\":\"WebPage\",\"@id\":\"https:\\\/\\\/38grader.com\\\/compass-pools\\\/pooltak\\\/pooltak-alpin-m30\\\/\",\"url\":\"https:\\\/\\\/38grader.com\\\/compass-pools\\\/pooltak\\\/pooltak-alpin-m30\\\/\",\"name\":\"Pooltak Alpin M30 -\",\"isPartOf\":{\"@id\":\"https:\\\/\\\/38grader.com\\\/#website\"},\"datePublished\":\"2023-05-02T13:17:15+00:00\",\"dateModified\":\"2023-05-03T09:05:23+00:00\",\"breadcrumb\":{\"@id\":\"https:\\\/\\\/38grader.com\\\/compass-pools\\\/pooltak\\\/pooltak-alpin-m30\\\/#breadcrumb\"},\"inLanguage\":\"en-US\",\"potentialAction\":[{\"@type\":\"ReadAction\",\"target\":[\"https:\\\/\\\/38grader.com\\\/compass-pools\\\/pooltak\\\/pooltak-alpin-m30\\\/\"]}]},{\"@type\":\"BreadcrumbList\",\"@id\":\"https:\\\/\\\/38grader.com\\\/compass-pools\\\/pooltak\\\/pooltak-alpin-m30\\\/#breadcrumb\",\"itemListElement\":[{\"@type\":\"ListItem\",\"position\":1,\"name\":\"Hem\",\"item\":\"https:\\\/\\\/38grader.com\\\/\"},{\"@type\":\"ListItem\",\"position\":2,\"name\":\"Compass pools\",\"item\":\"https:\\\/\\\/38grader.com\\\/compass-pools\\\/\"},{\"@type\":\"ListItem\",\"position\":3,\"name\":\"Alpin pooltak\",\"item\":\"https:\\\/\\\/38grader.com\\\/compass-pools\\\/pooltak\\\/\"},{\"@type\":\"ListItem\",\"position\":4,\"name\":\"Pooltak Alpin M30\"}]},{\"@type\":\"WebSite\",\"@id\":\"https:\\\/\\\/38grader.com\\\/#website\",\"url\":\"https:\\\/\\\/38grader.com\\\/\",\"name\":\"\",\"description\":\"Du kan bara slappna av. Vi l\u00f6ser det!\",\"publisher\":{\"@id\":\"https:\\\/\\\/38grader.com\\\/#organization\"},\"potentialAction\":[{\"@type\":\"SearchAction\",\"target\":{\"@type\":\"EntryPoint\",\"urlTemplate\":\"https:\\\/\\\/38grader.com\\\/?s={search_term_string}\"},\"query-input\":{\"@type\":\"PropertyValueSpecification\",\"valueRequired\":true,\"valueName\":\"search_term_string\"}}],\"inLanguage\":\"en-US\"},{\"@type\":\"Organization\",\"@id\":\"https:\\\/\\\/38grader.com\\\/#organization\",\"name\":\"38 grader AB\",\"url\":\"https:\\\/\\\/38grader.com\\\/\",\"logo\":{\"@type\":\"ImageObject\",\"inLanguage\":\"en-US\",\"@id\":\"https:\\\/\\\/38grader.com\\\/#\\\/schema\\\/logo\\\/image\\\/\",\"url\":\"https:\\\/\\\/38grader.com\\\/wp-content\\\/uploads\\\/2021\\\/05\\\/Logo-152.png\",\"contentUrl\":\"https:\\\/\\\/38grader.com\\\/wp-content\\\/uploads\\\/2021\\\/05\\\/Logo-152.png\",\"width\":152,\"height\":152,\"caption\":\"38 grader AB\"},\"image\":{\"@id\":\"https:\\\/\\\/38grader.com\\\/#\\\/schema\\\/logo\\\/image\\\/\"},\"sameAs\":[\"https:\\\/\\\/www.facebook.com\\\/38grader\\\/?ref=pages_you_manage\",\"https:\\\/\\\/www.instagram.com\\\/38_grader\\\/\"]}]}<\/script>\n<!-- \/ Yoast SEO Premium plugin. -->","yoast_head_json":{"title":"Pooltak Alpin M30 -","robots":{"index":"index","follow":"follow","max-snippet":"max-snippet:-1","max-image-preview":"max-image-preview:large","max-video-preview":"max-video-preview:-1"},"canonical":"https:\/\/38grader.com\/en\/compass-pools\/pooltak\/pooltak-alpin-m30\/","og_locale":"en_US","og_type":"article","og_title":"Pooltak Alpin M30","og_url":"https:\/\/38grader.com\/en\/compass-pools\/pooltak\/pooltak-alpin-m30\/","article_publisher":"https:\/\/www.facebook.com\/38grader\/?ref=pages_you_manage","article_modified_time":"2023-05-03T09:05:23+00:00","og_image":[{"width":960,"height":960,"url":"https:\/\/38grader.com\/wp-content\/uploads\/2022\/08\/Elegant_Miljo_960x960.jpg","type":"image\/jpeg"}],"twitter_card":"summary_large_image","twitter_misc":{"Est. reading time":"2 minutes"},"schema":{"@context":"https:\/\/schema.org","@graph":[{"@type":"WebPage","@id":"https:\/\/38grader.com\/compass-pools\/pooltak\/pooltak-alpin-m30\/","url":"https:\/\/38grader.com\/compass-pools\/pooltak\/pooltak-alpin-m30\/","name":"Pooltak Alpin M30 -","isPartOf":{"@id":"https:\/\/38grader.com\/#website"},"datePublished":"2023-05-02T13:17:15+00:00","dateModified":"2023-05-03T09:05:23+00:00","breadcrumb":{"@id":"https:\/\/38grader.com\/compass-pools\/pooltak\/pooltak-alpin-m30\/#breadcrumb"},"inLanguage":"en-US","potentialAction":[{"@type":"ReadAction","target":["https:\/\/38grader.com\/compass-pools\/pooltak\/pooltak-alpin-m30\/"]}]},{"@type":"BreadcrumbList","@id":"https:\/\/38grader.com\/compass-pools\/pooltak\/pooltak-alpin-m30\/#breadcrumb","itemListElement":[{"@type":"ListItem","position":1,"name":"Hem","item":"https:\/\/38grader.com\/"},{"@type":"ListItem","position":2,"name":"Compass pools","item":"https:\/\/38grader.com\/compass-pools\/"},{"@type":"ListItem","position":3,"name":"Alpin pooltak","item":"https:\/\/38grader.com\/compass-pools\/pooltak\/"},{"@type":"ListItem","position":4,"name":"Pooltak Alpin M30"}]},{"@type":"WebSite","@id":"https:\/\/38grader.com\/#website","url":"https:\/\/38grader.com\/","name":"","description":"You can just relax. We&#039;ll handle it!","publisher":{"@id":"https:\/\/38grader.com\/#organization"},"potentialAction":[{"@type":"SearchAction","target":{"@type":"EntryPoint","urlTemplate":"https:\/\/38grader.com\/?s={search_term_string}"},"query-input":{"@type":"PropertyValueSpecification","valueRequired":true,"valueName":"search_term_string"}}],"inLanguage":"en-US"},{"@type":"Organization","@id":"https:\/\/38grader.com\/#organization","name":"38 degrees AB","url":"https:\/\/38grader.com\/","logo":{"@type":"ImageObject","inLanguage":"en-US","@id":"https:\/\/38grader.com\/#\/schema\/logo\/image\/","url":"https:\/\/38grader.com\/wp-content\/uploads\/2021\/05\/Logo-152.png","contentUrl":"https:\/\/38grader.com\/wp-content\/uploads\/2021\/05\/Logo-152.png","width":152,"height":152,"caption":"38 grader AB"},"image":{"@id":"https:\/\/38grader.com\/#\/schema\/logo\/image\/"},"sameAs":["https:\/\/www.facebook.com\/38grader\/?ref=pages_you_manage","https:\/\/www.instagram.com\/38_grader\/"]}]}},"_links":{"self":[{"href":"https:\/\/38grader.com\/en\/wp-json\/wp\/v2\/pages\/9418","targetHints":{"allow":["GET"]}}],"collection":[{"href":"https:\/\/38grader.com\/en\/wp-json\/wp\/v2\/pages"}],"about":[{"href":"https:\/\/38grader.com\/en\/wp-json\/wp\/v2\/types\/page"}],"author":[{"embeddable":true,"href":"https:\/\/38grader.com\/en\/wp-json\/wp\/v2\/users\/1"}],"replies":[{"embeddable":true,"href":"https:\/\/38grader.com\/en\/wp-json\/wp\/v2\/comments?post=9418"}],"version-history":[{"count":7,"href":"https:\/\/38grader.com\/en\/wp-json\/wp\/v2\/pages\/9418\/revisions"}],"predecessor-version":[{"id":9482,"href":"https:\/\/38grader.com\/en\/wp-json\/wp\/v2\/pages\/9418\/revisions\/9482"}],"up":[{"embeddable":true,"href":"https:\/\/38grader.com\/en\/wp-json\/wp\/v2\/pages\/9062"}],"wp:attachment":[{"href":"https:\/\/38grader.com\/en\/wp-json\/wp\/v2\/media?parent=9418"}],"curies":[{"name":"wp","href":"https:\/\/api.w.org\/{rel}","templated":true}]}}