{"id":7974,"date":"2023-03-04T12:31:50","date_gmt":"2023-03-04T10:31:50","guid":{"rendered":"https:\/\/38grader.com\/?page_id=7974"},"modified":"2023-04-10T15:56:16","modified_gmt":"2023-04-10T13:56:16","slug":"pool","status":"publish","type":"page","link":"https:\/\/38grader.com\/en\/pool\/","title":{"rendered":"Pool"},"content":{"rendered":"<div class=\"slider-wrapper relative hide-for-small\" id=\"slider-1100102355\" >\n    <div class=\"slider slider-nav-reveal slider-nav-normal slider-nav-light slider-style-normal\"\n        data-flickity-options='{            \"cellAlign\": \"center\",            \"imagesLoaded\": true,            \"lazyLoad\": 1,            \"freeScroll\": false,            \"wrapAround\": true,            \"autoPlay\": 6000,            \"pauseAutoPlayOnHover\" : true,            \"prevNextButtons\": false,            \"contain\" : true,            \"adaptiveHeight\" : true,            \"dragThreshold\" : 10,            \"percentPosition\": true,            \"pageDots\": false,            \"rightToLeft\": false,            \"draggable\": true,            \"selectedAttraction\": 0.1,            \"parallax\" : 0,            \"friction\": 0.6        }'\n        >\n        \n\n  <div class=\"banner has-hover is-full-height\" id=\"banner-1490151094\">\n          <div class=\"banner-inner fill\">\n        <div class=\"banner-bg fill\" >\n            <img fetchpriority=\"high\" decoding=\"async\" width=\"1020\" height=\"574\" src=\"https:\/\/38grader.com\/wp-content\/uploads\/2023\/03\/Imaginox-pool-story-1-1_1920x1080-1400x788.jpg\" class=\"bg attachment-large size-large\" alt=\"\" \/>                        <div class=\"overlay\"><\/div>            \n                    <\/div>\n\t\t\n        <div class=\"banner-layers container\">\n            <div class=\"fill banner-link\"><\/div>            \n   <div id=\"text-box-691445949\" class=\"text-box banner-layer x50 md-x50 lg-x50 y50 md-y50 lg-y50 res-text\">\n              <div data-parallax=\"-1\" data-parallax-fade=\"true\">       <div data-animate=\"bounceIn\">           <div class=\"text-box-content text dark\">\n              \n              <div class=\"text-inner text-center\">\n                  \n<h1 class=\"uppercase\" style=\"text-align: left;\"><span style=\"font-size: 130%; color: #ffffff;\" data-line-height=\"xs\">SWIMMINGPOOL<\/span><\/h1>\n<p style=\"text-align: left;\"><span style=\"font-size: 130%;\">Ett unikt utbud av premiumpooler.<\/span><\/p>\n<p style=\"text-align: left;\"><span style=\"font-size: 130%;\">Kompositpooler fr\u00e5n Compass Pools med 40 \u00e5rs garanti. Minimalt underh\u00e5ll kombinerat med uts\u00f6kt design och maximal kvalitet.<\/span><\/p>\n<p style=\"text-align: left;\"><span style=\"font-size: 130%;\"> Rostfria pooler och spa fr\u00e5n Imaginox. Skr\u00e4ddarsydda, unika l\u00f6sningar samt i ett antal standardutf\u00f6randen. <\/span><\/p>\n<p style=\"text-align: left;\"><span style=\"font-size: 130%;\">Alla poolprojekt levereras med fokus p\u00e5 h\u00f6gsta kvalitet och service &#8211; absolut premiumkvalitet.\u00a0<\/span><\/p>\n<p style=\"text-align: left;\"><span style=\"font-size: 130%;\">Om du vill hj\u00e4lper vi dig med alla delar i projektet. Det g\u00f6r att du slipper bekymret med en pool som levereras i m\u00e5nga olika faser och delar. Vi erbjuder sj\u00e4lvklart totalentreprenad f\u00f6r er installation. D\u00e5 sk\u00f6ter vi till exempel tr\u00e4dg\u00e5rdsplanering, gr\u00e4vning\/markarbeten och installation av er nya pool.<\/span><\/p>\n<p style=\"text-align: left;\">\u00a0<\/p>\n<p style=\"text-align: left;\"><span style=\"font-size: 130%;\">Med andra ord, du kan bara slappna av. Vi l\u00f6ser det!<\/span><\/p>\n              <\/div>\n           <\/div>\n       <\/div>       <\/div>              \n<style>\n#text-box-691445949 {\n  width: 80%;\n}\n#text-box-691445949 .text-box-content {\n  font-size: 100%;\n}\n@media (min-width:550px) {\n  #text-box-691445949 {\n    width: 66%;\n  }\n}\n<\/style>\n    <\/div>\n \n        <\/div>\n      <\/div>\n\n            \n<style>\n#banner-1490151094 {\n  padding-top: 100%;\n}\n#banner-1490151094 .overlay {\n  background-color: rgba(0, 0, 0, 0.5);\n}\n#banner-1490151094 .banner-bg img {\n  object-position: 68% 27%;\n}\n<\/style>\n  <\/div>\n\n\n     <\/div>\n\n     <div class=\"loading-spin dark large centered\"><\/div>\n\n\t<\/div>\n\n\n<div class=\"slider-wrapper relative show-for-small\" id=\"slider-1086898626\" >\n    <div class=\"slider slider-nav-reveal slider-nav-normal slider-nav-light slider-style-normal\"\n        data-flickity-options='{            \"cellAlign\": \"center\",            \"imagesLoaded\": true,            \"lazyLoad\": 1,            \"freeScroll\": false,            \"wrapAround\": true,            \"autoPlay\": 6000,            \"pauseAutoPlayOnHover\" : true,            \"prevNextButtons\": false,            \"contain\" : true,            \"adaptiveHeight\" : true,            \"dragThreshold\" : 10,            \"percentPosition\": true,            \"pageDots\": false,            \"rightToLeft\": false,            \"draggable\": true,            \"selectedAttraction\": 0.1,            \"parallax\" : 0,            \"friction\": 0.6        }'\n        >\n        \n\n  <div class=\"banner has-hover is-full-height\" id=\"banner-1431151872\">\n          <div class=\"banner-inner fill\">\n        <div class=\"banner-bg fill\" >\n            <img decoding=\"async\" width=\"1920\" height=\"1080\" data-src=\"https:\/\/38grader.com\/wp-content\/uploads\/2023\/03\/Imaginox-pool-story-1-1_1920x1080.jpg\" class=\"bg attachment-original size-original lazyload\" alt=\"\" src=\"data:image\/svg+xml;base64,PHN2ZyB3aWR0aD0iMSIgaGVpZ2h0PSIxIiB4bWxucz0iaHR0cDovL3d3dy53My5vcmcvMjAwMC9zdmciPjwvc3ZnPg==\" style=\"--smush-placeholder-width: 1920px; --smush-placeholder-aspect-ratio: 1920\/1080;\" \/>                        <div class=\"overlay\"><\/div>            \n                    <\/div>\n\t\t\n        <div class=\"banner-layers container\">\n            <div class=\"fill banner-link\"><\/div>            \n   <div id=\"text-box-564973757\" class=\"text-box banner-layer x50 md-x50 lg-x50 y50 md-y50 lg-y50 res-text\">\n              <div data-parallax=\"-1\" data-parallax-fade=\"true\">       <div data-animate=\"bounceIn\">           <div class=\"text-box-content text dark\">\n              \n              <div class=\"text-inner text-center\">\n                  \n<h2 class=\"uppercase\" style=\"text-align: left;\"><span style=\"font-size: 110%; color: #ffffff;\" data-line-height=\"xs\">SWIMMINGPOOL<\/span><\/h2>\n<p style=\"text-align: left;\"><span style=\"font-size: 130%;\">Ett unikt utbud av premiumpooler.<\/span><\/p>\n<p style=\"text-align: left;\"><span style=\"font-size: 130%;\">Kompositpooler fr\u00e5n Compass Pools med 40 \u00e5rs garanti. Minimalt underh\u00e5ll kombinerat med uts\u00f6kt design och maximal kvalitet.<\/span><\/p>\n<p style=\"text-align: left;\"><span style=\"font-size: 130%;\"> Rostfria pooler och spa fr\u00e5n Imaginox. Skr\u00e4ddarsydda, unika l\u00f6sningar samt i ett antal standardutf\u00f6randen. <\/span><\/p>\n<p style=\"text-align: left;\"><span style=\"font-size: 130%;\">Alla poolprojekt levereras med fokus p\u00e5 h\u00f6gsta kvalitet och service &#8211; absolut premiumkvalitet.\u00a0<\/span><\/p>\n<p style=\"text-align: left;\"><span style=\"font-size: 130%;\">Om du vill hj\u00e4lper vi dig med alla delar i projektet. Det g\u00f6r att du slipper bekymret med en pool som levereras i m\u00e5nga olika faser och delar. Vi erbjuder sj\u00e4lvklart totalentreprenad f\u00f6r er installation. D\u00e5 sk\u00f6ter vi till exempel tr\u00e4dg\u00e5rdsplanering, gr\u00e4vning\/markarbeten och installation av er nya pool.<\/span><\/p>\n<p style=\"text-align: left;\">\u00a0<\/p>\n<p style=\"text-align: left;\"><span style=\"font-size: 130%;\">Med andra ord, du kan bara slappna av. Vi l\u00f6ser det!<\/span><\/p>\n              <\/div>\n           <\/div>\n       <\/div>       <\/div>              \n<style>\n#text-box-564973757 {\n  width: 80%;\n}\n#text-box-564973757 .text-box-content {\n  font-size: 100%;\n}\n@media (min-width:550px) {\n  #text-box-564973757 {\n    width: 66%;\n  }\n}\n<\/style>\n    <\/div>\n \n        <\/div>\n      <\/div>\n\n            \n<style>\n#banner-1431151872 {\n  padding-top: 100%;\n}\n#banner-1431151872 .overlay {\n  background-color: rgba(0, 0, 0, 0.5);\n}\n#banner-1431151872 .banner-bg img {\n  object-position: 55% 35%;\n}\n<\/style>\n  <\/div>\n\n\n     <\/div>\n\n     <div class=\"loading-spin dark large centered\"><\/div>\n\n\t<\/div>\n\n\n<div class=\"row row-small row-full-width align-center row-divided\"  id=\"row-1422431699\">\n\n\t<div id=\"col-2035905872\" class=\"col medium-4 small-12 large-4\"  >\n\t\t\t\t<div class=\"col-inner\"  >\n\t\t\t\n\t\t\t\n\n  <div class=\"banner has-hover bg-zoom-fade\" id=\"banner-1907092709\">\n          <div class=\"banner-inner fill\">\n        <div class=\"banner-bg fill\" >\n            <img decoding=\"async\" width=\"960\" height=\"960\" data-src=\"https:\/\/38grader.com\/wp-content\/uploads\/2023\/03\/fastlaneNova_960x960.jpg\" class=\"bg attachment-original size-original lazyload\" alt=\"\" src=\"data:image\/svg+xml;base64,PHN2ZyB3aWR0aD0iMSIgaGVpZ2h0PSIxIiB4bWxucz0iaHR0cDovL3d3dy53My5vcmcvMjAwMC9zdmciPjwvc3ZnPg==\" style=\"--smush-placeholder-width: 960px; --smush-placeholder-aspect-ratio: 960\/960;\" \/>                        <div class=\"overlay\"><\/div>            \n                    <\/div>\n\t\t\n        <div class=\"banner-layers container\">\n            <div class=\"fill banner-link\"><\/div>            \n\t<div class=\"img has-hover x50 md-x50 lg-x50 y50 md-y50 lg-y50\" id=\"image_1693590035\">\n\t\t\t\t\t\t<div data-animate=\"blurIn\">\t\t<div class=\"img-inner dark\" style=\"margin:0px 0px 0px 0px;\">\n\t\t\t<img decoding=\"async\" width=\"640\" height=\"190\" data-src=\"https:\/\/38grader.com\/wp-content\/uploads\/2023\/03\/Compass_logo_CMYK_white_640px-1.png\" class=\"attachment-large size-large lazyload\" alt=\"\" src=\"data:image\/svg+xml;base64,PHN2ZyB3aWR0aD0iMSIgaGVpZ2h0PSIxIiB4bWxucz0iaHR0cDovL3d3dy53My5vcmcvMjAwMC9zdmciPjwvc3ZnPg==\" style=\"--smush-placeholder-width: 640px; --smush-placeholder-aspect-ratio: 640\/190;\" \/>\t\t\t\t\t\t\n\t\t\t\t\t<\/div>\n\t\t<\/div>\t\t\t\t\t\t\n<style>\n#image_1693590035 {\n  width: 60%;\n}\n<\/style>\n\t<\/div>\n\t\n   <div id=\"text-box-527736547\" class=\"text-box banner-layer x50 md-x50 lg-x50 y95 md-y95 lg-y95 res-text\">\n                     <div data-animate=\"blurIn\">           <div class=\"text-box-content text dark\">\n              \n              <div class=\"text-inner text-center\">\n                  \n<p><span style=\"font-size: 180%;\"><strong>Kompositpooler<\/strong><\/span><\/p>\n\t<div id=\"gap-1148087559\" class=\"gap-element clearfix\" style=\"display:block; height:auto;\">\n\t\t\n<style>\n#gap-1148087559 {\n  padding-top: 75px;\n}\n<\/style>\n\t<\/div>\n\t\n<a data-animate=\"blurIn\" href=\"https:\/\/38grader.com\/en\/compass-pools\/\" class=\"button white is-outline is-larger\" style=\"padding:5px 20px 5px 20px;\">\n\t\t<span>Read more<\/span>\n\t<\/a>\n\n              <\/div>\n           <\/div>\n       <\/div>                     \n<style>\n#text-box-527736547 {\n  width: 78%;\n}\n#text-box-527736547 .text-box-content {\n  font-size: 116%;\n}\n<\/style>\n    <\/div>\n \n        <\/div>\n      <\/div>\n\n            \n<style>\n#banner-1907092709 {\n  padding-top: 480px;\n}\n#banner-1907092709 .overlay {\n  background-color: rgba(0, 0, 0, 0.506);\n}\n#banner-1907092709 .banner-bg img {\n  object-position: 42% 18%;\n}\n<\/style>\n  <\/div>\n\n\n\t\t<\/div>\n\t\t\t\t\t<\/div>\n\n\t\n\n\t<div id=\"col-1184962405\" class=\"col medium-4 small-12 large-4\"  >\n\t\t\t\t<div class=\"col-inner\"  >\n\t\t\t\n\t\t\t\n\n  <div class=\"banner has-hover bg-zoom-fade\" id=\"banner-1512991082\">\n          <div class=\"banner-inner fill\">\n        <div class=\"banner-bg fill\" >\n            <img decoding=\"async\" width=\"960\" height=\"960\" data-src=\"https:\/\/38grader.com\/wp-content\/uploads\/2023\/03\/imagnox_960x960.jpg\" class=\"bg attachment-original size-original lazyload\" alt=\"\" src=\"data:image\/svg+xml;base64,PHN2ZyB3aWR0aD0iMSIgaGVpZ2h0PSIxIiB4bWxucz0iaHR0cDovL3d3dy53My5vcmcvMjAwMC9zdmciPjwvc3ZnPg==\" style=\"--smush-placeholder-width: 960px; --smush-placeholder-aspect-ratio: 960\/960;\" \/>                        <div class=\"overlay\"><\/div>            \n                    <\/div>\n\t\t\n        <div class=\"banner-layers container\">\n            <div class=\"fill banner-link\"><\/div>            \n\t<div class=\"img has-hover x50 md-x50 lg-x50 y50 md-y50 lg-y50\" id=\"image_26592571\">\n\t\t\t\t\t\t<div data-animate=\"blurIn\">\t\t<div class=\"img-inner dark\" >\n\t\t\t<img decoding=\"async\" width=\"640\" height=\"85\" data-src=\"https:\/\/38grader.com\/wp-content\/uploads\/2023\/03\/Imaginox-logo-CMYK_White_640.png\" class=\"attachment-large size-large lazyload\" alt=\"\" src=\"data:image\/svg+xml;base64,PHN2ZyB3aWR0aD0iMSIgaGVpZ2h0PSIxIiB4bWxucz0iaHR0cDovL3d3dy53My5vcmcvMjAwMC9zdmciPjwvc3ZnPg==\" style=\"--smush-placeholder-width: 640px; --smush-placeholder-aspect-ratio: 640\/85;\" \/>\t\t\t\t\t\t\n\t\t\t\t\t<\/div>\n\t\t<\/div>\t\t\t\t\t\t\n<style>\n#image_26592571 {\n  width: 60%;\n}\n<\/style>\n\t<\/div>\n\t\n   <div id=\"text-box-1385297711\" class=\"text-box banner-layer x50 md-x50 lg-x50 y95 md-y95 lg-y95 res-text\">\n                     <div data-animate=\"blurIn\">           <div class=\"text-box-content text dark\">\n              \n              <div class=\"text-inner text-center\">\n                  \n<p><span style=\"font-size: 180%;\"><strong>Rostfria pooler<\/strong><\/span><\/p>\n\t<div id=\"gap-904860828\" class=\"gap-element clearfix\" style=\"display:block; height:auto;\">\n\t\t\n<style>\n#gap-904860828 {\n  padding-top: 75px;\n}\n<\/style>\n\t<\/div>\n\t\n<a data-animate=\"blurIn\" href=\"https:\/\/38grader.com\/en\/pool\/imaginox\/\" class=\"button white is-outline is-larger\" style=\"padding:5px 20px 5px 20px;\">\n\t\t<span>L\u00c4S MER<\/span>\n\t<\/a>\n\n              <\/div>\n           <\/div>\n       <\/div>                     \n<style>\n#text-box-1385297711 {\n  width: 78%;\n}\n#text-box-1385297711 .text-box-content {\n  font-size: 116%;\n}\n<\/style>\n    <\/div>\n \n        <\/div>\n      <\/div>\n\n            \n<style>\n#banner-1512991082 {\n  padding-top: 480px;\n}\n#banner-1512991082 .overlay {\n  background-color: rgba(0, 0, 0, 0.5);\n}\n#banner-1512991082 .banner-bg img {\n  object-position: 50% 57%;\n}\n<\/style>\n  <\/div>\n\n\n\t\t<\/div>\n\t\t\t\t\t<\/div>\n\n\t\n<\/div>\n<div class=\"row align-center\"  id=\"row-1437594194\">\n\n\t<div id=\"col-1214132876\" class=\"col small-12 large-12\"  data-animate=\"blurIn\">\n\t\t\t\t<div class=\"col-inner text-center\"  >\n\t\t\t\n\t\t\t\n<h2 class=\"uppercase\" style=\"text-align: left;\"><span style=\"font-size: 130%; color: #33312a;\">Boka eTT M\u00d6TE MED OSS<\/span><\/h2>\n<p style=\"text-align: left;\"><span style=\"font-size: 130%; color: #33312a;\">L\u00e5t oss ses och g\u00e5 genom era \u00f6nskem\u00e5l och behov. Diskutera hur vi p\u00e5 b\u00e4sta s\u00e4tt kan hj\u00e4lpa er att f\u00f6rverkliga baddr\u00f6mmen. Vi kan tr\u00e4ffas hos er, i v\u00e5rt showroom eller online.<\/span><\/p>\n\t<div id=\"gap-1376931219\" class=\"gap-element clearfix\" style=\"display:block; height:auto;\">\n\t\t\n<style>\n#gap-1376931219 {\n  padding-top: 30px;\n}\n<\/style>\n\t<\/div>\n\t\n<div class=\"row\"  id=\"row-962066626\">\n\n\t<div id=\"col-225896735\" class=\"col medium-3 small-12 large-3\"  >\n\t\t\t\t<div class=\"col-inner\"  >\n\t\t\t\n\t\t\t\n\t\t<\/div>\n\t\t\t\t\t<\/div>\n\n\t\n\n\t<div id=\"col-513843811\" class=\"col medium-3 small-12 large-3\"  >\n\t\t\t\t<div class=\"col-inner\"  >\n\t\t\t\n\t\t\t\n<a href=\"https:\/\/38grader.com\/en\/boka-besok\/\" class=\"button primary is-outline\" >\n\t\t<span>Book a meeting<\/span>\n\t<\/a>\n\n\t\t<\/div>\n\t\t\t\t\t<\/div>\n\n\t\n\n\t<div id=\"col-1592910775\" class=\"col medium-3 small-12 large-3\"  >\n\t\t\t\t<div class=\"col-inner\"  >\n\t\t\t\n\t\t\t\n<a href=\"https:\/\/38grader.com\/en\/kontakt\/\" class=\"button primary is-outline\" >\n\t\t<span>Contact us<\/span>\n\t<\/a>\n\n\t\t<\/div>\n\t\t\t\t\t<\/div>\n\n\t\n\n\t<div id=\"col-1509764648\" class=\"col medium-3 small-12 large-3\"  >\n\t\t\t\t<div class=\"col-inner\"  >\n\t\t\t\n\t\t\t\n\t\t<\/div>\n\t\t\t\t\t<\/div>\n\n\t\n<\/div>\n\t\t<\/div>\n\t\t\t\t\n<style>\n#col-1214132876 > .col-inner {\n  padding: 40px 0px 0px 0px;\n}\n<\/style>\n\t<\/div>\n\n\t\n<\/div>","protected":false},"excerpt":{"rendered":"","protected":false},"author":1,"featured_media":0,"parent":0,"menu_order":0,"comment_status":"closed","ping_status":"closed","template":"page-transparent-header-light.php","meta":{"footnotes":""},"class_list":["post-7974","page","type-page","status-publish","hentry"],"yoast_head":"<!-- This site is optimized with the Yoast SEO Premium plugin v24.7 (Yoast SEO v27.4) - https:\/\/yoast.com\/product\/yoast-seo-premium-wordpress\/ -->\n<title>Pool -<\/title>\n<meta name=\"robots\" content=\"index, follow, max-snippet:-1, max-image-preview:large, max-video-preview:-1\" \/>\n<link rel=\"canonical\" href=\"https:\/\/38grader.com\/en\/pool\/\" \/>\n<meta property=\"og:locale\" content=\"en_US\" \/>\n<meta property=\"og:type\" content=\"article\" \/>\n<meta property=\"og:title\" content=\"Pool\" \/>\n<meta property=\"og:url\" content=\"https:\/\/38grader.com\/en\/pool\/\" \/>\n<meta property=\"article:publisher\" content=\"https:\/\/www.facebook.com\/38grader\/?ref=pages_you_manage\" \/>\n<meta property=\"article:modified_time\" content=\"2023-04-10T13:56:16+00:00\" \/>\n<meta property=\"og:image\" content=\"https:\/\/38grader.com\/wp-content\/uploads\/2022\/08\/Elegant_Miljo_960x960.jpg\" \/>\n\t<meta property=\"og:image:width\" content=\"960\" \/>\n\t<meta property=\"og:image:height\" content=\"960\" \/>\n\t<meta property=\"og:image:type\" content=\"image\/jpeg\" \/>\n<meta name=\"twitter:card\" content=\"summary_large_image\" \/>\n<meta name=\"twitter:label1\" content=\"Est. reading time\" \/>\n\t<meta name=\"twitter:data1\" content=\"3 minutes\" \/>\n<script type=\"application\/ld+json\" class=\"yoast-schema-graph\">{\"@context\":\"https:\\\/\\\/schema.org\",\"@graph\":[{\"@type\":\"WebPage\",\"@id\":\"https:\\\/\\\/38grader.com\\\/pool\\\/\",\"url\":\"https:\\\/\\\/38grader.com\\\/pool\\\/\",\"name\":\"Pool -\",\"isPartOf\":{\"@id\":\"https:\\\/\\\/38grader.com\\\/#website\"},\"datePublished\":\"2023-03-04T10:31:50+00:00\",\"dateModified\":\"2023-04-10T13:56:16+00:00\",\"breadcrumb\":{\"@id\":\"https:\\\/\\\/38grader.com\\\/pool\\\/#breadcrumb\"},\"inLanguage\":\"en-US\",\"potentialAction\":[{\"@type\":\"ReadAction\",\"target\":[\"https:\\\/\\\/38grader.com\\\/pool\\\/\"]}]},{\"@type\":\"BreadcrumbList\",\"@id\":\"https:\\\/\\\/38grader.com\\\/pool\\\/#breadcrumb\",\"itemListElement\":[{\"@type\":\"ListItem\",\"position\":1,\"name\":\"Hem\",\"item\":\"https:\\\/\\\/38grader.com\\\/\"},{\"@type\":\"ListItem\",\"position\":2,\"name\":\"Pool\"}]},{\"@type\":\"WebSite\",\"@id\":\"https:\\\/\\\/38grader.com\\\/#website\",\"url\":\"https:\\\/\\\/38grader.com\\\/\",\"name\":\"\",\"description\":\"Du kan bara slappna av. Vi l\u00f6ser det!\",\"publisher\":{\"@id\":\"https:\\\/\\\/38grader.com\\\/#organization\"},\"potentialAction\":[{\"@type\":\"SearchAction\",\"target\":{\"@type\":\"EntryPoint\",\"urlTemplate\":\"https:\\\/\\\/38grader.com\\\/?s={search_term_string}\"},\"query-input\":{\"@type\":\"PropertyValueSpecification\",\"valueRequired\":true,\"valueName\":\"search_term_string\"}}],\"inLanguage\":\"en-US\"},{\"@type\":\"Organization\",\"@id\":\"https:\\\/\\\/38grader.com\\\/#organization\",\"name\":\"38 grader AB\",\"url\":\"https:\\\/\\\/38grader.com\\\/\",\"logo\":{\"@type\":\"ImageObject\",\"inLanguage\":\"en-US\",\"@id\":\"https:\\\/\\\/38grader.com\\\/#\\\/schema\\\/logo\\\/image\\\/\",\"url\":\"https:\\\/\\\/38grader.com\\\/wp-content\\\/uploads\\\/2021\\\/05\\\/Logo-152.png\",\"contentUrl\":\"https:\\\/\\\/38grader.com\\\/wp-content\\\/uploads\\\/2021\\\/05\\\/Logo-152.png\",\"width\":152,\"height\":152,\"caption\":\"38 grader AB\"},\"image\":{\"@id\":\"https:\\\/\\\/38grader.com\\\/#\\\/schema\\\/logo\\\/image\\\/\"},\"sameAs\":[\"https:\\\/\\\/www.facebook.com\\\/38grader\\\/?ref=pages_you_manage\",\"https:\\\/\\\/www.instagram.com\\\/38_grader\\\/\"]}]}<\/script>\n<!-- \/ Yoast SEO Premium plugin. -->","yoast_head_json":{"title":"Pool -","robots":{"index":"index","follow":"follow","max-snippet":"max-snippet:-1","max-image-preview":"max-image-preview:large","max-video-preview":"max-video-preview:-1"},"canonical":"https:\/\/38grader.com\/en\/pool\/","og_locale":"en_US","og_type":"article","og_title":"Pool","og_url":"https:\/\/38grader.com\/en\/pool\/","article_publisher":"https:\/\/www.facebook.com\/38grader\/?ref=pages_you_manage","article_modified_time":"2023-04-10T13:56:16+00:00","og_image":[{"width":960,"height":960,"url":"https:\/\/38grader.com\/wp-content\/uploads\/2022\/08\/Elegant_Miljo_960x960.jpg","type":"image\/jpeg"}],"twitter_card":"summary_large_image","twitter_misc":{"Est. reading time":"3 minutes"},"schema":{"@context":"https:\/\/schema.org","@graph":[{"@type":"WebPage","@id":"https:\/\/38grader.com\/pool\/","url":"https:\/\/38grader.com\/pool\/","name":"Pool -","isPartOf":{"@id":"https:\/\/38grader.com\/#website"},"datePublished":"2023-03-04T10:31:50+00:00","dateModified":"2023-04-10T13:56:16+00:00","breadcrumb":{"@id":"https:\/\/38grader.com\/pool\/#breadcrumb"},"inLanguage":"en-US","potentialAction":[{"@type":"ReadAction","target":["https:\/\/38grader.com\/pool\/"]}]},{"@type":"BreadcrumbList","@id":"https:\/\/38grader.com\/pool\/#breadcrumb","itemListElement":[{"@type":"ListItem","position":1,"name":"Hem","item":"https:\/\/38grader.com\/"},{"@type":"ListItem","position":2,"name":"Pool"}]},{"@type":"WebSite","@id":"https:\/\/38grader.com\/#website","url":"https:\/\/38grader.com\/","name":"","description":"You can just relax. We&#039;ll handle it!","publisher":{"@id":"https:\/\/38grader.com\/#organization"},"potentialAction":[{"@type":"SearchAction","target":{"@type":"EntryPoint","urlTemplate":"https:\/\/38grader.com\/?s={search_term_string}"},"query-input":{"@type":"PropertyValueSpecification","valueRequired":true,"valueName":"search_term_string"}}],"inLanguage":"en-US"},{"@type":"Organization","@id":"https:\/\/38grader.com\/#organization","name":"38 degrees AB","url":"https:\/\/38grader.com\/","logo":{"@type":"ImageObject","inLanguage":"en-US","@id":"https:\/\/38grader.com\/#\/schema\/logo\/image\/","url":"https:\/\/38grader.com\/wp-content\/uploads\/2021\/05\/Logo-152.png","contentUrl":"https:\/\/38grader.com\/wp-content\/uploads\/2021\/05\/Logo-152.png","width":152,"height":152,"caption":"38 grader AB"},"image":{"@id":"https:\/\/38grader.com\/#\/schema\/logo\/image\/"},"sameAs":["https:\/\/www.facebook.com\/38grader\/?ref=pages_you_manage","https:\/\/www.instagram.com\/38_grader\/"]}]}},"_links":{"self":[{"href":"https:\/\/38grader.com\/en\/wp-json\/wp\/v2\/pages\/7974","targetHints":{"allow":["GET"]}}],"collection":[{"href":"https:\/\/38grader.com\/en\/wp-json\/wp\/v2\/pages"}],"about":[{"href":"https:\/\/38grader.com\/en\/wp-json\/wp\/v2\/types\/page"}],"author":[{"embeddable":true,"href":"https:\/\/38grader.com\/en\/wp-json\/wp\/v2\/users\/1"}],"replies":[{"embeddable":true,"href":"https:\/\/38grader.com\/en\/wp-json\/wp\/v2\/comments?post=7974"}],"version-history":[{"count":24,"href":"https:\/\/38grader.com\/en\/wp-json\/wp\/v2\/pages\/7974\/revisions"}],"predecessor-version":[{"id":9029,"href":"https:\/\/38grader.com\/en\/wp-json\/wp\/v2\/pages\/7974\/revisions\/9029"}],"wp:attachment":[{"href":"https:\/\/38grader.com\/en\/wp-json\/wp\/v2\/media?parent=7974"}],"curies":[{"name":"wp","href":"https:\/\/api.w.org\/{rel}","templated":true}]}}