{"id":7580,"date":"2022-11-08T10:33:26","date_gmt":"2022-11-08T08:33:26","guid":{"rendered":"https:\/\/38grader.com\/1664286782143\/?page_id=7580"},"modified":"2024-04-03T17:31:02","modified_gmt":"2024-04-03T15:31:02","slug":"produktsida-swimspa","status":"publish","type":"page","link":"https:\/\/38grader.com\/en\/spabadpooler-och-badkar\/produktsida-swimspa\/","title":{"rendered":"Swim spa"},"content":{"rendered":"<div class=\"slider-wrapper relative show-for-small\" id=\"slider-1218260211\" >\n    <div class=\"slider slider-nav-reveal slider-nav-normal slider-nav-light slider-style-normal\"\n        data-flickity-options='{            \"cellAlign\": \"center\",            \"imagesLoaded\": true,            \"lazyLoad\": 1,            \"freeScroll\": false,            \"wrapAround\": true,            \"autoPlay\": 6000,            \"pauseAutoPlayOnHover\" : true,            \"prevNextButtons\": false,            \"contain\" : true,            \"adaptiveHeight\" : true,            \"dragThreshold\" : 10,            \"percentPosition\": true,            \"pageDots\": false,            \"rightToLeft\": false,            \"draggable\": true,            \"selectedAttraction\": 0.1,            \"parallax\" : 0,            \"friction\": 0.6        }'\n        >\n        \n\n  <div class=\"banner has-hover is-full-height\" id=\"banner-332934207\">\n          <div class=\"banner-inner fill\">\n        <div class=\"banner-bg fill\" >\n            <img fetchpriority=\"high\" decoding=\"async\" width=\"1020\" height=\"574\" src=\"https:\/\/38grader.com\/wp-content\/uploads\/2024\/03\/Aquarun_1920x1080-1400x788.jpg\" class=\"bg attachment-large size-large\" alt=\"\" \/>                        <div class=\"overlay\"><\/div>            \n                    <\/div>\n\t\t\n        <div class=\"banner-layers container\">\n            <div class=\"fill banner-link\"><\/div>            \n   <div id=\"text-box-1469304982\" class=\"text-box banner-layer x50 md-x50 lg-x50 y50 md-y50 lg-y50 res-text\">\n              <div data-parallax=\"-1\" data-parallax-fade=\"true\">       <div data-animate=\"bounceIn\">           <div class=\"text-box-content text dark\">\n              \n              <div class=\"text-inner text-center\">\n                  \n<h1 class=\"uppercase\" style=\"text-align: left;\"><span style=\"font-size: 130%;\" data-line-height=\"xs\">Swim spa<\/span><\/h1>\n<p style=\"text-align: left;\"><span style=\"font-size: 130%;\">Vi levererar badlyx med kvalitet och omsorg i varje detalj. Med ett swimspa har du m\u00f6jligheter till tr\u00e4ning, poolaktiviteter och avkoppling. V\u00e5rt modellprogram levererar den absolut fr\u00e4msta vattentr\u00e4ningen, b\u00e4sta massagen och sk\u00f6n avslappning.<br \/><\/span><\/p>\n<p style=\"text-align: left;\"><span style=\"font-size: 130%;\">En minipool med massor av m\u00f6jligheter.<\/span><\/p>\n<p>\u00a0<\/p>\n              <\/div>\n           <\/div>\n       <\/div>       <\/div>              \n<style>\n#text-box-1469304982 {\n  width: 80%;\n}\n#text-box-1469304982 .text-box-content {\n  font-size: 100%;\n}\n@media (min-width:550px) {\n  #text-box-1469304982 {\n    width: 66%;\n  }\n}\n<\/style>\n    <\/div>\n \n        <\/div>\n      <\/div>\n\n            \n<style>\n#banner-332934207 {\n  padding-top: 100%;\n}\n#banner-332934207 .overlay {\n  background-color: rgba(0, 0, 0, 0.355);\n}\n#banner-332934207 .banner-bg img {\n  object-position: 90% 43%;\n}\n@media (min-width:550px) {\n  #banner-332934207 {\n    padding-top: 100%;\n  }\n}\n<\/style>\n  <\/div>\n\n\n     <\/div>\n\n     <div class=\"loading-spin dark large centered\"><\/div>\n\n\t<\/div>\n\n\n<div class=\"slider-wrapper relative hide-for-small\" id=\"slider-227597981\" >\n    <div class=\"slider slider-nav-reveal slider-nav-normal slider-nav-light slider-style-normal\"\n        data-flickity-options='{            \"cellAlign\": \"center\",            \"imagesLoaded\": true,            \"lazyLoad\": 1,            \"freeScroll\": false,            \"wrapAround\": true,            \"autoPlay\": 6000,            \"pauseAutoPlayOnHover\" : true,            \"prevNextButtons\": false,            \"contain\" : true,            \"adaptiveHeight\" : true,            \"dragThreshold\" : 10,            \"percentPosition\": true,            \"pageDots\": false,            \"rightToLeft\": false,            \"draggable\": true,            \"selectedAttraction\": 0.1,            \"parallax\" : 0,            \"friction\": 0.6        }'\n        >\n        \n\n  <div class=\"banner has-hover is-full-height\" id=\"banner-14910681\">\n          <div class=\"banner-inner fill\">\n        <div class=\"banner-bg fill\" >\n            <img fetchpriority=\"high\" decoding=\"async\" width=\"1020\" height=\"574\" src=\"https:\/\/38grader.com\/wp-content\/uploads\/2024\/03\/Aquarun_1920x1080-1400x788.jpg\" class=\"bg attachment-large size-large\" alt=\"\" \/>                        <div class=\"overlay\"><\/div>            \n                    <\/div>\n\t\t\n        <div class=\"banner-layers container\">\n            <div class=\"fill banner-link\"><\/div>            \n   <div id=\"text-box-1807904976\" class=\"text-box banner-layer x50 md-x50 lg-x50 y50 md-y50 lg-y50 res-text\">\n              <div data-parallax=\"-1\" data-parallax-fade=\"true\">       <div data-animate=\"bounceIn\">           <div class=\"text-box-content text dark\">\n              \n              <div class=\"text-inner text-center\">\n                  \n<h1 class=\"uppercase\" style=\"text-align: left;\"><span style=\"font-size: 130%;\" data-line-height=\"xs\">Swim spa<\/span><\/h1>\n<p style=\"text-align: left;\"><span style=\"font-size: 130%;\">Vi levererar badlyx med kvalitet och omsorg i varje detalj. Med ett swimspa har du m\u00f6jligheter till tr\u00e4ning, poolaktiviteter och avkoppling. V\u00e5rt modellprogram levererar den absolut fr\u00e4msta vattentr\u00e4ningen, b\u00e4sta massagen och sk\u00f6n avslappning.<br \/><\/span><\/p>\n<p style=\"text-align: left;\"><span style=\"font-size: 130%;\">En minipool med massor av m\u00f6jligheter.<\/span><\/p>\n<p>\u00a0<\/p>\n              <\/div>\n           <\/div>\n       <\/div>       <\/div>              \n<style>\n#text-box-1807904976 {\n  width: 80%;\n}\n#text-box-1807904976 .text-box-content {\n  font-size: 100%;\n}\n@media (min-width:550px) {\n  #text-box-1807904976 {\n    width: 66%;\n  }\n}\n<\/style>\n    <\/div>\n \n        <\/div>\n      <\/div>\n\n            \n<style>\n#banner-14910681 {\n  padding-top: 100%;\n}\n#banner-14910681 .overlay {\n  background-color: rgba(0, 0, 0, 0.355);\n}\n#banner-14910681 .banner-bg img {\n  object-position: 68% 27%;\n}\n<\/style>\n  <\/div>\n\n\n     <\/div>\n\n     <div class=\"loading-spin dark large centered\"><\/div>\n\n\t<\/div>\n\n\n<div class=\"row align-center\"  id=\"row-1986564864\">\n\n\t<div id=\"col-1818999375\" class=\"col medium-7 small-12 large-7\"  data-animate=\"blurIn\">\n\t\t\t\t<div class=\"col-inner text-center\"  >\n\t\t\t\n\t\t\t\n<h2 class=\"uppercase\" style=\"text-align: left;\"><span style=\"font-size: 130%; color: #33312a;\">Vi hj\u00e4lper er att hitta r\u00e4tt<\/span><\/h2>\n<p style=\"text-align: left;\"><span style=\"font-size: 130%; color: #33312a;\">Boka ett m\u00f6te med oss, online eller p\u00e5 plats Vi ser hur vi p\u00e5 b\u00e4sta s\u00e4tt kan hj\u00e4lpa er att f\u00f6rverkliga baddr\u00f6mmen.<\/span><\/p>\n\t<div id=\"gap-313111542\" class=\"gap-element clearfix\" style=\"display:block; height:auto;\">\n\t\t\n<style>\n#gap-313111542 {\n  padding-top: 30px;\n}\n<\/style>\n\t<\/div>\n\t\n<div class=\"row\"  id=\"row-417891664\">\n\n\t<div id=\"col-120423318\" class=\"col medium-6 small-12 large-6\"  >\n\t\t\t\t<div class=\"col-inner\"  >\n\t\t\t\n\t\t\t\n<a href=\"http:\/\/about-us\" class=\"button primary is-outline\" >\n\t\t<span>Book a meeting<\/span>\n\t<\/a>\n\n\t\t<\/div>\n\t\t\t\t\t<\/div>\n\n\t\n\n\t<div id=\"col-2036713611\" class=\"col medium-6 small-12 large-6\"  >\n\t\t\t\t<div class=\"col-inner\"  >\n\t\t\t\n\t\t\t\n<a href=\"http:\/\/shop\" class=\"button primary is-outline\" >\n\t\t<span>Contact us<\/span>\n\t<\/a>\n\n\t\t<\/div>\n\t\t\t\t\t<\/div>\n\n\t\n<\/div>\n\t\t<\/div>\n\t\t\t\t\n<style>\n#col-1818999375 > .col-inner {\n  padding: 40px 0px 0px 0px;\n}\n<\/style>\n\t<\/div>\n\n\t\n<\/div>\n<div class=\"row row-small row-full-width align-center row-divided\"  id=\"row-1813778995\">\n\n\n\t<div id=\"col-537720385\" class=\"col medium-4 small-12 large-4\"  >\n\t\t\t\t<div class=\"col-inner\"  >\n\t\t\t\n\t\t\t\n\n  <div class=\"banner has-hover bg-zoom-fade\" id=\"banner-824213501\">\n          <div class=\"banner-inner fill\">\n        <div class=\"banner-bg fill\" >\n            <img decoding=\"async\" width=\"960\" height=\"960\" data-src=\"https:\/\/38grader.com\/wp-content\/uploads\/2024\/03\/Aquarun_960x960.jpg\" class=\"bg attachment-original size-original lazyload\" alt=\"\" src=\"data:image\/svg+xml;base64,PHN2ZyB3aWR0aD0iMSIgaGVpZ2h0PSIxIiB4bWxucz0iaHR0cDovL3d3dy53My5vcmcvMjAwMC9zdmciPjwvc3ZnPg==\" style=\"--smush-placeholder-width: 960px; --smush-placeholder-aspect-ratio: 960\/960;\" \/>                        <div class=\"overlay\"><\/div>            \n                    <\/div>\n\t\t\n        <div class=\"banner-layers container\">\n            <div class=\"fill banner-link\"><\/div>            \n\t<div class=\"img has-hover x50 md-x50 lg-x50 y50 md-y50 lg-y50\" id=\"image_1568315582\">\n\t\t\t\t\t\t<div data-animate=\"blurIn\">\t\t<div class=\"img-inner dark\" >\n\t\t\t<img decoding=\"async\" width=\"960\" height=\"220\" data-src=\"https:\/\/38grader.com\/wp-content\/uploads\/2024\/03\/Treesse-logo-X3CA_White.png\" class=\"attachment-large size-large lazyload\" alt=\"\" data-srcset=\"https:\/\/38grader.com\/wp-content\/uploads\/2024\/03\/Treesse-logo-X3CA_White.png 960w, https:\/\/38grader.com\/wp-content\/uploads\/2024\/03\/Treesse-logo-X3CA_White-800x183.png 800w, https:\/\/38grader.com\/wp-content\/uploads\/2024\/03\/Treesse-logo-X3CA_White-768x176.png 768w\" data-sizes=\"(max-width: 960px) 100vw, 960px\" src=\"data:image\/svg+xml;base64,PHN2ZyB3aWR0aD0iMSIgaGVpZ2h0PSIxIiB4bWxucz0iaHR0cDovL3d3dy53My5vcmcvMjAwMC9zdmciPjwvc3ZnPg==\" style=\"--smush-placeholder-width: 960px; --smush-placeholder-aspect-ratio: 960\/220;\" \/>\t\t\t\t\t\t\n\t\t\t\t\t<\/div>\n\t\t<\/div>\t\t\t\t\t\t\n<style>\n#image_1568315582 {\n  width: 60%;\n}\n<\/style>\n\t<\/div>\n\t\n   <div id=\"text-box-1967003600\" class=\"text-box banner-layer x50 md-x50 lg-x50 y95 md-y95 lg-y95 res-text\">\n                     <div data-animate=\"blurIn\">           <div class=\"text-box-content text dark\">\n              \n              <div class=\"text-inner text-center\">\n                  \n\t<div id=\"gap-1086674463\" class=\"gap-element clearfix\" style=\"display:block; height:auto;\">\n\t\t\n<style>\n#gap-1086674463 {\n  padding-top: 75px;\n}\n<\/style>\n\t<\/div>\n\t\n<a data-animate=\"blurIn\" href=\"https:\/\/38grader.com\/en\/spabadpooler-och-badkar\/produktsida-swimspa\/aquarun\/\" class=\"button white is-outline is-larger\" style=\"padding:5px 20px 5px 20px;\">\n\t\t<span>Read more<\/span>\n\t<\/a>\n\n              <\/div>\n           <\/div>\n       <\/div>                     \n<style>\n#text-box-1967003600 {\n  width: 78%;\n}\n#text-box-1967003600 .text-box-content {\n  font-size: 116%;\n}\n<\/style>\n    <\/div>\n \n        <\/div>\n      <\/div>\n\n            \n<style>\n#banner-824213501 {\n  padding-top: 99.99%;\n}\n#banner-824213501 .overlay {\n  background-color: rgba(0, 0, 0, 0.291);\n}\n#banner-824213501 .banner-bg img {\n  object-position: 50% 57%;\n}\n<\/style>\n  <\/div>\n\n\n\t\t<\/div>\n\t\t\t\t\t<\/div>\n\n\t\n\n\t<div id=\"col-1729222290\" class=\"col medium-4 small-12 large-4\"  >\n\t\t\t\t<div class=\"col-inner\"  >\n\t\t\t\n\t\t\t\n\n  <div class=\"banner has-hover bg-zoom-fade\" id=\"banner-1280709940\">\n          <div class=\"banner-inner fill\">\n        <div class=\"banner-bg fill\" >\n            <img decoding=\"async\" width=\"960\" height=\"960\" data-src=\"https:\/\/38grader.com\/wp-content\/uploads\/2022\/11\/Leadbild_Swimspa_Aquavia.jpg\" class=\"bg attachment-original size-original lazyload\" alt=\"\" src=\"data:image\/svg+xml;base64,PHN2ZyB3aWR0aD0iMSIgaGVpZ2h0PSIxIiB4bWxucz0iaHR0cDovL3d3dy53My5vcmcvMjAwMC9zdmciPjwvc3ZnPg==\" style=\"--smush-placeholder-width: 960px; --smush-placeholder-aspect-ratio: 960\/960;\" \/>                        <div class=\"overlay\"><\/div>            \n                    <\/div>\n\t\t\n        <div class=\"banner-layers container\">\n            <div class=\"fill banner-link\"><\/div>            \n\t<div class=\"img has-hover x50 md-x50 lg-x50 y50 md-y50 lg-y50\" id=\"image_218713039\">\n\t\t\t\t\t\t<div data-animate=\"blurIn\">\t\t<div class=\"img-inner dark\" style=\"margin:0px 0px 0px 0px;\">\n\t\t\t<img decoding=\"async\" width=\"1020\" height=\"175\" data-src=\"https:\/\/38grader.com\/wp-content\/uploads\/2022\/10\/Aquavia_White_fffff-1-1400x240.png\" class=\"attachment-large size-large lazyload\" alt=\"\" data-srcset=\"https:\/\/38grader.com\/wp-content\/uploads\/2022\/10\/Aquavia_White_fffff-1-1400x240.png 1400w, https:\/\/38grader.com\/wp-content\/uploads\/2022\/10\/Aquavia_White_fffff-1-800x137.png 800w, https:\/\/38grader.com\/wp-content\/uploads\/2022\/10\/Aquavia_White_fffff-1-768x131.png 768w, https:\/\/38grader.com\/wp-content\/uploads\/2022\/10\/Aquavia_White_fffff-1-1536x263.png 1536w, https:\/\/38grader.com\/wp-content\/uploads\/2022\/10\/Aquavia_White_fffff-1-510x87.png 510w, https:\/\/38grader.com\/wp-content\/uploads\/2022\/10\/Aquavia_White_fffff-1.png 1712w\" data-sizes=\"(max-width: 1020px) 100vw, 1020px\" src=\"data:image\/svg+xml;base64,PHN2ZyB3aWR0aD0iMSIgaGVpZ2h0PSIxIiB4bWxucz0iaHR0cDovL3d3dy53My5vcmcvMjAwMC9zdmciPjwvc3ZnPg==\" style=\"--smush-placeholder-width: 1020px; --smush-placeholder-aspect-ratio: 1020\/175;\" \/>\t\t\t\t\t\t\n\t\t\t\t\t<\/div>\n\t\t<\/div>\t\t\t\t\t\t\n<style>\n#image_218713039 {\n  width: 61%;\n}\n<\/style>\n\t<\/div>\n\t\n   <div id=\"text-box-2079269297\" class=\"text-box banner-layer x50 md-x50 lg-x50 y95 md-y95 lg-y95 res-text\">\n                     <div data-animate=\"blurIn\">           <div class=\"text-box-content text dark\">\n              \n              <div class=\"text-inner text-center\">\n                  \n\t<div id=\"gap-1092518146\" class=\"gap-element clearfix\" style=\"display:block; height:auto;\">\n\t\t\n<style>\n#gap-1092518146 {\n  padding-top: 75px;\n}\n<\/style>\n\t<\/div>\n\t\n<a data-animate=\"blurIn\" href=\"https:\/\/38grader.com\/en\/aquavia-swimspa-the-story\/\" class=\"button white is-outline is-larger\" style=\"padding:5px 20px 5px 20px;\">\n\t\t<span>Read more<\/span>\n\t<\/a>\n\n              <\/div>\n           <\/div>\n       <\/div>                     \n<style>\n#text-box-2079269297 {\n  width: 78%;\n}\n#text-box-2079269297 .text-box-content {\n  font-size: 116%;\n}\n<\/style>\n    <\/div>\n \n        <\/div>\n      <\/div>\n\n            \n<style>\n#banner-1280709940 {\n  padding-top: 99.99%;\n}\n#banner-1280709940 .overlay {\n  background-color: rgba(0, 0, 0, 0.506);\n}\n#banner-1280709940 .banner-bg img {\n  object-position: 42% 18%;\n}\n<\/style>\n  <\/div>\n\n\n\t\t<\/div>\n\t\t\t\t\t<\/div>\n\n\t\n<\/div>","protected":false},"excerpt":{"rendered":"","protected":false},"author":1,"featured_media":0,"parent":35,"menu_order":0,"comment_status":"closed","ping_status":"closed","template":"page-transparent-header.php","meta":{"footnotes":""},"class_list":["post-7580","page","type-page","status-publish","hentry"],"yoast_head":"<!-- This site is optimized with the Yoast SEO Premium plugin v24.7 (Yoast SEO v27.4) - https:\/\/yoast.com\/product\/yoast-seo-premium-wordpress\/ -->\n<title>Swimspa -<\/title>\n<meta name=\"description\" content=\"Tr\u00e4ning, poolaktivteter och avkoppling i ett. Marknadens mest exklusiva swimspa hittar du hos oss. Kvalitet och omsorg om detaljer. V\u00e4lkommen!\" \/>\n<meta name=\"robots\" content=\"index, follow, max-snippet:-1, max-image-preview:large, max-video-preview:-1\" \/>\n<link rel=\"canonical\" href=\"https:\/\/38grader.com\/en\/spabadpooler-och-badkar\/produktsida-swimspa\/\" \/>\n<meta property=\"og:locale\" content=\"en_US\" \/>\n<meta property=\"og:type\" content=\"article\" \/>\n<meta property=\"og:title\" content=\"Swimspa\" \/>\n<meta property=\"og:description\" content=\"Tr\u00e4ning, poolaktivteter och avkoppling i ett. Marknadens mest exklusiva swimspa hittar du hos oss. Kvalitet och omsorg om detaljer. V\u00e4lkommen!\" \/>\n<meta property=\"og:url\" content=\"https:\/\/38grader.com\/en\/spabadpooler-och-badkar\/produktsida-swimspa\/\" \/>\n<meta property=\"article:publisher\" content=\"https:\/\/www.facebook.com\/38grader\/?ref=pages_you_manage\" \/>\n<meta property=\"article:modified_time\" content=\"2024-04-03T15:31:02+00:00\" \/>\n<meta property=\"og:image\" content=\"https:\/\/38grader.com\/wp-content\/uploads\/2022\/11\/W150-relax_1920x1080.jpg\" \/>\n\t<meta property=\"og:image:width\" content=\"1920\" \/>\n\t<meta property=\"og:image:height\" content=\"1080\" \/>\n\t<meta property=\"og:image:type\" content=\"image\/jpeg\" \/>\n<meta name=\"twitter:card\" content=\"summary_large_image\" \/>\n<meta name=\"twitter:label1\" content=\"Est. reading time\" \/>\n\t<meta name=\"twitter:data1\" content=\"2 minutes\" \/>\n<script type=\"application\/ld+json\" class=\"yoast-schema-graph\">{\"@context\":\"https:\\\/\\\/schema.org\",\"@graph\":[{\"@type\":\"WebPage\",\"@id\":\"https:\\\/\\\/38grader.com\\\/spabadpooler-och-badkar\\\/produktsida-swimspa\\\/\",\"url\":\"https:\\\/\\\/38grader.com\\\/spabadpooler-och-badkar\\\/produktsida-swimspa\\\/\",\"name\":\"Swimspa -\",\"isPartOf\":{\"@id\":\"https:\\\/\\\/38grader.com\\\/#website\"},\"datePublished\":\"2022-11-08T08:33:26+00:00\",\"dateModified\":\"2024-04-03T15:31:02+00:00\",\"description\":\"Tr\u00e4ning, poolaktivteter och avkoppling i ett. Marknadens mest exklusiva swimspa hittar du hos oss. Kvalitet och omsorg om detaljer. V\u00e4lkommen!\",\"breadcrumb\":{\"@id\":\"https:\\\/\\\/38grader.com\\\/spabadpooler-och-badkar\\\/produktsida-swimspa\\\/#breadcrumb\"},\"inLanguage\":\"en-US\",\"potentialAction\":[{\"@type\":\"ReadAction\",\"target\":[\"https:\\\/\\\/38grader.com\\\/spabadpooler-och-badkar\\\/produktsida-swimspa\\\/\"]}]},{\"@type\":\"BreadcrumbList\",\"@id\":\"https:\\\/\\\/38grader.com\\\/spabadpooler-och-badkar\\\/produktsida-swimspa\\\/#breadcrumb\",\"itemListElement\":[{\"@type\":\"ListItem\",\"position\":1,\"name\":\"Hem\",\"item\":\"https:\\\/\\\/38grader.com\\\/\"},{\"@type\":\"ListItem\",\"position\":2,\"name\":\"Start\",\"item\":\"https:\\\/\\\/38grader.com\\\/spabadpooler-och-badkar\\\/\"},{\"@type\":\"ListItem\",\"position\":3,\"name\":\"Swimspa\"}]},{\"@type\":\"WebSite\",\"@id\":\"https:\\\/\\\/38grader.com\\\/#website\",\"url\":\"https:\\\/\\\/38grader.com\\\/\",\"name\":\"\",\"description\":\"Du kan bara slappna av. Vi l\u00f6ser det!\",\"publisher\":{\"@id\":\"https:\\\/\\\/38grader.com\\\/#organization\"},\"potentialAction\":[{\"@type\":\"SearchAction\",\"target\":{\"@type\":\"EntryPoint\",\"urlTemplate\":\"https:\\\/\\\/38grader.com\\\/?s={search_term_string}\"},\"query-input\":{\"@type\":\"PropertyValueSpecification\",\"valueRequired\":true,\"valueName\":\"search_term_string\"}}],\"inLanguage\":\"en-US\"},{\"@type\":\"Organization\",\"@id\":\"https:\\\/\\\/38grader.com\\\/#organization\",\"name\":\"38 grader AB\",\"url\":\"https:\\\/\\\/38grader.com\\\/\",\"logo\":{\"@type\":\"ImageObject\",\"inLanguage\":\"en-US\",\"@id\":\"https:\\\/\\\/38grader.com\\\/#\\\/schema\\\/logo\\\/image\\\/\",\"url\":\"https:\\\/\\\/38grader.com\\\/wp-content\\\/uploads\\\/2021\\\/05\\\/Logo-152.png\",\"contentUrl\":\"https:\\\/\\\/38grader.com\\\/wp-content\\\/uploads\\\/2021\\\/05\\\/Logo-152.png\",\"width\":152,\"height\":152,\"caption\":\"38 grader AB\"},\"image\":{\"@id\":\"https:\\\/\\\/38grader.com\\\/#\\\/schema\\\/logo\\\/image\\\/\"},\"sameAs\":[\"https:\\\/\\\/www.facebook.com\\\/38grader\\\/?ref=pages_you_manage\",\"https:\\\/\\\/www.instagram.com\\\/38_grader\\\/\"]}]}<\/script>\n<!-- \/ Yoast SEO Premium plugin. -->","yoast_head_json":{"title":"Swimspa -","description":"Tr\u00e4ning, poolaktivteter och avkoppling i ett. Marknadens mest exklusiva swimspa hittar du hos oss. Kvalitet och omsorg om detaljer. V\u00e4lkommen!","robots":{"index":"index","follow":"follow","max-snippet":"max-snippet:-1","max-image-preview":"max-image-preview:large","max-video-preview":"max-video-preview:-1"},"canonical":"https:\/\/38grader.com\/en\/spabadpooler-och-badkar\/produktsida-swimspa\/","og_locale":"en_US","og_type":"article","og_title":"Swimspa","og_description":"Tr\u00e4ning, poolaktivteter och avkoppling i ett. Marknadens mest exklusiva swimspa hittar du hos oss. Kvalitet och omsorg om detaljer. V\u00e4lkommen!","og_url":"https:\/\/38grader.com\/en\/spabadpooler-och-badkar\/produktsida-swimspa\/","article_publisher":"https:\/\/www.facebook.com\/38grader\/?ref=pages_you_manage","article_modified_time":"2024-04-03T15:31:02+00:00","og_image":[{"width":1920,"height":1080,"url":"https:\/\/38grader.com\/wp-content\/uploads\/2022\/11\/W150-relax_1920x1080.jpg","type":"image\/jpeg"}],"twitter_card":"summary_large_image","twitter_misc":{"Est. reading time":"2 minutes"},"schema":{"@context":"https:\/\/schema.org","@graph":[{"@type":"WebPage","@id":"https:\/\/38grader.com\/spabadpooler-och-badkar\/produktsida-swimspa\/","url":"https:\/\/38grader.com\/spabadpooler-och-badkar\/produktsida-swimspa\/","name":"Swimspa -","isPartOf":{"@id":"https:\/\/38grader.com\/#website"},"datePublished":"2022-11-08T08:33:26+00:00","dateModified":"2024-04-03T15:31:02+00:00","description":"Tr\u00e4ning, poolaktivteter och avkoppling i ett. Marknadens mest exklusiva swimspa hittar du hos oss. Kvalitet och omsorg om detaljer. V\u00e4lkommen!","breadcrumb":{"@id":"https:\/\/38grader.com\/spabadpooler-och-badkar\/produktsida-swimspa\/#breadcrumb"},"inLanguage":"en-US","potentialAction":[{"@type":"ReadAction","target":["https:\/\/38grader.com\/spabadpooler-och-badkar\/produktsida-swimspa\/"]}]},{"@type":"BreadcrumbList","@id":"https:\/\/38grader.com\/spabadpooler-och-badkar\/produktsida-swimspa\/#breadcrumb","itemListElement":[{"@type":"ListItem","position":1,"name":"Hem","item":"https:\/\/38grader.com\/"},{"@type":"ListItem","position":2,"name":"Start","item":"https:\/\/38grader.com\/spabadpooler-och-badkar\/"},{"@type":"ListItem","position":3,"name":"Swimspa"}]},{"@type":"WebSite","@id":"https:\/\/38grader.com\/#website","url":"https:\/\/38grader.com\/","name":"","description":"You can just relax. We&#039;ll handle it!","publisher":{"@id":"https:\/\/38grader.com\/#organization"},"potentialAction":[{"@type":"SearchAction","target":{"@type":"EntryPoint","urlTemplate":"https:\/\/38grader.com\/?s={search_term_string}"},"query-input":{"@type":"PropertyValueSpecification","valueRequired":true,"valueName":"search_term_string"}}],"inLanguage":"en-US"},{"@type":"Organization","@id":"https:\/\/38grader.com\/#organization","name":"38 degrees AB","url":"https:\/\/38grader.com\/","logo":{"@type":"ImageObject","inLanguage":"en-US","@id":"https:\/\/38grader.com\/#\/schema\/logo\/image\/","url":"https:\/\/38grader.com\/wp-content\/uploads\/2021\/05\/Logo-152.png","contentUrl":"https:\/\/38grader.com\/wp-content\/uploads\/2021\/05\/Logo-152.png","width":152,"height":152,"caption":"38 grader AB"},"image":{"@id":"https:\/\/38grader.com\/#\/schema\/logo\/image\/"},"sameAs":["https:\/\/www.facebook.com\/38grader\/?ref=pages_you_manage","https:\/\/www.instagram.com\/38_grader\/"]}]}},"_links":{"self":[{"href":"https:\/\/38grader.com\/en\/wp-json\/wp\/v2\/pages\/7580","targetHints":{"allow":["GET"]}}],"collection":[{"href":"https:\/\/38grader.com\/en\/wp-json\/wp\/v2\/pages"}],"about":[{"href":"https:\/\/38grader.com\/en\/wp-json\/wp\/v2\/types\/page"}],"author":[{"embeddable":true,"href":"https:\/\/38grader.com\/en\/wp-json\/wp\/v2\/users\/1"}],"replies":[{"embeddable":true,"href":"https:\/\/38grader.com\/en\/wp-json\/wp\/v2\/comments?post=7580"}],"version-history":[{"count":26,"href":"https:\/\/38grader.com\/en\/wp-json\/wp\/v2\/pages\/7580\/revisions"}],"predecessor-version":[{"id":10607,"href":"https:\/\/38grader.com\/en\/wp-json\/wp\/v2\/pages\/7580\/revisions\/10607"}],"up":[{"embeddable":true,"href":"https:\/\/38grader.com\/en\/wp-json\/wp\/v2\/pages\/35"}],"wp:attachment":[{"href":"https:\/\/38grader.com\/en\/wp-json\/wp\/v2\/media?parent=7580"}],"curies":[{"name":"wp","href":"https:\/\/api.w.org\/{rel}","templated":true}]}}