{"id":7064,"date":"2022-08-24T10:03:55","date_gmt":"2022-08-24T08:03:55","guid":{"rendered":"https:\/\/38grader.com\/?page_id=7064"},"modified":"2022-08-28T11:58:10","modified_gmt":"2022-08-28T09:58:10","slug":"vattenbyte","status":"publish","type":"page","link":"https:\/\/38grader.com\/en\/vattenbyte\/","title":{"rendered":"Vattenbyte"},"content":{"rendered":"<section class=\"section\" id=\"section_89585510\">\n\t\t<div class=\"section-bg fill\" >\n\t\t\t\t\t\t\t\t\t\n\t\t\t\n\n\t\t<\/div>\n\n\t\t\n\n\t\t<div class=\"section-content relative\">\n\t\t\t\n\n  <div class=\"banner has-hover hide-for-small\" id=\"banner-1386775182\">\n          <div class=\"banner-inner fill\">\n        <div class=\"banner-bg fill\" >\n            <img fetchpriority=\"high\" decoding=\"async\" width=\"2560\" height=\"1707\" src=\"https:\/\/38grader.com\/wp-content\/uploads\/2022\/08\/iStock-459159997-scaled.jpg\" class=\"bg attachment-original size-original\" alt=\"\" \/>                                    \n                    <\/div>\n\t\t\n        <div class=\"banner-layers container\">\n            <div class=\"fill banner-link\"><\/div>            \n   <div id=\"text-box-369304714\" class=\"text-box banner-layer x50 md-x50 lg-x50 y50 md-y20 lg-y20 res-text\">\n              <div data-parallax=\"-1\" data-parallax-fade=\"true\">       <div data-animate=\"blurIn\">           <div class=\"text-box-content text dark\">\n              \n              <div class=\"text-inner text-center\">\n                  \n\t<div id=\"gap-909634325\" class=\"gap-element clearfix\" style=\"display:block; height:auto;\">\n\t\t\n<style>\n#gap-909634325 {\n  padding-top: 45px;\n}\n@media (min-width:550px) {\n  #gap-909634325 {\n    padding-top: 30px;\n  }\n}\n<\/style>\n\t<\/div>\n\t\n\t<div id=\"text-2803273042\" class=\"text\">\n\t\t\n<h4 class=\"alt-font\">SPABADS\u00c5NGEST??<\/h4>\n<h2 class=\"uppercase\"><strong><span style=\"font-size: 200%;\" data-line-height=\"xs\">vattenbyte<\/span><\/strong><\/h2>\n<h4 class=\"lead uppercase\">FAST PRIS &#8211; FANTASTISKT RESULTAT!<\/h4>\n\t\t\n<style>\n#text-2803273042 {\n  line-height: 2.05;\n}\n<\/style>\n\t<\/div>\n\t\n\t<div id=\"text-2855076556\" class=\"text\">\n\t\t\n<p style=\"text-align: left;\"><span style=\"font-size: 160%;\"><strong>Vi kommer till er och:<\/strong><\/span><\/p>\n<ul>\n<li style=\"text-align: left;\"><span style=\"font-size: 130%;\"><strong>T\u00f6mmer ur gammalt vatten<\/strong><\/span><\/li>\n<li style=\"text-align: left;\"><span style=\"font-size: 130%;\"><strong>Reng\u00f6r r\u00f6rsystem<\/strong><\/span><\/li>\n<li style=\"text-align: left;\"><span style=\"font-size: 130%;\"><strong>Reng\u00f6r kabinett<\/strong><\/span><\/li>\n<li style=\"text-align: left;\"><span style=\"font-size: 130%;\"><strong>Byter filter<\/strong><\/span><\/li>\n<li style=\"text-align: left;\"><span style=\"font-size: 130%;\"><strong>Fyller nytt fr\u00e4scht vatten och uppstartsbehandlar<\/strong><\/span><\/li>\n<li style=\"text-align: left;\"><span style=\"font-size: 130%;\"><strong>G\u00f6r grundl\u00e4ggande funktionstest av ert bad<\/strong><\/span><\/li>\n<\/ul>\n<p style=\"text-align: left;\"><span style=\"font-size: 130%;\"><strong>Allt ing\u00e5r i priset!<\/strong><\/span><\/p>\n<p style=\"text-align: left;\"><em>Arbete, kem, utbytesfilter, resa inom Alings\u00e5s, Lerums och V\u00e5rg\u00e5rda kommun. (\u00d6vriga tillkommer reskostnad). Tillg\u00e5ng till vatten kr\u00e4vs.<\/em><\/p>\n\t\t\n<style>\n#text-2855076556 {\n  line-height: 1.25;\n}\n<\/style>\n\t<\/div>\n\t\n<a data-animate=\"blurIn\" href=\"https:\/\/38grader.com\/en\/boka-service\/\" class=\"button white is-shade is-larger\" >\n\t\t<span>BOKA H\u00c4R!<\/span>\n\t<\/a>\n\n\t<div id=\"text-928010559\" class=\"text\">\n\t\t\n<p style=\"text-align: center;\"><span style=\"color: #ffffff; font-size: 100%;\"><b>38 Grader AB \u00a0 \u00a0 \u00a0 \u00a00322-300 690 \u00a0 \u00a0 info@38grader.com<\/b><\/span><\/p>\n\t\t\n<style>\n#text-928010559 {\n  line-height: 1.3;\n  color: rgb(255, 255, 255);\n}\n#text-928010559 > * {\n  color: rgb(255, 255, 255);\n}\n<\/style>\n\t<\/div>\n\t\n              <\/div>\n           <\/div>\n       <\/div>       <\/div>              \n<style>\n#text-box-369304714 {\n  width: 80%;\n}\n#text-box-369304714 .text-box-content {\n  font-size: 100%;\n}\n@media (min-width:550px) {\n  #text-box-369304714 {\n    width: 75%;\n  }\n}\n<\/style>\n    <\/div>\n \n   <div id=\"text-box-899083489\" class=\"text-box banner-layer text-box-circle x85 md-x80 lg-x80 y40 md-y70 lg-y70 res-text\">\n                     <div data-animate=\"blurIn\">           <div class=\"text-box-content text dark\">\n              \n              <div class=\"text-inner text-center\">\n                  \n<p><span style=\"font-size: 110%;\"><strong><span style=\"color: #282828;\">2 895:-<\/span><\/strong><\/span><\/p>\n              <\/div>\n           <\/div>\n       <\/div>                     \n<style>\n#text-box-899083489 .text-box-content {\n  background-color: rgba(255, 255, 255, 0.826);\n  font-size: 200%;\n  transform: rotate(8deg);\n}\n#text-box-899083489 {\n  width: 25%;\n}\n@media (min-width:550px) {\n  #text-box-899083489 {\n    width: 17%;\n  }\n  #text-box-899083489 .text-box-content {\n    font-size: 259%;\n  }\n}\n<\/style>\n    <\/div>\n \n        <\/div>\n      <\/div>\n\n            \n<style>\n#banner-1386775182 {\n  padding-top: 960px;\n}\n<\/style>\n  <\/div>\n\n\n\n  <div class=\"banner has-hover show-for-small\" id=\"banner-1611484455\">\n          <div class=\"banner-inner fill\">\n        <div class=\"banner-bg fill\" >\n            <img decoding=\"async\" width=\"1020\" height=\"680\" data-src=\"https:\/\/38grader.com\/wp-content\/uploads\/2022\/08\/iStock-459159997-1200x800.jpg\" class=\"bg attachment-large size-large lazyload\" alt=\"\" src=\"data:image\/svg+xml;base64,PHN2ZyB3aWR0aD0iMSIgaGVpZ2h0PSIxIiB4bWxucz0iaHR0cDovL3d3dy53My5vcmcvMjAwMC9zdmciPjwvc3ZnPg==\" style=\"--smush-placeholder-width: 1020px; --smush-placeholder-aspect-ratio: 1020\/680;\" \/>                                    \n                    <\/div>\n\t\t\n        <div class=\"banner-layers container\">\n            <div class=\"fill banner-link\"><\/div>            \n   <div id=\"text-box-1373062940\" class=\"text-box banner-layer x50 md-x50 lg-x50 y50 md-y20 lg-y20 res-text\">\n              <div data-parallax=\"-1\" data-parallax-fade=\"true\">       <div data-animate=\"blurIn\">           <div class=\"text-box-content text dark\">\n              \n              <div class=\"text-inner text-center\">\n                  \n\t<div id=\"gap-1299539328\" class=\"gap-element clearfix\" style=\"display:block; height:auto;\">\n\t\t\n<style>\n#gap-1299539328 {\n  padding-top: 45px;\n}\n@media (min-width:550px) {\n  #gap-1299539328 {\n    padding-top: 30px;\n  }\n}\n<\/style>\n\t<\/div>\n\t\n\t<div id=\"text-2621700979\" class=\"text\">\n\t\t\n<h4 class=\"alt-font\">SPABADS\u00c5NGEST??<\/h4>\n<h3 class=\"uppercase\"><strong><span style=\"font-size: 200%;\" data-line-height=\"xs\">vattenbyte<\/span><\/strong><\/h3>\n<h4 class=\"lead uppercase\">FAST PRIS &#8211; FANTASTISKT RESULTAT!<\/h4>\n\t\t\n<style>\n#text-2621700979 {\n  line-height: 2.05;\n}\n<\/style>\n\t<\/div>\n\t\n\t<div id=\"text-1667824563\" class=\"text\">\n\t\t\n<p style=\"text-align: left;\"><span style=\"font-size: 160%;\"><strong>Vi kommer till er och:<\/strong><\/span><\/p>\n<ul>\n<li style=\"text-align: left;\"><span style=\"font-size: 130%;\"><strong>T\u00f6mmer ur gammalt vatten<\/strong><\/span><\/li>\n<li style=\"text-align: left;\"><span style=\"font-size: 130%;\"><strong>Reng\u00f6r r\u00f6rsystem<\/strong><\/span><\/li>\n<li style=\"text-align: left;\"><span style=\"font-size: 130%;\"><strong>Reng\u00f6r kabinett<\/strong><\/span><\/li>\n<li style=\"text-align: left;\"><span style=\"font-size: 130%;\"><strong>Byter filter<\/strong><\/span><\/li>\n<li style=\"text-align: left;\"><span style=\"font-size: 130%;\"><strong>Fyller nytt fr\u00e4scht vatten och uppstartsbehandlar<\/strong><\/span><\/li>\n<li style=\"text-align: left;\"><span style=\"font-size: 130%;\"><strong>G\u00f6r grundl\u00e4ggande funktionstest av ert bad<\/strong><\/span><\/li>\n<\/ul>\n<p style=\"text-align: left;\"><span style=\"font-size: 130%;\"><strong>Allt ing\u00e5r i priset!<\/strong><\/span><\/p>\n<p style=\"text-align: left;\"><em>Arbete, kem, utbytesfilter, resa inom Alings\u00e5s, Lerums och V\u00e5rg\u00e5rda kommun. (\u00d6vriga tillkommer reskostnad). Tillg\u00e5ng till vatten kr\u00e4vs.<\/em><\/p>\n\t\t\n<style>\n#text-1667824563 {\n  line-height: 1.25;\n}\n<\/style>\n\t<\/div>\n\t\n<a data-animate=\"blurIn\" href=\"https:\/\/38grader.com\/en\/boka-service\/\" class=\"button white is-shade is-larger\" >\n\t\t<span>BOKA H\u00c4R!<\/span>\n\t<\/a>\n\n\t<div id=\"text-2139606113\" class=\"text\">\n\t\t\n<p style=\"text-align: center;\"><span style=\"color: #ffffff; font-size: 100%;\"><b>38 Grader AB \u00a0 \u00a0 \u00a0 \u00a00322-300 690 \u00a0 \u00a0 info@38grader.com<\/b><\/span><\/p>\n\t\t\n<style>\n#text-2139606113 {\n  line-height: 1.3;\n  color: rgb(255, 255, 255);\n}\n#text-2139606113 > * {\n  color: rgb(255, 255, 255);\n}\n<\/style>\n\t<\/div>\n\t\n              <\/div>\n           <\/div>\n       <\/div>       <\/div>              \n<style>\n#text-box-1373062940 {\n  width: 80%;\n}\n#text-box-1373062940 .text-box-content {\n  font-size: 100%;\n}\n@media (min-width:550px) {\n  #text-box-1373062940 {\n    width: 75%;\n  }\n}\n<\/style>\n    <\/div>\n \n   <div id=\"text-box-2021986017\" class=\"text-box banner-layer text-box-circle x85 md-x80 lg-x80 y40 md-y70 lg-y70 res-text\">\n                     <div data-animate=\"blurIn\">           <div class=\"text-box-content text dark\">\n              \n              <div class=\"text-inner text-center\">\n                  \n<p><span style=\"font-size: 110%;\"><strong><span style=\"color: #282828;\">2 895:-<\/span><\/strong><\/span><\/p>\n              <\/div>\n           <\/div>\n       <\/div>                     \n<style>\n#text-box-2021986017 .text-box-content {\n  background-color: rgba(255, 255, 255, 0.826);\n  font-size: 200%;\n  transform: rotate(8deg);\n}\n#text-box-2021986017 {\n  width: 25%;\n}\n@media (min-width:550px) {\n  #text-box-2021986017 {\n    width: 17%;\n  }\n  #text-box-2021986017 .text-box-content {\n    font-size: 147%;\n  }\n}\n<\/style>\n    <\/div>\n \n        <\/div>\n      <\/div>\n\n            \n<style>\n#banner-1611484455 {\n  padding-top: 110%;\n}\n<\/style>\n  <\/div>\n\n\n\t\t<\/div>\n\n\t\t\n<style>\n#section_89585510 {\n  padding-top: 0px;\n  padding-bottom: 0px;\n}\n<\/style>\n\t<\/section>","protected":false},"excerpt":{"rendered":"","protected":false},"author":1,"featured_media":0,"parent":0,"menu_order":0,"comment_status":"closed","ping_status":"closed","template":"page-blank-landingpage.php","meta":{"footnotes":""},"class_list":["post-7064","page","type-page","status-publish","hentry"],"yoast_head":"<!-- This site is optimized with the Yoast SEO Premium plugin v24.7 (Yoast SEO v27.5) - https:\/\/yoast.com\/product\/yoast-seo-premium-wordpress\/ -->\n<title>Vattenbyte -<\/title>\n<meta name=\"robots\" content=\"index, follow, max-snippet:-1, max-image-preview:large, max-video-preview:-1\" \/>\n<link rel=\"canonical\" href=\"https:\/\/38grader.com\/en\/vattenbyte\/\" \/>\n<meta property=\"og:locale\" content=\"en_US\" \/>\n<meta property=\"og:type\" content=\"article\" \/>\n<meta property=\"og:title\" content=\"Vattenbyte\" \/>\n<meta property=\"og:url\" content=\"https:\/\/38grader.com\/en\/vattenbyte\/\" \/>\n<meta property=\"article:publisher\" content=\"https:\/\/www.facebook.com\/38grader\/?ref=pages_you_manage\" \/>\n<meta property=\"article:modified_time\" content=\"2022-08-28T09:58:10+00:00\" \/>\n<meta property=\"og:image\" content=\"https:\/\/38grader.com\/wp-content\/uploads\/2022\/08\/Elegant_Miljo_960x960.jpg\" \/>\n\t<meta property=\"og:image:width\" content=\"960\" \/>\n\t<meta property=\"og:image:height\" content=\"960\" \/>\n\t<meta property=\"og:image:type\" content=\"image\/jpeg\" \/>\n<meta name=\"twitter:card\" content=\"summary_large_image\" \/>\n<meta name=\"twitter:label1\" content=\"Est. reading time\" \/>\n\t<meta name=\"twitter:data1\" content=\"2 minutes\" \/>\n<script type=\"application\/ld+json\" class=\"yoast-schema-graph\">{\"@context\":\"https:\\\/\\\/schema.org\",\"@graph\":[{\"@type\":\"WebPage\",\"@id\":\"https:\\\/\\\/38grader.com\\\/vattenbyte\\\/\",\"url\":\"https:\\\/\\\/38grader.com\\\/vattenbyte\\\/\",\"name\":\"Vattenbyte -\",\"isPartOf\":{\"@id\":\"https:\\\/\\\/38grader.com\\\/#website\"},\"datePublished\":\"2022-08-24T08:03:55+00:00\",\"dateModified\":\"2022-08-28T09:58:10+00:00\",\"breadcrumb\":{\"@id\":\"https:\\\/\\\/38grader.com\\\/vattenbyte\\\/#breadcrumb\"},\"inLanguage\":\"en-US\",\"potentialAction\":[{\"@type\":\"ReadAction\",\"target\":[\"https:\\\/\\\/38grader.com\\\/vattenbyte\\\/\"]}]},{\"@type\":\"BreadcrumbList\",\"@id\":\"https:\\\/\\\/38grader.com\\\/vattenbyte\\\/#breadcrumb\",\"itemListElement\":[{\"@type\":\"ListItem\",\"position\":1,\"name\":\"Hem\",\"item\":\"https:\\\/\\\/38grader.com\\\/\"},{\"@type\":\"ListItem\",\"position\":2,\"name\":\"Vattenbyte\"}]},{\"@type\":\"WebSite\",\"@id\":\"https:\\\/\\\/38grader.com\\\/#website\",\"url\":\"https:\\\/\\\/38grader.com\\\/\",\"name\":\"\",\"description\":\"Du kan bara slappna av. Vi l\u00f6ser det!\",\"publisher\":{\"@id\":\"https:\\\/\\\/38grader.com\\\/#organization\"},\"potentialAction\":[{\"@type\":\"SearchAction\",\"target\":{\"@type\":\"EntryPoint\",\"urlTemplate\":\"https:\\\/\\\/38grader.com\\\/?s={search_term_string}\"},\"query-input\":{\"@type\":\"PropertyValueSpecification\",\"valueRequired\":true,\"valueName\":\"search_term_string\"}}],\"inLanguage\":\"en-US\"},{\"@type\":\"Organization\",\"@id\":\"https:\\\/\\\/38grader.com\\\/#organization\",\"name\":\"38 grader AB\",\"url\":\"https:\\\/\\\/38grader.com\\\/\",\"logo\":{\"@type\":\"ImageObject\",\"inLanguage\":\"en-US\",\"@id\":\"https:\\\/\\\/38grader.com\\\/#\\\/schema\\\/logo\\\/image\\\/\",\"url\":\"https:\\\/\\\/38grader.com\\\/wp-content\\\/uploads\\\/2021\\\/05\\\/Logo-152.png\",\"contentUrl\":\"https:\\\/\\\/38grader.com\\\/wp-content\\\/uploads\\\/2021\\\/05\\\/Logo-152.png\",\"width\":152,\"height\":152,\"caption\":\"38 grader AB\"},\"image\":{\"@id\":\"https:\\\/\\\/38grader.com\\\/#\\\/schema\\\/logo\\\/image\\\/\"},\"sameAs\":[\"https:\\\/\\\/www.facebook.com\\\/38grader\\\/?ref=pages_you_manage\",\"https:\\\/\\\/www.instagram.com\\\/38_grader\\\/\"]}]}<\/script>\n<!-- \/ Yoast SEO Premium plugin. -->","yoast_head_json":{"title":"Vattenbyte -","robots":{"index":"index","follow":"follow","max-snippet":"max-snippet:-1","max-image-preview":"max-image-preview:large","max-video-preview":"max-video-preview:-1"},"canonical":"https:\/\/38grader.com\/en\/vattenbyte\/","og_locale":"en_US","og_type":"article","og_title":"Vattenbyte","og_url":"https:\/\/38grader.com\/en\/vattenbyte\/","article_publisher":"https:\/\/www.facebook.com\/38grader\/?ref=pages_you_manage","article_modified_time":"2022-08-28T09:58:10+00:00","og_image":[{"width":960,"height":960,"url":"https:\/\/38grader.com\/wp-content\/uploads\/2022\/08\/Elegant_Miljo_960x960.jpg","type":"image\/jpeg"}],"twitter_card":"summary_large_image","twitter_misc":{"Est. reading time":"2 minutes"},"schema":{"@context":"https:\/\/schema.org","@graph":[{"@type":"WebPage","@id":"https:\/\/38grader.com\/vattenbyte\/","url":"https:\/\/38grader.com\/vattenbyte\/","name":"Vattenbyte -","isPartOf":{"@id":"https:\/\/38grader.com\/#website"},"datePublished":"2022-08-24T08:03:55+00:00","dateModified":"2022-08-28T09:58:10+00:00","breadcrumb":{"@id":"https:\/\/38grader.com\/vattenbyte\/#breadcrumb"},"inLanguage":"en-US","potentialAction":[{"@type":"ReadAction","target":["https:\/\/38grader.com\/vattenbyte\/"]}]},{"@type":"BreadcrumbList","@id":"https:\/\/38grader.com\/vattenbyte\/#breadcrumb","itemListElement":[{"@type":"ListItem","position":1,"name":"Hem","item":"https:\/\/38grader.com\/"},{"@type":"ListItem","position":2,"name":"Vattenbyte"}]},{"@type":"WebSite","@id":"https:\/\/38grader.com\/#website","url":"https:\/\/38grader.com\/","name":"","description":"You can just relax. We&#039;ll handle it!","publisher":{"@id":"https:\/\/38grader.com\/#organization"},"potentialAction":[{"@type":"SearchAction","target":{"@type":"EntryPoint","urlTemplate":"https:\/\/38grader.com\/?s={search_term_string}"},"query-input":{"@type":"PropertyValueSpecification","valueRequired":true,"valueName":"search_term_string"}}],"inLanguage":"en-US"},{"@type":"Organization","@id":"https:\/\/38grader.com\/#organization","name":"38 degrees AB","url":"https:\/\/38grader.com\/","logo":{"@type":"ImageObject","inLanguage":"en-US","@id":"https:\/\/38grader.com\/#\/schema\/logo\/image\/","url":"https:\/\/38grader.com\/wp-content\/uploads\/2021\/05\/Logo-152.png","contentUrl":"https:\/\/38grader.com\/wp-content\/uploads\/2021\/05\/Logo-152.png","width":152,"height":152,"caption":"38 grader AB"},"image":{"@id":"https:\/\/38grader.com\/#\/schema\/logo\/image\/"},"sameAs":["https:\/\/www.facebook.com\/38grader\/?ref=pages_you_manage","https:\/\/www.instagram.com\/38_grader\/"]}]}},"_links":{"self":[{"href":"https:\/\/38grader.com\/en\/wp-json\/wp\/v2\/pages\/7064","targetHints":{"allow":["GET"]}}],"collection":[{"href":"https:\/\/38grader.com\/en\/wp-json\/wp\/v2\/pages"}],"about":[{"href":"https:\/\/38grader.com\/en\/wp-json\/wp\/v2\/types\/page"}],"author":[{"embeddable":true,"href":"https:\/\/38grader.com\/en\/wp-json\/wp\/v2\/users\/1"}],"replies":[{"embeddable":true,"href":"https:\/\/38grader.com\/en\/wp-json\/wp\/v2\/comments?post=7064"}],"version-history":[{"count":40,"href":"https:\/\/38grader.com\/en\/wp-json\/wp\/v2\/pages\/7064\/revisions"}],"predecessor-version":[{"id":7108,"href":"https:\/\/38grader.com\/en\/wp-json\/wp\/v2\/pages\/7064\/revisions\/7108"}],"wp:attachment":[{"href":"https:\/\/38grader.com\/en\/wp-json\/wp\/v2\/media?parent=7064"}],"curies":[{"name":"wp","href":"https:\/\/api.w.org\/{rel}","templated":true}]}}