{"id":5292,"date":"2022-06-15T21:08:51","date_gmt":"2022-06-15T19:08:51","guid":{"rendered":"https:\/\/38grader.com\/?page_id=5292"},"modified":"2022-06-15T22:17:14","modified_gmt":"2022-06-15T20:17:14","slug":"utomhusduschar","status":"publish","type":"page","link":"https:\/\/38grader.com\/en\/utomhusduschar\/","title":{"rendered":"Utomhusduschar"},"content":{"rendered":"\t<div id=\"gap-699312469\" class=\"gap-element clearfix\" style=\"display:block; height:auto;\">\n\t\t\n<style>\n#gap-699312469 {\n  padding-top: 117px;\n}\n<\/style>\n\t<\/div>\n\t\n\n\t<section class=\"section hide-for-small\" id=\"section_288623848\">\n\t\t<div class=\"section-bg fill\" >\n\t\t\t\t\t\t\t\t\t\n\t\t\t\n\n\t\t<\/div>\n\n\t\t\n\n\t\t<div class=\"section-content relative\">\n\t\t\t\n\n  <div class=\"banner has-hover is-full-height\" id=\"banner-383021798\">\n          <div class=\"banner-inner fill\">\n        <div class=\"banner-bg fill\" >\n            <img fetchpriority=\"high\" decoding=\"async\" width=\"1020\" height=\"574\" src=\"https:\/\/38grader.com\/wp-content\/uploads\/2022\/06\/Toppbild_duschar-1400x788.jpg\" class=\"bg attachment-large size-large\" alt=\"\" \/>                                    \n                    <\/div>\n\t\t\n        <div class=\"banner-layers container\">\n            <div class=\"fill banner-link\"><\/div>            \n   <div id=\"text-box-1077231819\" class=\"text-box banner-layer x100 md-x100 lg-x100 y25 md-y25 lg-y25 res-text\">\n                                <div class=\"text-box-content text dark\">\n              \n              <div class=\"text-inner text-left\">\n                  \n<h3><img decoding=\"async\" class=\"aligncenter wp-image-5295 lazyload\" data-src=\"https:\/\/38grader.com\/wp-content\/uploads\/2022\/06\/JEE-O_960x960.png\" alt=\"\" width=\"149\" height=\"150\" data-srcset=\"https:\/\/38grader.com\/wp-content\/uploads\/2022\/06\/JEE-O_960x960.png 960w, https:\/\/38grader.com\/wp-content\/uploads\/2022\/06\/JEE-O_960x960-398x400.png 398w, https:\/\/38grader.com\/wp-content\/uploads\/2022\/06\/JEE-O_960x960-796x800.png 796w, https:\/\/38grader.com\/wp-content\/uploads\/2022\/06\/JEE-O_960x960-280x280.png 280w, https:\/\/38grader.com\/wp-content\/uploads\/2022\/06\/JEE-O_960x960-768x772.png 768w, https:\/\/38grader.com\/wp-content\/uploads\/2022\/06\/JEE-O_960x960-510x513.png 510w, https:\/\/38grader.com\/wp-content\/uploads\/2022\/06\/JEE-O_960x960-100x100.png 100w, https:\/\/38grader.com\/wp-content\/uploads\/2022\/06\/JEE-O_960x960-50x50.png 50w\" data-sizes=\"(max-width: 149px) 100vw, 149px\" src=\"data:image\/svg+xml;base64,PHN2ZyB3aWR0aD0iMSIgaGVpZ2h0PSIxIiB4bWxucz0iaHR0cDovL3d3dy53My5vcmcvMjAwMC9zdmciPjwvc3ZnPg==\" style=\"--smush-placeholder-width: 149px; --smush-placeholder-aspect-ratio: 149\/150;\" \/><\/h3>\n<h3 class=\"uppercase\"><strong><br \/>EXKLUSIV EUROPEISK DESIGN<\/strong><\/h3>\n<p id=\"tw-target-text\" class=\"tw-data-text tw-text-large tw-ta\" dir=\"ltr\" data-placeholder=\"\u00d6vers\u00e4ttning\"><span class=\"Y2IQFc\" lang=\"sv\" style=\"font-size: 130%;\">Uppfriskande och ambiti\u00f6s, exklusiv och extrovert, tuff och dj\u00e4rv. <\/span><span class=\"Y2IQFc\" lang=\"sv\" style=\"font-size: 130%;\">Utomhusduschar fr\u00e5n JEE-O k\u00e4nnetecknas av robust och kraftfull design, alltid utm\u00e4rkande i sin enkelhet.<br \/><\/span><span class=\"Y2IQFc\" lang=\"sv\" style=\"font-size: 130%;\">En look som talar f\u00f6r sig sj\u00e4lv.<\/span><\/p>\n              <\/div>\n           <\/div>\n                            \n<style>\n#text-box-1077231819 {\n  width: 60%;\n}\n#text-box-1077231819 .text-box-content {\n  font-size: 100%;\n}\n<\/style>\n    <\/div>\n \n   <div id=\"text-box-987884432\" class=\"text-box banner-layer x50 md-x50 lg-x50 y75 md-y75 lg-y75 res-text\">\n                                <div class=\"text-box-content text dark\">\n              \n              <div class=\"text-inner text-center\">\n                  \n<a data-animate=\"blurIn\" href=\"#utbud-badkar\" class=\"button primary is-shade is-large box-shadow-1 box-shadow-3-hover lowercase\" >\n\t\t<span>Utbud<\/span>\n\t<i class=\"icon-angle-down\" aria-hidden=\"true\"><\/i><\/a>\n\n              <\/div>\n           <\/div>\n                            \n<style>\n#text-box-987884432 {\n  width: 60%;\n}\n#text-box-987884432 .text-box-content {\n  font-size: 100%;\n}\n<\/style>\n    <\/div>\n \n        <\/div>\n      <\/div>\n\n            \n<style>\n#banner-383021798 {\n  padding-top: 100%;\n}\n#banner-383021798 .banner-bg img {\n  object-position: 100% 0%;\n}\n<\/style>\n  <\/div>\n\n\n\t\t<\/div>\n\n\t\t\n<style>\n#section_288623848 {\n  padding-top: 0px;\n  padding-bottom: 0px;\n}\n<\/style>\n\t<\/section>\n\t\n\n\t<section class=\"section show-for-small\" id=\"section_156420841\">\n\t\t<div class=\"section-bg fill\" >\n\t\t\t\t\t\t\t\t\t\n\t\t\t\n\t<div class=\"is-border\"\n\t\tstyle=\"border-width:0px 0px 0px 0px;margin:-0 0px 0px 0px;\">\n\t<\/div>\n\n\t\t<\/div>\n\n\t\t\n\n\t\t<div class=\"section-content relative\">\n\t\t\t\n\n  <div class=\"banner has-hover is-full-height\" id=\"banner-1042486079\">\n          <div class=\"banner-inner fill\">\n        <div class=\"banner-bg fill\" >\n            <img decoding=\"async\" width=\"800\" height=\"800\" data-src=\"https:\/\/38grader.com\/wp-content\/uploads\/2022\/06\/Dusch_kategoribild-800x800.jpg\" class=\"bg attachment-large size-large lazyload\" alt=\"\" src=\"data:image\/svg+xml;base64,PHN2ZyB3aWR0aD0iMSIgaGVpZ2h0PSIxIiB4bWxucz0iaHR0cDovL3d3dy53My5vcmcvMjAwMC9zdmciPjwvc3ZnPg==\" style=\"--smush-placeholder-width: 800px; --smush-placeholder-aspect-ratio: 800\/800;\" \/>                        <div class=\"overlay\"><\/div>            \n                    <\/div>\n\t\t\n        <div class=\"banner-layers container\">\n            <div class=\"fill banner-link\"><\/div>            \n   <div id=\"text-box-845064185\" class=\"text-box banner-layer x50 md-x50 lg-x50 y25 md-y30 lg-y30 res-text\">\n                                <div class=\"text-box-content text dark\">\n              \n              <div class=\"text-inner text-left\">\n                  \n\t<div id=\"text-3400512471\" class=\"text\">\n\t\t\n<h3><img decoding=\"async\" class=\"wp-image-5295 aligncenter lazyload\" data-src=\"https:\/\/38grader.com\/wp-content\/uploads\/2022\/06\/JEE-O_960x960.png\" alt=\"\" width=\"149\" height=\"150\" data-srcset=\"https:\/\/38grader.com\/wp-content\/uploads\/2022\/06\/JEE-O_960x960.png 960w, https:\/\/38grader.com\/wp-content\/uploads\/2022\/06\/JEE-O_960x960-398x400.png 398w, https:\/\/38grader.com\/wp-content\/uploads\/2022\/06\/JEE-O_960x960-796x800.png 796w, https:\/\/38grader.com\/wp-content\/uploads\/2022\/06\/JEE-O_960x960-280x280.png 280w, https:\/\/38grader.com\/wp-content\/uploads\/2022\/06\/JEE-O_960x960-768x772.png 768w, https:\/\/38grader.com\/wp-content\/uploads\/2022\/06\/JEE-O_960x960-510x513.png 510w, https:\/\/38grader.com\/wp-content\/uploads\/2022\/06\/JEE-O_960x960-100x100.png 100w, https:\/\/38grader.com\/wp-content\/uploads\/2022\/06\/JEE-O_960x960-50x50.png 50w\" data-sizes=\"(max-width: 149px) 100vw, 149px\" src=\"data:image\/svg+xml;base64,PHN2ZyB3aWR0aD0iMSIgaGVpZ2h0PSIxIiB4bWxucz0iaHR0cDovL3d3dy53My5vcmcvMjAwMC9zdmciPjwvc3ZnPg==\" style=\"--smush-placeholder-width: 149px; --smush-placeholder-aspect-ratio: 149\/150;\" \/><\/h3>\n<h4 class=\"uppercase\"><strong>EXKLUSIV EUROPEISK DESIGN<\/strong><\/h4>\n\t\t\n<style>\n#text-3400512471 {\n  font-size: 0.75rem;\n  text-align: left;\n}\n<\/style>\n\t<\/div>\n\t\n<p id=\"tw-target-text\" class=\"tw-data-text tw-text-large tw-ta\" dir=\"ltr\" data-placeholder=\"\u00d6vers\u00e4ttning\"><span class=\"Y2IQFc\" lang=\"sv\" style=\"font-size: 130%;\">Uppfriskande och ambiti\u00f6s, exklusiv och extrovert, tuff och dj\u00e4rv. <\/span><span class=\"Y2IQFc\" lang=\"sv\" style=\"font-size: 130%;\">Utomhusduschar fr\u00e5n JEE-O k\u00e4nnetecknas av robust och kraftfull design, alltid utm\u00e4rkande i sin enkelhet.<br \/><\/span><span class=\"Y2IQFc\" lang=\"sv\" style=\"font-size: 130%;\">En look som talar f\u00f6r sig sj\u00e4lv.<\/span><\/p>\n              <\/div>\n           <\/div>\n                            \n<style>\n#text-box-845064185 {\n  width: 85%;\n}\n#text-box-845064185 .text-box-content {\n  font-size: 100%;\n}\n@media (min-width:550px) {\n  #text-box-845064185 {\n    width: 60%;\n  }\n}\n<\/style>\n    <\/div>\n \n   <div id=\"text-box-430512462\" class=\"text-box banner-layer x90 md-x50 lg-x50 y100 md-y75 lg-y75 res-text\">\n                                <div class=\"text-box-content text dark\">\n              \n              <div class=\"text-inner text-center\">\n                  \n<a data-animate=\"blurIn\" href=\"#utbud-badkar\" class=\"button primary is-shade is-larger box-shadow-1 box-shadow-3-hover lowercase\" >\n\t\t<span>Utbud<\/span>\n\t<i class=\"icon-angle-down\" aria-hidden=\"true\"><\/i><\/a>\n\n              <\/div>\n           <\/div>\n                            \n<style>\n#text-box-430512462 {\n  width: 60%;\n}\n#text-box-430512462 .text-box-content {\n  font-size: 100%;\n}\n<\/style>\n    <\/div>\n \n        <\/div>\n      <\/div>\n\n            \n<style>\n#banner-1042486079 {\n  padding-top: 100%;\n}\n#banner-1042486079 .overlay {\n  background-color: rgba(0, 0, 0, 0.279);\n}\n#banner-1042486079 .banner-bg img {\n  object-position: 20% 54%;\n}\n@media (min-width:550px) {\n  #banner-1042486079 .overlay {\n    background-color: rgba(0, 0, 0, 0.157);\n  }\n}\n<\/style>\n  <\/div>\n\n\n\t\t<\/div>\n\n\t\t\n<style>\n#section_156420841 {\n  padding-top: 0px;\n  padding-bottom: 0px;\n  margin-bottom: 0px;\n}\n<\/style>\n\t<\/section>\n\t\n<div class=\"row row-full-width align-middle align-center\"  id=\"row-1418484755\">\n\n\t<div id=\"col-1468395030\" class=\"col medium-8 small-12 large-8\"  >\n\t\t\t\t<div class=\"col-inner text-center\"  >\n\t\t\t\n\t\t\t\n<span class=\"scroll-to\" data-label=\"Scroll to: #utbud-badkar\" data-bullet=\"true\" data-link=\"#utbud-badkar\" data-title=\"#utbud-badkar\"><a name=\"utbud-badkar\"><\/a><\/span>\n\t<div id=\"gap-2087408338\" class=\"gap-element clearfix\" style=\"display:block; height:auto;\">\n\t\t\n<style>\n#gap-2087408338 {\n  padding-top: 20px;\n}\n@media (min-width:550px) {\n  #gap-2087408338 {\n    padding-top: 30px;\n  }\n}\n<\/style>\n\t<\/div>\n\t\n[ux_products style=&#8221;normal&#8221; type=&#8221;row&#8221; width=&#8221;full-width&#8221; columns=&#8221;3&#8243; depth=&#8221;1&#8243; depth_hover=&#8221;4&#8243; equalize_box=&#8221;true&#8221; cat=&#8221;614&#8243; products=&#8221;99&#8243; image_size=&#8221;medium&#8221; text_align=&#8221;left&#8221; text_size=&#8221;large&#8221; class=&#8221;has-equal-box-heights&#8221;]\n\t\t<\/div>\n\t\t\t\t\t<\/div>\n\n\t\n<\/div>\n","protected":false},"excerpt":{"rendered":"","protected":false},"author":1,"featured_media":0,"parent":0,"menu_order":0,"comment_status":"closed","ping_status":"closed","template":"","meta":{"footnotes":""},"class_list":["post-5292","page","type-page","status-publish","hentry"],"yoast_head":"<!-- This site is optimized with the Yoast SEO Premium plugin v24.7 (Yoast SEO v27.5) - https:\/\/yoast.com\/product\/yoast-seo-premium-wordpress\/ -->\n<title>Utomhusduschar -<\/title>\n<meta name=\"robots\" content=\"index, follow, max-snippet:-1, max-image-preview:large, max-video-preview:-1\" \/>\n<link rel=\"canonical\" href=\"https:\/\/38grader.com\/en\/utomhusduschar\/\" \/>\n<meta property=\"og:locale\" content=\"en_US\" \/>\n<meta property=\"og:type\" content=\"article\" \/>\n<meta property=\"og:title\" content=\"Utomhusduschar\" \/>\n<meta property=\"og:url\" content=\"https:\/\/38grader.com\/en\/utomhusduschar\/\" \/>\n<meta property=\"article:publisher\" content=\"https:\/\/www.facebook.com\/38grader\/?ref=pages_you_manage\" \/>\n<meta property=\"article:modified_time\" content=\"2022-06-15T20:17:14+00:00\" \/>\n<meta property=\"og:image\" content=\"https:\/\/38grader.com\/wp-content\/uploads\/2022\/06\/JEE-O_960x960.png\" \/>\n<meta name=\"twitter:card\" content=\"summary_large_image\" \/>\n<meta name=\"twitter:label1\" content=\"Est. reading time\" \/>\n\t<meta name=\"twitter:data1\" content=\"1 minute\" \/>\n<script type=\"application\/ld+json\" class=\"yoast-schema-graph\">{\"@context\":\"https:\\\/\\\/schema.org\",\"@graph\":[{\"@type\":\"WebPage\",\"@id\":\"https:\\\/\\\/38grader.com\\\/utomhusduschar\\\/\",\"url\":\"https:\\\/\\\/38grader.com\\\/utomhusduschar\\\/\",\"name\":\"Utomhusduschar -\",\"isPartOf\":{\"@id\":\"https:\\\/\\\/38grader.com\\\/#website\"},\"primaryImageOfPage\":{\"@id\":\"https:\\\/\\\/38grader.com\\\/utomhusduschar\\\/#primaryimage\"},\"image\":{\"@id\":\"https:\\\/\\\/38grader.com\\\/utomhusduschar\\\/#primaryimage\"},\"thumbnailUrl\":\"https:\\\/\\\/38grader.com\\\/wp-content\\\/uploads\\\/2022\\\/06\\\/JEE-O_960x960.png\",\"datePublished\":\"2022-06-15T19:08:51+00:00\",\"dateModified\":\"2022-06-15T20:17:14+00:00\",\"breadcrumb\":{\"@id\":\"https:\\\/\\\/38grader.com\\\/utomhusduschar\\\/#breadcrumb\"},\"inLanguage\":\"en-US\",\"potentialAction\":[{\"@type\":\"ReadAction\",\"target\":[\"https:\\\/\\\/38grader.com\\\/utomhusduschar\\\/\"]}]},{\"@type\":\"ImageObject\",\"inLanguage\":\"en-US\",\"@id\":\"https:\\\/\\\/38grader.com\\\/utomhusduschar\\\/#primaryimage\",\"url\":\"https:\\\/\\\/38grader.com\\\/wp-content\\\/uploads\\\/2022\\\/06\\\/JEE-O_960x960.png\",\"contentUrl\":\"https:\\\/\\\/38grader.com\\\/wp-content\\\/uploads\\\/2022\\\/06\\\/JEE-O_960x960.png\"},{\"@type\":\"BreadcrumbList\",\"@id\":\"https:\\\/\\\/38grader.com\\\/utomhusduschar\\\/#breadcrumb\",\"itemListElement\":[{\"@type\":\"ListItem\",\"position\":1,\"name\":\"Hem\",\"item\":\"https:\\\/\\\/38grader.com\\\/\"},{\"@type\":\"ListItem\",\"position\":2,\"name\":\"Utomhusduschar\"}]},{\"@type\":\"WebSite\",\"@id\":\"https:\\\/\\\/38grader.com\\\/#website\",\"url\":\"https:\\\/\\\/38grader.com\\\/\",\"name\":\"\",\"description\":\"Du kan bara slappna av. Vi l\u00f6ser det!\",\"publisher\":{\"@id\":\"https:\\\/\\\/38grader.com\\\/#organization\"},\"potentialAction\":[{\"@type\":\"SearchAction\",\"target\":{\"@type\":\"EntryPoint\",\"urlTemplate\":\"https:\\\/\\\/38grader.com\\\/?s={search_term_string}\"},\"query-input\":{\"@type\":\"PropertyValueSpecification\",\"valueRequired\":true,\"valueName\":\"search_term_string\"}}],\"inLanguage\":\"en-US\"},{\"@type\":\"Organization\",\"@id\":\"https:\\\/\\\/38grader.com\\\/#organization\",\"name\":\"38 grader AB\",\"url\":\"https:\\\/\\\/38grader.com\\\/\",\"logo\":{\"@type\":\"ImageObject\",\"inLanguage\":\"en-US\",\"@id\":\"https:\\\/\\\/38grader.com\\\/#\\\/schema\\\/logo\\\/image\\\/\",\"url\":\"https:\\\/\\\/38grader.com\\\/wp-content\\\/uploads\\\/2021\\\/05\\\/Logo-152.png\",\"contentUrl\":\"https:\\\/\\\/38grader.com\\\/wp-content\\\/uploads\\\/2021\\\/05\\\/Logo-152.png\",\"width\":152,\"height\":152,\"caption\":\"38 grader AB\"},\"image\":{\"@id\":\"https:\\\/\\\/38grader.com\\\/#\\\/schema\\\/logo\\\/image\\\/\"},\"sameAs\":[\"https:\\\/\\\/www.facebook.com\\\/38grader\\\/?ref=pages_you_manage\",\"https:\\\/\\\/www.instagram.com\\\/38_grader\\\/\"]}]}<\/script>\n<!-- \/ Yoast SEO Premium plugin. -->","yoast_head_json":{"title":"Utomhusduschar -","robots":{"index":"index","follow":"follow","max-snippet":"max-snippet:-1","max-image-preview":"max-image-preview:large","max-video-preview":"max-video-preview:-1"},"canonical":"https:\/\/38grader.com\/en\/utomhusduschar\/","og_locale":"en_US","og_type":"article","og_title":"Utomhusduschar","og_url":"https:\/\/38grader.com\/en\/utomhusduschar\/","article_publisher":"https:\/\/www.facebook.com\/38grader\/?ref=pages_you_manage","article_modified_time":"2022-06-15T20:17:14+00:00","og_image":[{"url":"https:\/\/38grader.com\/wp-content\/uploads\/2022\/06\/JEE-O_960x960.png","type":"","width":"","height":""}],"twitter_card":"summary_large_image","twitter_misc":{"Est. reading time":"1 minute"},"schema":{"@context":"https:\/\/schema.org","@graph":[{"@type":"WebPage","@id":"https:\/\/38grader.com\/utomhusduschar\/","url":"https:\/\/38grader.com\/utomhusduschar\/","name":"Utomhusduschar -","isPartOf":{"@id":"https:\/\/38grader.com\/#website"},"primaryImageOfPage":{"@id":"https:\/\/38grader.com\/utomhusduschar\/#primaryimage"},"image":{"@id":"https:\/\/38grader.com\/utomhusduschar\/#primaryimage"},"thumbnailUrl":"https:\/\/38grader.com\/wp-content\/uploads\/2022\/06\/JEE-O_960x960.png","datePublished":"2022-06-15T19:08:51+00:00","dateModified":"2022-06-15T20:17:14+00:00","breadcrumb":{"@id":"https:\/\/38grader.com\/utomhusduschar\/#breadcrumb"},"inLanguage":"en-US","potentialAction":[{"@type":"ReadAction","target":["https:\/\/38grader.com\/utomhusduschar\/"]}]},{"@type":"ImageObject","inLanguage":"en-US","@id":"https:\/\/38grader.com\/utomhusduschar\/#primaryimage","url":"https:\/\/38grader.com\/wp-content\/uploads\/2022\/06\/JEE-O_960x960.png","contentUrl":"https:\/\/38grader.com\/wp-content\/uploads\/2022\/06\/JEE-O_960x960.png"},{"@type":"BreadcrumbList","@id":"https:\/\/38grader.com\/utomhusduschar\/#breadcrumb","itemListElement":[{"@type":"ListItem","position":1,"name":"Hem","item":"https:\/\/38grader.com\/"},{"@type":"ListItem","position":2,"name":"Utomhusduschar"}]},{"@type":"WebSite","@id":"https:\/\/38grader.com\/#website","url":"https:\/\/38grader.com\/","name":"","description":"You can just relax. We&#039;ll handle it!","publisher":{"@id":"https:\/\/38grader.com\/#organization"},"potentialAction":[{"@type":"SearchAction","target":{"@type":"EntryPoint","urlTemplate":"https:\/\/38grader.com\/?s={search_term_string}"},"query-input":{"@type":"PropertyValueSpecification","valueRequired":true,"valueName":"search_term_string"}}],"inLanguage":"en-US"},{"@type":"Organization","@id":"https:\/\/38grader.com\/#organization","name":"38 degrees AB","url":"https:\/\/38grader.com\/","logo":{"@type":"ImageObject","inLanguage":"en-US","@id":"https:\/\/38grader.com\/#\/schema\/logo\/image\/","url":"https:\/\/38grader.com\/wp-content\/uploads\/2021\/05\/Logo-152.png","contentUrl":"https:\/\/38grader.com\/wp-content\/uploads\/2021\/05\/Logo-152.png","width":152,"height":152,"caption":"38 grader AB"},"image":{"@id":"https:\/\/38grader.com\/#\/schema\/logo\/image\/"},"sameAs":["https:\/\/www.facebook.com\/38grader\/?ref=pages_you_manage","https:\/\/www.instagram.com\/38_grader\/"]}]}},"_links":{"self":[{"href":"https:\/\/38grader.com\/en\/wp-json\/wp\/v2\/pages\/5292","targetHints":{"allow":["GET"]}}],"collection":[{"href":"https:\/\/38grader.com\/en\/wp-json\/wp\/v2\/pages"}],"about":[{"href":"https:\/\/38grader.com\/en\/wp-json\/wp\/v2\/types\/page"}],"author":[{"embeddable":true,"href":"https:\/\/38grader.com\/en\/wp-json\/wp\/v2\/users\/1"}],"replies":[{"embeddable":true,"href":"https:\/\/38grader.com\/en\/wp-json\/wp\/v2\/comments?post=5292"}],"version-history":[{"count":12,"href":"https:\/\/38grader.com\/en\/wp-json\/wp\/v2\/pages\/5292\/revisions"}],"predecessor-version":[{"id":5309,"href":"https:\/\/38grader.com\/en\/wp-json\/wp\/v2\/pages\/5292\/revisions\/5309"}],"wp:attachment":[{"href":"https:\/\/38grader.com\/en\/wp-json\/wp\/v2\/media?parent=5292"}],"curies":[{"name":"wp","href":"https:\/\/api.w.org\/{rel}","templated":true}]}}