{"id":4828,"date":"2022-04-10T12:28:47","date_gmt":"2022-04-10T10:28:47","guid":{"rendered":"https:\/\/38grader.com\/?page_id=4828"},"modified":"2022-05-14T16:00:17","modified_gmt":"2022-05-14T14:00:17","slug":"underhall-rengoring-spabad","status":"publish","type":"page","link":"https:\/\/38grader.com\/en\/underhall-rengoring-spabad\/","title":{"rendered":"Underh\u00e5ll Reng\u00f6ring spabad"},"content":{"rendered":"\t<div id=\"gap-1787902912\" class=\"gap-element clearfix\" style=\"display:block; height:auto;\">\n\t\t\n<style>\n#gap-1787902912 {\n  padding-top: 117px;\n}\n<\/style>\n\t<\/div>\n\t\n\n\t<section class=\"section\" id=\"section_590819166\">\n\t\t<div class=\"section-bg fill\" >\n\t\t\t\t\t\t\t\t\t\n\t\t\t\n\n\t\t<\/div>\n\n\t\t\n\n\t\t<div class=\"section-content relative\">\n\t\t\t\n\t\t<\/div>\n\n\t\t\n<style>\n#section_590819166 {\n  padding-top: 0px;\n  padding-bottom: 0px;\n}\n<\/style>\n\t<\/section>\n\t\n<div class=\"row row-full-width align-middle align-center\"  id=\"row-1165457229\">\n\n\t<div id=\"col-157890795\" class=\"col medium-1 small-12 large-1\"  >\n\t\t\t\t<div class=\"col-inner\"  >\n\t\t\t\n\t\t\t\n\t\t<\/div>\n\t\t\t\t\t<\/div>\n\n\t\n\n\t<div id=\"col-491620600\" class=\"col medium-10 small-12 large-10\"  >\n\t\t\t\t<div class=\"col-inner text-center\"  >\n\t\t\t\n\t\t\t\n\t<div id=\"text-2413361654\" class=\"text #utbud-badkar\">\n\t\t\n<h1>RENG\u00d6RING OCH UNDERH\u00c5LL SPABAD<\/h1>\n<p><span style=\"font-size: 110%;\">Det \u00e4r sk\u00f6nt att bada, men f\u00f6r att du ska kunna slappna av m\u00e5ste det vara tryggt och s\u00e4kert. H\u00f6ga temperaturer och intensiva vattenr\u00f6relser st\u00e4ller stora krav p\u00e5 sk\u00f6tseln f\u00f6r att vattnet h\u00e5llas s\u00e4kert och fritt fr\u00e5n smuts och bakterier.\u00a0 \u00c4ven spabadet och dess komponenter som filter och r\u00f6rsystem beh\u00f6ver sk\u00f6tas om.\u00a0Vi har ett komplett sortiment f\u00f6r sk\u00f6tseln av ditt spabad. Sortimentet inneh\u00e5ller allt som beh\u00f6vs f\u00f6r att h\u00e5lla vattenkvalit\u00e9n och spabadet i b\u00e4sta skick.<\/span><\/p>\n<p><span style=\"font-size: 110%;\">Ge ditt spabad en riktig spabehandling!<\/span><\/p>\n\t\t\n<style>\n#text-2413361654 {\n  font-size: 1rem;\n  text-align: left;\n}\n<\/style>\n\t<\/div>\n\t\n\t<div id=\"gap-1944419470\" class=\"gap-element clearfix\" style=\"display:block; height:auto;\">\n\t\t\n<style>\n#gap-1944419470 {\n  padding-top: 30px;\n}\n<\/style>\n\t<\/div>\n\t\n[ux_products style=&#8221;normal&#8221; type=&#8221;row&#8221; width=&#8221;full-width&#8221; depth=&#8221;1&#8243; depth_hover=&#8221;4&#8243; equalize_box=&#8221;true&#8221; cat=&#8221;414&#8243; products=&#8221;99&#8243; orderby=&#8221;name&#8221; image_size=&#8221;medium&#8221; text_align=&#8221;left&#8221; text_size=&#8221;large&#8221; class=&#8221;has-equal-box-heights&#8221;]\n\t\t<\/div>\n\t\t\t\t\t<\/div>\n\n\t\n\n\t<div id=\"col-1036547786\" class=\"col medium-1 small-12 large-1\"  >\n\t\t\t\t<div class=\"col-inner\"  >\n\t\t\t\n\t\t\t\n\t\t<\/div>\n\t\t\t\t\t<\/div>\n\n\t\n<\/div>\n","protected":false},"excerpt":{"rendered":"","protected":false},"author":1,"featured_media":0,"parent":0,"menu_order":0,"comment_status":"closed","ping_status":"closed","template":"","meta":{"footnotes":""},"class_list":["post-4828","page","type-page","status-publish","hentry"],"yoast_head":"<!-- This site is optimized with the Yoast SEO Premium plugin v24.7 (Yoast SEO v27.5) - https:\/\/yoast.com\/product\/yoast-seo-premium-wordpress\/ -->\n<title>Underh\u00e5ll Reng\u00f6ring spabad -<\/title>\n<meta name=\"robots\" content=\"index, follow, max-snippet:-1, max-image-preview:large, max-video-preview:-1\" \/>\n<link rel=\"canonical\" href=\"https:\/\/38grader.com\/en\/underhall-rengoring-spabad\/\" \/>\n<meta property=\"og:locale\" content=\"en_US\" \/>\n<meta property=\"og:type\" content=\"article\" \/>\n<meta property=\"og:title\" content=\"Underh\u00e5ll Reng\u00f6ring spabad\" \/>\n<meta property=\"og:url\" content=\"https:\/\/38grader.com\/en\/underhall-rengoring-spabad\/\" \/>\n<meta property=\"article:publisher\" content=\"https:\/\/www.facebook.com\/38grader\/?ref=pages_you_manage\" \/>\n<meta property=\"article:modified_time\" content=\"2022-05-14T14:00:17+00:00\" \/>\n<meta property=\"og:image\" content=\"https:\/\/38grader.com\/wp-content\/uploads\/2022\/08\/Elegant_Miljo_960x960.jpg\" \/>\n\t<meta property=\"og:image:width\" content=\"960\" \/>\n\t<meta property=\"og:image:height\" content=\"960\" \/>\n\t<meta property=\"og:image:type\" content=\"image\/jpeg\" \/>\n<meta name=\"twitter:card\" content=\"summary_large_image\" \/>\n<meta name=\"twitter:label1\" content=\"Est. reading time\" \/>\n\t<meta name=\"twitter:data1\" content=\"1 minute\" \/>\n<script type=\"application\/ld+json\" class=\"yoast-schema-graph\">{\"@context\":\"https:\\\/\\\/schema.org\",\"@graph\":[{\"@type\":\"WebPage\",\"@id\":\"https:\\\/\\\/38grader.com\\\/underhall-rengoring-spabad\\\/\",\"url\":\"https:\\\/\\\/38grader.com\\\/underhall-rengoring-spabad\\\/\",\"name\":\"Underh\u00e5ll Reng\u00f6ring spabad -\",\"isPartOf\":{\"@id\":\"https:\\\/\\\/38grader.com\\\/#website\"},\"datePublished\":\"2022-04-10T10:28:47+00:00\",\"dateModified\":\"2022-05-14T14:00:17+00:00\",\"breadcrumb\":{\"@id\":\"https:\\\/\\\/38grader.com\\\/underhall-rengoring-spabad\\\/#breadcrumb\"},\"inLanguage\":\"en-US\",\"potentialAction\":[{\"@type\":\"ReadAction\",\"target\":[\"https:\\\/\\\/38grader.com\\\/underhall-rengoring-spabad\\\/\"]}]},{\"@type\":\"BreadcrumbList\",\"@id\":\"https:\\\/\\\/38grader.com\\\/underhall-rengoring-spabad\\\/#breadcrumb\",\"itemListElement\":[{\"@type\":\"ListItem\",\"position\":1,\"name\":\"Hem\",\"item\":\"https:\\\/\\\/38grader.com\\\/\"},{\"@type\":\"ListItem\",\"position\":2,\"name\":\"Underh\u00e5ll Reng\u00f6ring spabad\"}]},{\"@type\":\"WebSite\",\"@id\":\"https:\\\/\\\/38grader.com\\\/#website\",\"url\":\"https:\\\/\\\/38grader.com\\\/\",\"name\":\"\",\"description\":\"Du kan bara slappna av. Vi l\u00f6ser det!\",\"publisher\":{\"@id\":\"https:\\\/\\\/38grader.com\\\/#organization\"},\"potentialAction\":[{\"@type\":\"SearchAction\",\"target\":{\"@type\":\"EntryPoint\",\"urlTemplate\":\"https:\\\/\\\/38grader.com\\\/?s={search_term_string}\"},\"query-input\":{\"@type\":\"PropertyValueSpecification\",\"valueRequired\":true,\"valueName\":\"search_term_string\"}}],\"inLanguage\":\"en-US\"},{\"@type\":\"Organization\",\"@id\":\"https:\\\/\\\/38grader.com\\\/#organization\",\"name\":\"38 grader AB\",\"url\":\"https:\\\/\\\/38grader.com\\\/\",\"logo\":{\"@type\":\"ImageObject\",\"inLanguage\":\"en-US\",\"@id\":\"https:\\\/\\\/38grader.com\\\/#\\\/schema\\\/logo\\\/image\\\/\",\"url\":\"https:\\\/\\\/38grader.com\\\/wp-content\\\/uploads\\\/2021\\\/05\\\/Logo-152.png\",\"contentUrl\":\"https:\\\/\\\/38grader.com\\\/wp-content\\\/uploads\\\/2021\\\/05\\\/Logo-152.png\",\"width\":152,\"height\":152,\"caption\":\"38 grader AB\"},\"image\":{\"@id\":\"https:\\\/\\\/38grader.com\\\/#\\\/schema\\\/logo\\\/image\\\/\"},\"sameAs\":[\"https:\\\/\\\/www.facebook.com\\\/38grader\\\/?ref=pages_you_manage\",\"https:\\\/\\\/www.instagram.com\\\/38_grader\\\/\"]}]}<\/script>\n<!-- \/ Yoast SEO Premium plugin. -->","yoast_head_json":{"title":"Underh\u00e5ll Reng\u00f6ring spabad -","robots":{"index":"index","follow":"follow","max-snippet":"max-snippet:-1","max-image-preview":"max-image-preview:large","max-video-preview":"max-video-preview:-1"},"canonical":"https:\/\/38grader.com\/en\/underhall-rengoring-spabad\/","og_locale":"en_US","og_type":"article","og_title":"Underh\u00e5ll Reng\u00f6ring spabad","og_url":"https:\/\/38grader.com\/en\/underhall-rengoring-spabad\/","article_publisher":"https:\/\/www.facebook.com\/38grader\/?ref=pages_you_manage","article_modified_time":"2022-05-14T14:00:17+00:00","og_image":[{"width":960,"height":960,"url":"https:\/\/38grader.com\/wp-content\/uploads\/2022\/08\/Elegant_Miljo_960x960.jpg","type":"image\/jpeg"}],"twitter_card":"summary_large_image","twitter_misc":{"Est. reading time":"1 minute"},"schema":{"@context":"https:\/\/schema.org","@graph":[{"@type":"WebPage","@id":"https:\/\/38grader.com\/underhall-rengoring-spabad\/","url":"https:\/\/38grader.com\/underhall-rengoring-spabad\/","name":"Underh\u00e5ll Reng\u00f6ring spabad -","isPartOf":{"@id":"https:\/\/38grader.com\/#website"},"datePublished":"2022-04-10T10:28:47+00:00","dateModified":"2022-05-14T14:00:17+00:00","breadcrumb":{"@id":"https:\/\/38grader.com\/underhall-rengoring-spabad\/#breadcrumb"},"inLanguage":"en-US","potentialAction":[{"@type":"ReadAction","target":["https:\/\/38grader.com\/underhall-rengoring-spabad\/"]}]},{"@type":"BreadcrumbList","@id":"https:\/\/38grader.com\/underhall-rengoring-spabad\/#breadcrumb","itemListElement":[{"@type":"ListItem","position":1,"name":"Hem","item":"https:\/\/38grader.com\/"},{"@type":"ListItem","position":2,"name":"Underh\u00e5ll Reng\u00f6ring spabad"}]},{"@type":"WebSite","@id":"https:\/\/38grader.com\/#website","url":"https:\/\/38grader.com\/","name":"","description":"You can just relax. We&#039;ll handle it!","publisher":{"@id":"https:\/\/38grader.com\/#organization"},"potentialAction":[{"@type":"SearchAction","target":{"@type":"EntryPoint","urlTemplate":"https:\/\/38grader.com\/?s={search_term_string}"},"query-input":{"@type":"PropertyValueSpecification","valueRequired":true,"valueName":"search_term_string"}}],"inLanguage":"en-US"},{"@type":"Organization","@id":"https:\/\/38grader.com\/#organization","name":"38 degrees AB","url":"https:\/\/38grader.com\/","logo":{"@type":"ImageObject","inLanguage":"en-US","@id":"https:\/\/38grader.com\/#\/schema\/logo\/image\/","url":"https:\/\/38grader.com\/wp-content\/uploads\/2021\/05\/Logo-152.png","contentUrl":"https:\/\/38grader.com\/wp-content\/uploads\/2021\/05\/Logo-152.png","width":152,"height":152,"caption":"38 grader AB"},"image":{"@id":"https:\/\/38grader.com\/#\/schema\/logo\/image\/"},"sameAs":["https:\/\/www.facebook.com\/38grader\/?ref=pages_you_manage","https:\/\/www.instagram.com\/38_grader\/"]}]}},"_links":{"self":[{"href":"https:\/\/38grader.com\/en\/wp-json\/wp\/v2\/pages\/4828","targetHints":{"allow":["GET"]}}],"collection":[{"href":"https:\/\/38grader.com\/en\/wp-json\/wp\/v2\/pages"}],"about":[{"href":"https:\/\/38grader.com\/en\/wp-json\/wp\/v2\/types\/page"}],"author":[{"embeddable":true,"href":"https:\/\/38grader.com\/en\/wp-json\/wp\/v2\/users\/1"}],"replies":[{"embeddable":true,"href":"https:\/\/38grader.com\/en\/wp-json\/wp\/v2\/comments?post=4828"}],"version-history":[{"count":5,"href":"https:\/\/38grader.com\/en\/wp-json\/wp\/v2\/pages\/4828\/revisions"}],"predecessor-version":[{"id":4979,"href":"https:\/\/38grader.com\/en\/wp-json\/wp\/v2\/pages\/4828\/revisions\/4979"}],"wp:attachment":[{"href":"https:\/\/38grader.com\/en\/wp-json\/wp\/v2\/media?parent=4828"}],"curies":[{"name":"wp","href":"https:\/\/api.w.org\/{rel}","templated":true}]}}