{"id":4075,"date":"2022-03-11T09:41:23","date_gmt":"2022-03-11T07:41:23","guid":{"rendered":"https:\/\/38grader.com\/?page_id=4075"},"modified":"2022-06-14T12:56:44","modified_gmt":"2022-06-14T10:56:44","slug":"underhall-rengoring-pooler","status":"publish","type":"page","link":"https:\/\/38grader.com\/en\/underhall-rengoring-pooler\/","title":{"rendered":"Underh\u00e5ll reng\u00f6ring pooler"},"content":{"rendered":"<!-- Added by Post\/Page Specific Custom Code plugin, thank you for using! -->\n<style>#poolvattenbalans .button, .button-primary {\r\n    background-color: #E80607 !important;\r\n}<\/style>\n\t<div id=\"gap-397657449\" class=\"gap-element clearfix\" style=\"display:block; height:auto;\">\n\t\t\n<style>\n#gap-397657449 {\n  padding-top: 117px;\n}\n<\/style>\n\t<\/div>\n\t\n\n\t<section class=\"section\" id=\"section_304739117\">\n\t\t<div class=\"section-bg fill\" >\n\t\t\t\t\t\t\t\t\t\n\t\t\t\n\n\t\t<\/div>\n\n\t\t\n\n\t\t<div class=\"section-content relative\">\n\t\t\t\n\t\t<\/div>\n\n\t\t\n<style>\n#section_304739117 {\n  padding-top: 0px;\n  padding-bottom: 0px;\n}\n<\/style>\n\t<\/section>\n\t\n<div class=\"row row-full-width align-middle align-center\"  id=\"row-1385573891\">\n\n\t<div id=\"col-1499940853\" class=\"col medium-1 small-12 large-1\"  >\n\t\t\t\t<div class=\"col-inner\"  >\n\t\t\t\n\t\t\t\n\t\t<\/div>\n\t\t\t\t\t<\/div>\n\n\t\n\n\t<div id=\"col-803439382\" class=\"col medium-10 small-12 large-10\"  >\n\t\t\t\t<div class=\"col-inner text-center\"  >\n\t\t\t\n\t\t\t\n\t<div id=\"text-1206236809\" class=\"text #utbud-badkar\">\n\t\t\n<h1>RENG\u00d6RING OCH UNDERH\u00c5LLSPRODUKTER<\/h1>\n<p><span style=\"font-size: 110%;\">Det finns inte mycket som kan \u00f6vergl\u00e4nsa din pool, f\u00f6rutsatt att vattnet h\u00e5ller en h\u00f6gklassig niv\u00e5. Delphin Pool produkter hj\u00e4lper dig att alltid ha ett kristallklart fr\u00e4scht vatten.\u00a0F\u00f6r att underl\u00e4tta f\u00f6r v\u00e5ra kunder \u00e4r produkterna indelade i olika kategorier.\u00a0Det \u00e4r viktigt att aldrig blanda\u00a0produkterna\u00a0innan de tillsatts i poolen eftersom en del kemikalier reagerar kraftigt med varandra. Utblandade i vattnet fungerar de bra tillsammans.<\/span><\/p>\n<div class=\"elementor-element elementor-element-13ef6b2a elementor-widget elementor-widget-heading\" data-id=\"13ef6b2a\" data-element_type=\"widget\" data-widget_type=\"heading.default\">\n<div class=\"elementor-widget-container\">\n<h3 class=\"elementor-heading-title elementor-size-default\">5 steg f\u00f6r h\u00e4lsosamt poolvatten<\/h3>\n<p class=\"elementor-heading-title elementor-size-default\"><span style=\"color: #555555; font-size: 110%;\">Klicka p\u00e5 ett steg nedan f\u00f6r att l\u00e4sa mer om respektive process<\/span><\/p>\n<\/div>\n<\/div>\n\t\t\n<style>\n#text-1206236809 {\n  font-size: 1rem;\n  text-align: left;\n}\n<\/style>\n\t<\/div>\n\t\n\t<div id=\"gap-871925450\" class=\"gap-element clearfix\" style=\"display:block; height:auto;\">\n\t\t\n<style>\n#gap-871925450 {\n  padding-top: 10px;\n}\n<\/style>\n\t<\/div>\n\t\n<div class=\"row\"  id=\"row-959061777\">\n\n\t<div id=\"col-119833457\" class=\"col medium-2 small-6 large-2\"  >\n\t\t\t\t<div class=\"col-inner\"  >\n\t\t\t\n\t\t\t\n<a href=\"#\" class=\"button primary lowercase expand vattenbalans\" >\n\t\t<span>1 Vattenbalans<\/span>\n\t<\/a>\n\n\t\t<\/div>\n\t\t\t\t\t<\/div>\n\n\t\n\n\t<div id=\"col-168296354\" class=\"col medium-2 small-6 large-2\"  >\n\t\t\t\t<div class=\"col-inner\"  >\n\t\t\t\n\t\t\t\n<a href=\"#\" class=\"button primary lowercase expand desinfektion\" >\n\t\t<span>2 Desinfektion<\/span>\n\t<\/a>\n\n\t\t<\/div>\n\t\t\t\t\t<\/div>\n\n\t\n\n\t<div id=\"col-2012350486\" class=\"col medium-2 small-6 large-2\"  >\n\t\t\t\t<div class=\"col-inner\"  >\n\t\t\t\n\t\t\t\n<a href=\"#\" class=\"button primary lowercase expand algmedel\" >\n\t\t<span>3 Algmedel<\/span>\n\t<\/a>\n\n\t\t<\/div>\n\t\t\t\t\t<\/div>\n\n\t\n\n\t<div id=\"col-801719192\" class=\"col medium-2 small-12 large-2\"  >\n\t\t\t\t<div class=\"col-inner\"  >\n\t\t\t\n\t\t\t\n<a href=\"#\" class=\"button primary lowercase expand flockning\" >\n\t\t<span>4 Flockning<\/span>\n\t<\/a>\n\n\t\t<\/div>\n\t\t\t\t\t<\/div>\n\n\t\n\n\t<div id=\"col-1124540718\" class=\"col medium-2 small-12 large-2\"  >\n\t\t\t\t<div class=\"col-inner\"  >\n\t\t\t\n\t\t\t\n<a href=\"#\" class=\"button primary lowercase expand rengoring\" >\n\t\t<span>5 Reng\u00f6ring<\/span>\n\t<\/a>\n\n\t\t<\/div>\n\t\t\t\t\t<\/div>\n\n\t\n\n\t<div id=\"col-1983294833\" class=\"col medium-2 small-6 large-2\"  >\n\t\t\t\t<div class=\"col-inner\"  >\n\t\t\t\n\t\t\t\n\t\t<\/div>\n\t\t\t\t\t<\/div>\n\n\t\n<\/div>\n\t<div id=\"gap-1554007648\" class=\"gap-element clearfix\" style=\"display:block; height:auto;\">\n\t\t\n<style>\n#gap-1554007648 {\n  padding-top: 30px;\n}\n<\/style>\n\t<\/div>\n\t\n[ux_products style=&#8221;normal&#8221; type=&#8221;row&#8221; width=&#8221;full-width&#8221; columns=&#8221;6&#8243; depth=&#8221;1&#8243; depth_hover=&#8221;4&#8243; show_rating=&#8221;0&#8243; equalize_box=&#8221;true&#8221; cat=&#8221;541&#8243; products=&#8221;99&#8243; orderby=&#8221;name&#8221; image_size=&#8221;medium&#8221; text_align=&#8221;left&#8221; text_size=&#8221;large&#8221; class=&#8221;has-equal-box-heights&#8221;]\n\t\t<\/div>\n\t\t\t\t\t<\/div>\n\n\t\n\n\t<div id=\"col-408802919\" class=\"col medium-1 small-12 large-1\"  >\n\t\t\t\t<div class=\"col-inner\"  >\n\t\t\t\n\t\t\t\n\t\t<\/div>\n\t\t\t\t\t<\/div>\n\n\t\n<\/div>\n","protected":false},"excerpt":{"rendered":"","protected":false},"author":3,"featured_media":0,"parent":0,"menu_order":0,"comment_status":"closed","ping_status":"closed","template":"","meta":{"footnotes":""},"class_list":["post-4075","page","type-page","status-publish","hentry"],"yoast_head":"<!-- This site is optimized with the Yoast SEO Premium plugin v24.7 (Yoast SEO v27.5) - https:\/\/yoast.com\/product\/yoast-seo-premium-wordpress\/ -->\n<title>Underh\u00e5ll reng\u00f6ring pooler -<\/title>\n<meta name=\"robots\" content=\"index, follow, max-snippet:-1, max-image-preview:large, max-video-preview:-1\" \/>\n<link rel=\"canonical\" href=\"https:\/\/38grader.com\/en\/underhall-rengoring-pooler\/\" \/>\n<meta property=\"og:locale\" content=\"en_US\" \/>\n<meta property=\"og:type\" content=\"article\" \/>\n<meta property=\"og:title\" content=\"Underh\u00e5ll reng\u00f6ring pooler\" \/>\n<meta property=\"og:url\" content=\"https:\/\/38grader.com\/en\/underhall-rengoring-pooler\/\" \/>\n<meta property=\"article:publisher\" content=\"https:\/\/www.facebook.com\/38grader\/?ref=pages_you_manage\" \/>\n<meta property=\"article:modified_time\" content=\"2022-06-14T10:56:44+00:00\" \/>\n<meta property=\"og:image\" content=\"https:\/\/38grader.com\/wp-content\/uploads\/2022\/08\/Elegant_Miljo_960x960.jpg\" \/>\n\t<meta property=\"og:image:width\" content=\"960\" \/>\n\t<meta property=\"og:image:height\" content=\"960\" \/>\n\t<meta property=\"og:image:type\" content=\"image\/jpeg\" \/>\n<meta name=\"twitter:card\" content=\"summary_large_image\" \/>\n<meta name=\"twitter:label1\" content=\"Est. reading time\" \/>\n\t<meta name=\"twitter:data1\" content=\"1 minute\" \/>\n<script type=\"application\/ld+json\" class=\"yoast-schema-graph\">{\"@context\":\"https:\\\/\\\/schema.org\",\"@graph\":[{\"@type\":\"WebPage\",\"@id\":\"https:\\\/\\\/38grader.com\\\/underhall-rengoring-pooler\\\/\",\"url\":\"https:\\\/\\\/38grader.com\\\/underhall-rengoring-pooler\\\/\",\"name\":\"Underh\u00e5ll reng\u00f6ring pooler -\",\"isPartOf\":{\"@id\":\"https:\\\/\\\/38grader.com\\\/#website\"},\"datePublished\":\"2022-03-11T07:41:23+00:00\",\"dateModified\":\"2022-06-14T10:56:44+00:00\",\"breadcrumb\":{\"@id\":\"https:\\\/\\\/38grader.com\\\/underhall-rengoring-pooler\\\/#breadcrumb\"},\"inLanguage\":\"en-US\",\"potentialAction\":[{\"@type\":\"ReadAction\",\"target\":[\"https:\\\/\\\/38grader.com\\\/underhall-rengoring-pooler\\\/\"]}]},{\"@type\":\"BreadcrumbList\",\"@id\":\"https:\\\/\\\/38grader.com\\\/underhall-rengoring-pooler\\\/#breadcrumb\",\"itemListElement\":[{\"@type\":\"ListItem\",\"position\":1,\"name\":\"Hem\",\"item\":\"https:\\\/\\\/38grader.com\\\/\"},{\"@type\":\"ListItem\",\"position\":2,\"name\":\"Underh\u00e5ll reng\u00f6ring pooler\"}]},{\"@type\":\"WebSite\",\"@id\":\"https:\\\/\\\/38grader.com\\\/#website\",\"url\":\"https:\\\/\\\/38grader.com\\\/\",\"name\":\"\",\"description\":\"Du kan bara slappna av. Vi l\u00f6ser det!\",\"publisher\":{\"@id\":\"https:\\\/\\\/38grader.com\\\/#organization\"},\"potentialAction\":[{\"@type\":\"SearchAction\",\"target\":{\"@type\":\"EntryPoint\",\"urlTemplate\":\"https:\\\/\\\/38grader.com\\\/?s={search_term_string}\"},\"query-input\":{\"@type\":\"PropertyValueSpecification\",\"valueRequired\":true,\"valueName\":\"search_term_string\"}}],\"inLanguage\":\"en-US\"},{\"@type\":\"Organization\",\"@id\":\"https:\\\/\\\/38grader.com\\\/#organization\",\"name\":\"38 grader AB\",\"url\":\"https:\\\/\\\/38grader.com\\\/\",\"logo\":{\"@type\":\"ImageObject\",\"inLanguage\":\"en-US\",\"@id\":\"https:\\\/\\\/38grader.com\\\/#\\\/schema\\\/logo\\\/image\\\/\",\"url\":\"https:\\\/\\\/38grader.com\\\/wp-content\\\/uploads\\\/2021\\\/05\\\/Logo-152.png\",\"contentUrl\":\"https:\\\/\\\/38grader.com\\\/wp-content\\\/uploads\\\/2021\\\/05\\\/Logo-152.png\",\"width\":152,\"height\":152,\"caption\":\"38 grader AB\"},\"image\":{\"@id\":\"https:\\\/\\\/38grader.com\\\/#\\\/schema\\\/logo\\\/image\\\/\"},\"sameAs\":[\"https:\\\/\\\/www.facebook.com\\\/38grader\\\/?ref=pages_you_manage\",\"https:\\\/\\\/www.instagram.com\\\/38_grader\\\/\"]}]}<\/script>\n<!-- \/ Yoast SEO Premium plugin. -->","yoast_head_json":{"title":"Underh\u00e5ll reng\u00f6ring pooler -","robots":{"index":"index","follow":"follow","max-snippet":"max-snippet:-1","max-image-preview":"max-image-preview:large","max-video-preview":"max-video-preview:-1"},"canonical":"https:\/\/38grader.com\/en\/underhall-rengoring-pooler\/","og_locale":"en_US","og_type":"article","og_title":"Underh\u00e5ll reng\u00f6ring pooler","og_url":"https:\/\/38grader.com\/en\/underhall-rengoring-pooler\/","article_publisher":"https:\/\/www.facebook.com\/38grader\/?ref=pages_you_manage","article_modified_time":"2022-06-14T10:56:44+00:00","og_image":[{"width":960,"height":960,"url":"https:\/\/38grader.com\/wp-content\/uploads\/2022\/08\/Elegant_Miljo_960x960.jpg","type":"image\/jpeg"}],"twitter_card":"summary_large_image","twitter_misc":{"Est. reading time":"1 minute"},"schema":{"@context":"https:\/\/schema.org","@graph":[{"@type":"WebPage","@id":"https:\/\/38grader.com\/underhall-rengoring-pooler\/","url":"https:\/\/38grader.com\/underhall-rengoring-pooler\/","name":"Underh\u00e5ll reng\u00f6ring pooler -","isPartOf":{"@id":"https:\/\/38grader.com\/#website"},"datePublished":"2022-03-11T07:41:23+00:00","dateModified":"2022-06-14T10:56:44+00:00","breadcrumb":{"@id":"https:\/\/38grader.com\/underhall-rengoring-pooler\/#breadcrumb"},"inLanguage":"en-US","potentialAction":[{"@type":"ReadAction","target":["https:\/\/38grader.com\/underhall-rengoring-pooler\/"]}]},{"@type":"BreadcrumbList","@id":"https:\/\/38grader.com\/underhall-rengoring-pooler\/#breadcrumb","itemListElement":[{"@type":"ListItem","position":1,"name":"Hem","item":"https:\/\/38grader.com\/"},{"@type":"ListItem","position":2,"name":"Underh\u00e5ll reng\u00f6ring pooler"}]},{"@type":"WebSite","@id":"https:\/\/38grader.com\/#website","url":"https:\/\/38grader.com\/","name":"","description":"You can just relax. We&#039;ll handle it!","publisher":{"@id":"https:\/\/38grader.com\/#organization"},"potentialAction":[{"@type":"SearchAction","target":{"@type":"EntryPoint","urlTemplate":"https:\/\/38grader.com\/?s={search_term_string}"},"query-input":{"@type":"PropertyValueSpecification","valueRequired":true,"valueName":"search_term_string"}}],"inLanguage":"en-US"},{"@type":"Organization","@id":"https:\/\/38grader.com\/#organization","name":"38 degrees AB","url":"https:\/\/38grader.com\/","logo":{"@type":"ImageObject","inLanguage":"en-US","@id":"https:\/\/38grader.com\/#\/schema\/logo\/image\/","url":"https:\/\/38grader.com\/wp-content\/uploads\/2021\/05\/Logo-152.png","contentUrl":"https:\/\/38grader.com\/wp-content\/uploads\/2021\/05\/Logo-152.png","width":152,"height":152,"caption":"38 grader AB"},"image":{"@id":"https:\/\/38grader.com\/#\/schema\/logo\/image\/"},"sameAs":["https:\/\/www.facebook.com\/38grader\/?ref=pages_you_manage","https:\/\/www.instagram.com\/38_grader\/"]}]}},"_links":{"self":[{"href":"https:\/\/38grader.com\/en\/wp-json\/wp\/v2\/pages\/4075","targetHints":{"allow":["GET"]}}],"collection":[{"href":"https:\/\/38grader.com\/en\/wp-json\/wp\/v2\/pages"}],"about":[{"href":"https:\/\/38grader.com\/en\/wp-json\/wp\/v2\/types\/page"}],"author":[{"embeddable":true,"href":"https:\/\/38grader.com\/en\/wp-json\/wp\/v2\/users\/3"}],"replies":[{"embeddable":true,"href":"https:\/\/38grader.com\/en\/wp-json\/wp\/v2\/comments?post=4075"}],"version-history":[{"count":30,"href":"https:\/\/38grader.com\/en\/wp-json\/wp\/v2\/pages\/4075\/revisions"}],"predecessor-version":[{"id":5177,"href":"https:\/\/38grader.com\/en\/wp-json\/wp\/v2\/pages\/4075\/revisions\/5177"}],"wp:attachment":[{"href":"https:\/\/38grader.com\/en\/wp-json\/wp\/v2\/media?parent=4075"}],"curies":[{"name":"wp","href":"https:\/\/api.w.org\/{rel}","templated":true}]}}