{"id":35,"date":"2016-08-09T14:09:04","date_gmt":"2016-08-09T14:09:04","guid":{"rendered":"http:\/\/flatsome.dev\/?page_id=8538"},"modified":"2026-02-06T09:14:20","modified_gmt":"2026-02-06T07:14:20","slug":"spabadpooler-och-badkar","status":"publish","type":"page","link":"https:\/\/38grader.com\/en\/spabadpooler-och-badkar\/","title":{"rendered":"Start"},"content":{"rendered":"\n\t<section class=\"section\" id=\"section_437359163\">\n\t\t<div class=\"section-bg fill\" >\n\t\t\t\t\t\t\t\t\t\n\t\t\t\n\n\t\t<\/div>\n\n\t\t\n\n\t\t<div class=\"section-content relative\">\n\t\t\t\n\n\n\t\t\t\t<p class=\"rs-p-wp-fix\"><\/p>\n\t\t\t\t<sr7-module data-alias=\"front-page-christmas-1\" data-id=\"43\" id=\"SR7_43_1\" class=\"rs-respect-topbar respect-fixedstatic rs-ov-hidden\" data-version=\"6.7.53\">\n\t\t\t\t\t<sr7-adjuster><\/sr7-adjuster>\n\t\t\t\t\t<sr7-content>\n\t\t\t\t\t\t<sr7-slide id=\"SR7_43_1-125\" data-key=\"125\">\n\t\t\t\t\t\t\t<a id=\"SR7_43_1-125-2\" class=\"sr7-layer\" href=\"https:\/\/38grader.com\/bastu\/\" target=\"_self\">BASTU<\/a>\n\t\t\t\t\t\t\t<a id=\"SR7_43_1-125-10\" class=\"sr7-layer\" href=\"https:\/\/38grader.com\/?page_id=7241\" target=\"_self\">SPABAD<\/a>\n\t\t\t\t\t\t\t<a id=\"SR7_43_1-125-23\" class=\"sr7-layer\" href=\"https:\/\/38grader.com\/?page_id=7580\" target=\"_self\">SWIMSPA<\/a>\n\t\t\t\t\t\t\t<a id=\"SR7_43_1-125-24\" class=\"sr7-layer\" href=\"https:\/\/38grader.com\/pool\/\" target=\"_self\">POOLER<\/a>\n\t\t\t\t\t\t<\/sr7-slide>\n\t\t\t\t\t\t<sr7-slide id=\"SR7_43_1-135\" data-key=\"135\">\n\t\t\t\t\t\t<\/sr7-slide>\n\t\t\t\t\t<\/sr7-content>\n\t\t\t\t\t<image_lists style=\"display:none\">\n\t\t\t\t\t\t<img data-src=\"\/\/38grader.com\/wp-content\/uploads\/2024\/04\/Aquarun_1920x1080-b.jpg\" data-libid=\"10584\" data-lib=\"medialibrary\" title=\"Aquarun_1920x1080-b\" width=\"0\" height=\"0\" data-dbsrc=\"Ly8zOGdyYWRlci5jb20vd3AtY29udGVudC91cGxvYWRzLzIwMjQvMDQvQXF1YXJ1bl8xOTIweDEwODAtYi5qcGc=\"\/>\n\t\t\t\t\t\t<img data-src=\"\/\/38grader.com\/wp-content\/uploads\/2023\/07\/3_Exclusive_modern_pools_with_luxury_design_1920x1080.jpg\" data-libid=\"9626\" data-lib=\"medialibrary\" title=\"3_Exclusive_modern_pools_with_luxury_design_1920x1080\" width=\"0\" height=\"0\" data-dbsrc=\"Ly8zOGdyYWRlci5jb20vd3AtY29udGVudC91cGxvYWRzLzIwMjMvMDcvM19FeGNsdXNpdmVfbW9kZXJuX3Bvb2xzX3dpdGhfbHV4dXJ5X2Rlc2lnbl8xOTIweDEwODAuanBn\"\/>\n\t\t\t\t\t\t<img data-src=\"\/\/38grader.com\/wp-content\/uploads\/2024\/01\/Steam_rom_stone_1920x1080.jpg\" data-libid=\"10130\" data-lib=\"medialibrary\" title=\"Steam_rom_stone_1920x1080\" width=\"0\" height=\"0\" data-dbsrc=\"Ly8zOGdyYWRlci5jb20vd3AtY29udGVudC91cGxvYWRzLzIwMjQvMDEvU3RlYW1fcm9tX3N0b25lXzE5MjB4MTA4MC5qcGc=\"\/>\n\t\t\t\t\t\t<img loading=\"lazy\" data-src=\"\/\/38grader.com\/wp-content\/uploads\/2023\/04\/photo-31_retusch_1920x1080.jpg\" data-libid=\"8925\" data-lib=\"medialibrary\" title=\"photo-(31)_retusch_1920x1080\" width=\"0\" height=\"0\" data-dbsrc=\"Ly8zOGdyYWRlci5jb20vd3AtY29udGVudC91cGxvYWRzLzIwMjMvMDQvcGhvdG8tMzFfcmV0dXNjaF8xOTIweDEwODAuanBn\"\/>\n\t\t\t\t\t\t<img loading=\"lazy\" data-src=\"\/\/38grader.com\/wp-content\/uploads\/2024\/10\/Essence_1920x1080_2024.jpg\" data-libid=\"10763\" data-lib=\"medialibrary\" title=\"Essence_1920x1080_2024\" width=\"0\" height=\"0\" data-dbsrc=\"Ly8zOGdyYWRlci5jb20vd3AtY29udGVudC91cGxvYWRzLzIwMjQvMTAvRXNzZW5jZV8xOTIweDEwODBfMjAyNC5qcGc=\"\/>\n\t\t\t\t\t\t<img loading=\"lazy\" data-src=\"\/\/38grader.com\/wp-content\/uploads\/2024\/01\/Tao_72_1920x1080.jpg\" data-libid=\"10131\" data-lib=\"medialibrary\" title=\"Tao_72_1920x1080\" width=\"0\" height=\"0\" data-dbsrc=\"Ly8zOGdyYWRlci5jb20vd3AtY29udGVudC91cGxvYWRzLzIwMjQvMDEvVGFvXzcyXzE5MjB4MTA4MC5qcGc=\"\/>\n\t\t\t\t\t\t<img loading=\"lazy\" data-src=\"\/\/38grader.com\/wp-content\/uploads\/2024\/10\/ICE-MIRAGE_Ambientata_DEF_1920x1080.jpg\" data-libid=\"10758\" data-lib=\"medialibrary\" title=\"ICE-MIRAGE_Ambientata_DEF_1920x1080\" width=\"0\" height=\"0\" data-dbsrc=\"Ly8zOGdyYWRlci5jb20vd3AtY29udGVudC91cGxvYWRzLzIwMjQvMTAvSUNFLU1JUkFHRV9BbWJpZW50YXRhX0RFRl8xOTIweDEwODAuanBn\"\/>\n\t\t\t\t\t\t<img loading=\"lazy\" data-src=\"\/\/38grader.com\/wp-content\/uploads\/2024\/10\/Fast-Lane_1920x1080.jpg\" data-libid=\"10759\" data-lib=\"medialibrary\" title=\"Fast-Lane_1920x1080\" width=\"0\" height=\"0\" data-dbsrc=\"Ly8zOGdyYWRlci5jb20vd3AtY29udGVudC91cGxvYWRzLzIwMjQvMTAvRmFzdC1MYW5lXzE5MjB4MTA4MC5qcGc=\"\/>\n\t\t\t\t\t\t<img loading=\"lazy\" data-src=\"\/\/38grader.com\/wp-content\/uploads\/2024\/10\/XL-Lounger115_1920x1080.jpg\" data-libid=\"10760\" data-lib=\"medialibrary\" title=\"XL-Lounger115_1920x1080\" width=\"0\" height=\"0\" data-dbsrc=\"Ly8zOGdyYWRlci5jb20vd3AtY29udGVudC91cGxvYWRzLzIwMjQvMTAvWEwtTG91bmdlcjExNV8xOTIweDEwODAuanBn\"\/>\n\t\t\t\t\t\t<img loading=\"lazy\" data-src=\"\/\/38grader.com\/wp-content\/uploads\/2022\/09\/Logao_Main_512.png\" data-libid=\"7194\" data-lib=\"medialibrary\" title=\"Logao_Main_512\" width=\"0\" height=\"0\" data-dbsrc=\"Ly8zOGdyYWRlci5jb20vd3AtY29udGVudC91cGxvYWRzLzIwMjIvMDkvTG9nYW9fTWFpbl81MTIucG5n\"\/>\n\t\t\t\t\t\t<img loading=\"lazy\" data-src=\"\/\/38grader.com\/wp-content\/uploads\/2025\/01\/BL_Hammam_Shower_1920x1080.jpg\" data-libid=\"11305\" data-lib=\"medialibrary\" title=\"BL_Hammam_Shower_1920x1080\" width=\"0\" height=\"0\" data-dbsrc=\"Ly8zOGdyYWRlci5jb20vd3AtY29udGVudC91cGxvYWRzLzIwMjUvMDEvQkxfSGFtbWFtX1Nob3dlcl8xOTIweDEwODAuanBn\"\/>\n\t\t\t\t\t\t<img loading=\"lazy\" data-src=\"\/\/38grader.com\/wp-content\/uploads\/2022\/06\/1920x1080_1.jpg\" data-libid=\"5796\" data-lib=\"medialibrary\" title=\"1920x1080_1\" width=\"0\" height=\"0\" data-dbsrc=\"Ly8zOGdyYWRlci5jb20vd3AtY29udGVudC91cGxvYWRzLzIwMjIvMDYvMTkyMHgxMDgwXzEuanBn\"\/>\n\t\t\t\t\t<\/image_lists>\n\t\t\t\t<\/sr7-module>\n\t\t\t\t<script>\n\t\t\t\t\twindow.SR7 ??={};SR7.PMH ??={}; SR7.PMH[\"SR7_43_1\"] = {cn:100,state:false,fn: function() { if (window._tpt!==undefined && window._tpt.prepareModuleHeight !== undefined) {  _tpt.prepareModuleHeight({id:\"SR7_43_1\",el:[1080,1080,768,960,720],type:'standard',shdw:'0',gh:[1080,1080,768,960,720],gw:[1920,1920,1024,760,480],vpt:['20%&#039;,&#039;20%&#039;,&#039;20%&#039;,&#039;20%&#039;,&#039;20%'],size:{fullWidth:true, fullHeight:false},mh:'0',onh:0,onw:0,bg:{color:'{\"orig\":\"transparent\",\"type\":\"solid\",\"string\":\"transparent\"}'},plType:'-1',plColor:'#FFFFFF'});   SR7.PMH[\"SR7_43_1\"].state=true;} else if(SR7.PMH[\"SR7_43_1\"].cn-->0)\tsetTimeout( SR7.PMH[\"SR7_43_1\"].fn,19);}};SR7.PMH[\"SR7_43_1\" ].fn();\n\t\t\t\t<\/script>\n\n\n\t\t<\/div>\n\n\t\t\n<style>\n#section_437359163 {\n  padding-top: 0px;\n  padding-bottom: 0px;\n}\n<\/style>\n\t<\/section>\n\t\n","protected":false},"excerpt":{"rendered":"","protected":false},"author":1,"featured_media":0,"parent":0,"menu_order":15,"comment_status":"closed","ping_status":"closed","template":"","meta":{"footnotes":""},"class_list":["post-35","page","type-page","status-publish","hentry"],"yoast_head":"<!-- This site is optimized with the Yoast SEO Premium plugin v24.7 (Yoast SEO v27.4) - https:\/\/yoast.com\/product\/yoast-seo-premium-wordpress\/ -->\n<title>Din baddr\u00f6m - spabad och pooler -<\/title>\n<meta name=\"description\" content=\"38 grader levererar badkoncept med marknadens h\u00f6gsta kvalitet och service. Spabad, swimspa och pooler i enast\u00e5ende helhetsl\u00f6sningar.\" \/>\n<meta name=\"robots\" content=\"index, follow, max-snippet:-1, max-image-preview:large, max-video-preview:-1, noarchive\" \/>\n<link rel=\"canonical\" href=\"https:\/\/38grader.com\/en\/spabadpooler-och-badkar\/\" \/>\n<meta property=\"og:locale\" content=\"en_US\" \/>\n<meta property=\"og:type\" content=\"article\" \/>\n<meta property=\"og:title\" content=\"Badlyx\" \/>\n<meta property=\"og:description\" content=\"38 grader levererar badkoncept med marknadens h\u00f6gsta kvalitet och service. Spabad, swimspa och pooler i enast\u00e5ende helhetsl\u00f6sningar.\" \/>\n<meta property=\"og:url\" content=\"https:\/\/38grader.com\/en\/spabadpooler-och-badkar\/\" \/>\n<meta property=\"article:publisher\" content=\"https:\/\/www.facebook.com\/38grader\/?ref=pages_you_manage\" \/>\n<meta property=\"article:modified_time\" content=\"2026-02-06T07:14:20+00:00\" \/>\n<meta property=\"og:image\" content=\"https:\/\/38grader.com\/wp-content\/uploads\/2022\/11\/Cube_Ergo_miljo_960x960.jpg\" \/>\n\t<meta property=\"og:image:width\" content=\"960\" \/>\n\t<meta property=\"og:image:height\" content=\"960\" \/>\n\t<meta property=\"og:image:type\" content=\"image\/jpeg\" \/>\n<meta name=\"twitter:card\" content=\"summary_large_image\" \/>\n<meta name=\"twitter:title\" content=\"Badlyx\" \/>\n<meta name=\"twitter:image\" content=\"https:\/\/38grader.com\/wp-content\/uploads\/2022\/11\/Swimspa-Range_Swimspa-Duo_002_1920x1080.jpg\" \/>\n<meta name=\"twitter:label1\" content=\"Est. reading time\" \/>\n\t<meta name=\"twitter:data1\" content=\"1 minute\" \/>\n<script type=\"application\/ld+json\" class=\"yoast-schema-graph\">{\"@context\":\"https:\\\/\\\/schema.org\",\"@graph\":[{\"@type\":\"WebPage\",\"@id\":\"https:\\\/\\\/38grader.com\\\/spabadpooler-och-badkar\\\/\",\"url\":\"https:\\\/\\\/38grader.com\\\/spabadpooler-och-badkar\\\/\",\"name\":\"Din baddr\u00f6m - spabad och pooler -\",\"isPartOf\":{\"@id\":\"https:\\\/\\\/38grader.com\\\/#website\"},\"datePublished\":\"2016-08-09T14:09:04+00:00\",\"dateModified\":\"2026-02-06T07:14:20+00:00\",\"description\":\"38 grader levererar badkoncept med marknadens h\u00f6gsta kvalitet och service. Spabad, swimspa och pooler i enast\u00e5ende helhetsl\u00f6sningar.\",\"breadcrumb\":{\"@id\":\"https:\\\/\\\/38grader.com\\\/spabadpooler-och-badkar\\\/#breadcrumb\"},\"inLanguage\":\"en-US\",\"potentialAction\":[{\"@type\":\"ReadAction\",\"target\":[\"https:\\\/\\\/38grader.com\\\/spabadpooler-och-badkar\\\/\"]}]},{\"@type\":\"BreadcrumbList\",\"@id\":\"https:\\\/\\\/38grader.com\\\/spabadpooler-och-badkar\\\/#breadcrumb\",\"itemListElement\":[{\"@type\":\"ListItem\",\"position\":1,\"name\":\"Hem\",\"item\":\"https:\\\/\\\/38grader.com\\\/\"},{\"@type\":\"ListItem\",\"position\":2,\"name\":\"Start\"}]},{\"@type\":\"WebSite\",\"@id\":\"https:\\\/\\\/38grader.com\\\/#website\",\"url\":\"https:\\\/\\\/38grader.com\\\/\",\"name\":\"\",\"description\":\"Du kan bara slappna av. Vi l\u00f6ser det!\",\"publisher\":{\"@id\":\"https:\\\/\\\/38grader.com\\\/#organization\"},\"potentialAction\":[{\"@type\":\"SearchAction\",\"target\":{\"@type\":\"EntryPoint\",\"urlTemplate\":\"https:\\\/\\\/38grader.com\\\/?s={search_term_string}\"},\"query-input\":{\"@type\":\"PropertyValueSpecification\",\"valueRequired\":true,\"valueName\":\"search_term_string\"}}],\"inLanguage\":\"en-US\"},{\"@type\":\"Organization\",\"@id\":\"https:\\\/\\\/38grader.com\\\/#organization\",\"name\":\"38 grader AB\",\"url\":\"https:\\\/\\\/38grader.com\\\/\",\"logo\":{\"@type\":\"ImageObject\",\"inLanguage\":\"en-US\",\"@id\":\"https:\\\/\\\/38grader.com\\\/#\\\/schema\\\/logo\\\/image\\\/\",\"url\":\"https:\\\/\\\/38grader.com\\\/wp-content\\\/uploads\\\/2021\\\/05\\\/Logo-152.png\",\"contentUrl\":\"https:\\\/\\\/38grader.com\\\/wp-content\\\/uploads\\\/2021\\\/05\\\/Logo-152.png\",\"width\":152,\"height\":152,\"caption\":\"38 grader AB\"},\"image\":{\"@id\":\"https:\\\/\\\/38grader.com\\\/#\\\/schema\\\/logo\\\/image\\\/\"},\"sameAs\":[\"https:\\\/\\\/www.facebook.com\\\/38grader\\\/?ref=pages_you_manage\",\"https:\\\/\\\/www.instagram.com\\\/38_grader\\\/\"]}]}<\/script>\n<!-- \/ Yoast SEO Premium plugin. -->","yoast_head_json":{"title":"Din baddr\u00f6m - spabad och pooler -","description":"38 grader levererar badkoncept med marknadens h\u00f6gsta kvalitet och service. Spabad, swimspa och pooler i enast\u00e5ende helhetsl\u00f6sningar.","robots":{"index":"index","follow":"follow","max-snippet":"max-snippet:-1","max-image-preview":"max-image-preview:large","max-video-preview":"max-video-preview:-1","archive":"noarchive"},"canonical":"https:\/\/38grader.com\/en\/spabadpooler-och-badkar\/","og_locale":"en_US","og_type":"article","og_title":"Badlyx","og_description":"38 grader levererar badkoncept med marknadens h\u00f6gsta kvalitet och service. Spabad, swimspa och pooler i enast\u00e5ende helhetsl\u00f6sningar.","og_url":"https:\/\/38grader.com\/en\/spabadpooler-och-badkar\/","article_publisher":"https:\/\/www.facebook.com\/38grader\/?ref=pages_you_manage","article_modified_time":"2026-02-06T07:14:20+00:00","og_image":[{"width":960,"height":960,"url":"https:\/\/38grader.com\/wp-content\/uploads\/2022\/11\/Cube_Ergo_miljo_960x960.jpg","type":"image\/jpeg"}],"twitter_card":"summary_large_image","twitter_title":"Badlyx","twitter_image":"https:\/\/38grader.com\/wp-content\/uploads\/2022\/11\/Swimspa-Range_Swimspa-Duo_002_1920x1080.jpg","twitter_misc":{"Est. reading time":"1 minute"},"schema":{"@context":"https:\/\/schema.org","@graph":[{"@type":"WebPage","@id":"https:\/\/38grader.com\/spabadpooler-och-badkar\/","url":"https:\/\/38grader.com\/spabadpooler-och-badkar\/","name":"Din baddr\u00f6m - spabad och pooler -","isPartOf":{"@id":"https:\/\/38grader.com\/#website"},"datePublished":"2016-08-09T14:09:04+00:00","dateModified":"2026-02-06T07:14:20+00:00","description":"38 grader levererar badkoncept med marknadens h\u00f6gsta kvalitet och service. Spabad, swimspa och pooler i enast\u00e5ende helhetsl\u00f6sningar.","breadcrumb":{"@id":"https:\/\/38grader.com\/spabadpooler-och-badkar\/#breadcrumb"},"inLanguage":"en-US","potentialAction":[{"@type":"ReadAction","target":["https:\/\/38grader.com\/spabadpooler-och-badkar\/"]}]},{"@type":"BreadcrumbList","@id":"https:\/\/38grader.com\/spabadpooler-och-badkar\/#breadcrumb","itemListElement":[{"@type":"ListItem","position":1,"name":"Hem","item":"https:\/\/38grader.com\/"},{"@type":"ListItem","position":2,"name":"Start"}]},{"@type":"WebSite","@id":"https:\/\/38grader.com\/#website","url":"https:\/\/38grader.com\/","name":"","description":"You can just relax. We&#039;ll handle it!","publisher":{"@id":"https:\/\/38grader.com\/#organization"},"potentialAction":[{"@type":"SearchAction","target":{"@type":"EntryPoint","urlTemplate":"https:\/\/38grader.com\/?s={search_term_string}"},"query-input":{"@type":"PropertyValueSpecification","valueRequired":true,"valueName":"search_term_string"}}],"inLanguage":"en-US"},{"@type":"Organization","@id":"https:\/\/38grader.com\/#organization","name":"38 degrees AB","url":"https:\/\/38grader.com\/","logo":{"@type":"ImageObject","inLanguage":"en-US","@id":"https:\/\/38grader.com\/#\/schema\/logo\/image\/","url":"https:\/\/38grader.com\/wp-content\/uploads\/2021\/05\/Logo-152.png","contentUrl":"https:\/\/38grader.com\/wp-content\/uploads\/2021\/05\/Logo-152.png","width":152,"height":152,"caption":"38 grader AB"},"image":{"@id":"https:\/\/38grader.com\/#\/schema\/logo\/image\/"},"sameAs":["https:\/\/www.facebook.com\/38grader\/?ref=pages_you_manage","https:\/\/www.instagram.com\/38_grader\/"]}]}},"_links":{"self":[{"href":"https:\/\/38grader.com\/en\/wp-json\/wp\/v2\/pages\/35","targetHints":{"allow":["GET"]}}],"collection":[{"href":"https:\/\/38grader.com\/en\/wp-json\/wp\/v2\/pages"}],"about":[{"href":"https:\/\/38grader.com\/en\/wp-json\/wp\/v2\/types\/page"}],"author":[{"embeddable":true,"href":"https:\/\/38grader.com\/en\/wp-json\/wp\/v2\/users\/1"}],"replies":[{"embeddable":true,"href":"https:\/\/38grader.com\/en\/wp-json\/wp\/v2\/comments?post=35"}],"version-history":[{"count":170,"href":"https:\/\/38grader.com\/en\/wp-json\/wp\/v2\/pages\/35\/revisions"}],"predecessor-version":[{"id":10821,"href":"https:\/\/38grader.com\/en\/wp-json\/wp\/v2\/pages\/35\/revisions\/10821"}],"wp:attachment":[{"href":"https:\/\/38grader.com\/en\/wp-json\/wp\/v2\/media?parent=35"}],"curies":[{"name":"wp","href":"https:\/\/api.w.org\/{rel}","templated":true}]}}