{"id":2875,"date":"2021-12-08T17:57:14","date_gmt":"2021-12-08T15:57:14","guid":{"rendered":"https:\/\/38grader.com\/?page_id=2875"},"modified":"2022-03-24T11:07:41","modified_gmt":"2022-03-24T09:07:41","slug":"teknisk-info-badkar","status":"publish","type":"page","link":"https:\/\/38grader.com\/en\/teknisk-info-badkar\/","title":{"rendered":"Material &#038; Teknisk info &#8211; Interform badkar"},"content":{"rendered":"<section class=\"section\" id=\"section_564702273\">\n\t\t<div class=\"section-bg fill\" >\n\t\t\t\t\t\t\t\t\t\n\t\t\t\n\n\t\t<\/div>\n\n\t\t\n\n\t\t<div class=\"section-content relative\">\n\t\t\t\n<div class=\"row row-collapse row-full-width hide-for-small\"  id=\"row-1318212567\">\n\n\t<div id=\"col-931778492\" class=\"col medium-6 large-6\"  >\n\t\t\t\t<div class=\"col-inner\"  >\n\t\t\t\n\t\t\t\n<div class=\"row row-collapse row-full-width align-middle align-center\"  id=\"row-90259262\">\n\n\t<div id=\"col-1736498106\" class=\"col small-12 large-12\"  >\n\t\t\t\t<div class=\"col-inner text-center\"  >\n\t\t\t\n\t\t\t\n\n  \n    <div class=\"row  lightbox-multi-gallery hide-for-small large-columns-1 medium-columns- small-columns- row-small row-full-width\" >\n  <div class=\"gallery-col col\" >\n          <div class=\"col-inner\">\n            <a class=\"\" href=\"https:\/\/38grader.com\/wp-content\/uploads\/2021\/12\/Viena-Betong-Miljo-2020-12-scaled.jpg\" title=\"\">            <div class=\"box has-hover gallery-box box-normal\">\n              <div class=\"box-image\" >\n                <img fetchpriority=\"high\" decoding=\"async\" width=\"600\" height=\"400\" src=\"https:\/\/38grader.com\/wp-content\/uploads\/2021\/12\/Viena-Betong-Miljo-2020-12-scaled.jpg\" class=\"attachment-medium size-medium\" alt=\"\" ids=\"2835,2834,2806\" style=\"normal\" col_spacing=\"small\" columns=\"1\" text_padding=\"0px 0px 0px 0px\" visibility=\"hide-for-small\" \/>                                                              <\/div>\n              <div class=\"box-text text-left\" style=\"padding:0px 0px 0px 0px;\">\n                 <p><\/p>\n              <\/div>\n            <\/div>\n            <\/a>          <\/div>\n         <\/div><div class=\"gallery-col col\" >\n          <div class=\"col-inner\">\n            <a class=\"\" href=\"https:\/\/38grader.com\/wp-content\/uploads\/2021\/12\/Viena-Betong-Miljo-2020-11-scaled.jpg\" title=\"\">            <div class=\"box has-hover gallery-box box-normal\">\n              <div class=\"box-image\" >\n                <img decoding=\"async\" width=\"600\" height=\"400\" data-src=\"https:\/\/38grader.com\/wp-content\/uploads\/2021\/12\/Viena-Betong-Miljo-2020-11-scaled.jpg\" class=\"attachment-medium size-medium lazyload\" alt=\"\" ids=\"2835,2834,2806\" style=\"--smush-placeholder-width: 600px; --smush-placeholder-aspect-ratio: 600\/400;normal\" col_spacing=\"small\" columns=\"1\" text_padding=\"0px 0px 0px 0px\" visibility=\"hide-for-small\" src=\"data:image\/svg+xml;base64,PHN2ZyB3aWR0aD0iMSIgaGVpZ2h0PSIxIiB4bWxucz0iaHR0cDovL3d3dy53My5vcmcvMjAwMC9zdmciPjwvc3ZnPg==\" \/>                                                              <\/div>\n              <div class=\"box-text text-left\" style=\"padding:0px 0px 0px 0px;\">\n                 <p><\/p>\n              <\/div>\n            <\/div>\n            <\/a>          <\/div>\n         <\/div><div class=\"gallery-col col\" >\n          <div class=\"col-inner\">\n            <a class=\"\" href=\"https:\/\/38grader.com\/wp-content\/uploads\/2021\/12\/Viena-Svart-Miljo-2020-4-scaled.jpg\" title=\"\">            <div class=\"box has-hover gallery-box box-normal\">\n              <div class=\"box-image\" >\n                <img decoding=\"async\" width=\"600\" height=\"400\" data-src=\"https:\/\/38grader.com\/wp-content\/uploads\/2021\/12\/Viena-Svart-Miljo-2020-4-scaled.jpg\" class=\"attachment-medium size-medium lazyload\" alt=\"\" ids=\"2835,2834,2806\" style=\"--smush-placeholder-width: 600px; --smush-placeholder-aspect-ratio: 600\/400;normal\" col_spacing=\"small\" columns=\"1\" text_padding=\"0px 0px 0px 0px\" visibility=\"hide-for-small\" src=\"data:image\/svg+xml;base64,PHN2ZyB3aWR0aD0iMSIgaGVpZ2h0PSIxIiB4bWxucz0iaHR0cDovL3d3dy53My5vcmcvMjAwMC9zdmciPjwvc3ZnPg==\" \/>                                                              <\/div>\n              <div class=\"box-text text-left\" style=\"padding:0px 0px 0px 0px;\">\n                 <p><\/p>\n              <\/div>\n            <\/div>\n            <\/a>          <\/div>\n         <\/div><\/div>\n\t\t<\/div>\n\t\t\t\t\n<style>\n#col-1736498106 > .col-inner {\n  padding: 0px 0px 0px 19px;\n}\n<\/style>\n\t<\/div>\n\n\t\n<\/div>\n\t\t<\/div>\n\t\t\t\t\n<style>\n#col-931778492 > .col-inner {\n  padding: 50px 0px 0px 0;\n}\n<\/style>\n\t<\/div>\n\n\t\n\n\t<div id=\"col-1838353673\" class=\"col medium-6 large-6\"  data-animate=\"blurIn\">\n\t\t\t\t<div class=\"col-inner text-left\"  >\n\t\t\t\n\t\t\t\n\t<div id=\"gap-1190958193\" class=\"gap-element clearfix\" style=\"display:block; height:auto;\">\n\t\t\n<style>\n#gap-1190958193 {\n  padding-top: 50px;\n}\n<\/style>\n\t<\/div>\n\t\n\t<div id=\"text-266153017\" class=\"text\">\n\t\t\n<h1><img decoding=\"async\" class=\"alignnone wp-image-2779 lazyload\" data-src=\"https:\/\/38grader.com\/wp-content\/uploads\/2021\/12\/interform-logo-hvit.png\" alt=\"\" width=\"282\" height=\"60\" data-srcset=\"https:\/\/38grader.com\/wp-content\/uploads\/2021\/12\/interform-logo-hvit.png 640w, https:\/\/38grader.com\/wp-content\/uploads\/2021\/12\/interform-logo-hvit-510x108.png 510w\" data-sizes=\"(max-width: 282px) 100vw, 282px\" src=\"data:image\/svg+xml;base64,PHN2ZyB3aWR0aD0iMSIgaGVpZ2h0PSIxIiB4bWxucz0iaHR0cDovL3d3dy53My5vcmcvMjAwMC9zdmciPjwvc3ZnPg==\" style=\"--smush-placeholder-width: 282px; --smush-placeholder-aspect-ratio: 282\/60;\" \/><\/h1>\n<p>\u00a0<\/p>\n<h1><span style=\"font-size: 100%; color: #eae7df;\">MATERIAL OCH TEKNISK INFORMATION<\/span><\/h1>\n\t\t\n<style>\n#text-266153017 {\n  font-size: 1rem;\n  line-height: 1.25;\n  color: rgb(255, 255, 255);\n}\n#text-266153017 > * {\n  color: rgb(255, 255, 255);\n}\n<\/style>\n\t<\/div>\n\t\n<p id=\"tw-target-text\" class=\"tw-data-text tw-text-large tw-ta\" dir=\"ltr\" data-placeholder=\"\u00d6vers\u00e4ttning\"><span class=\"Y2IQFc\" lang=\"sv\" style=\"font-size: 110%; color: #eae7df;\"><strong>SANITETSAKRYL<\/strong><br \/>\nInterforms bad- och massagekar tillverkas i genomf\u00e4rgad sanitetsakryl och f\u00f6rst\u00e4rks sedan med flera lager glasfiberarmerad polyester. Detta ger ett badkar som \u00e4r solitt men ocks\u00e5 l\u00e4tt. Dessutom h\u00e5ller materialet v\u00e4rmen b\u00e4ttre \u00e4n ett st\u00e5l\/emaljbadkar. <\/span><\/p>\n<p class=\"tw-data-text tw-text-large tw-ta\" dir=\"ltr\" data-placeholder=\"\u00d6vers\u00e4ttning\"><span class=\"Y2IQFc\" lang=\"sv\" style=\"font-size: 110%; color: #eae7df;\">Akryl \u00e4r ett porfritt och sl\u00e4tt material, den blanka h\u00e5rda ytan g\u00f6r badet hygieniskt och mycket l\u00e4tt att reng\u00f6ra. Det blir inte missf\u00e4rgat av tv\u00e5lrester, kalk eller solljus. Ett badkar i sanitetsakryl \u00e4r ocks\u00e5 mycket motst\u00e5ndskraftigt mot repor. <\/span><\/p>\n<p class=\"tw-data-text tw-text-large tw-ta\" dir=\"ltr\" data-placeholder=\"\u00d6vers\u00e4ttning\"><span class=\"Y2IQFc\" lang=\"sv\" style=\"font-size: 110%; color: #eae7df;\">Om det \u00e4r ont om plats kan b\u00e5de badkaret och panelen kapas n\u00e5got. <\/span><\/p>\n<p class=\"tw-data-text tw-text-large tw-ta\" dir=\"ltr\" data-placeholder=\"\u00d6vers\u00e4ttning\"><span class=\"Y2IQFc\" lang=\"sv\" style=\"font-size: 110%; color: #eae7df;\">Badkaren levereras som standard utan br\u00e4ddavlopp. Inga st\u00f6rande inslag, och som en extra bonus uppn\u00e5s d\u00e5 maximalt baddjup. Skulle du \u00e4nd\u00e5 beh\u00f6va ett br\u00e4ddavlopp p\u00e5 badet s\u00e5 monterar vi sj\u00e4lvklart detta. <\/span><\/p>\n<p class=\"tw-data-text tw-text-large tw-ta\" dir=\"ltr\" data-placeholder=\"\u00d6vers\u00e4ttning\"><span class=\"Y2IQFc\" lang=\"sv\" style=\"font-size: 110%; color: #eae7df;\">Ett urval av badkaren kan f\u00e5s med unika Microsilk\u00ae f\u00f6r den ultimata SPA-upplevelsen. <\/span><\/p>\n<p class=\"tw-data-text tw-text-large tw-ta\" dir=\"ltr\" data-placeholder=\"\u00d6vers\u00e4ttning\"><span class=\"Y2IQFc\" lang=\"sv\" style=\"font-size: 110%; color: #eae7df;\">Alla modeller kan levereras med \u00f6nskad RAL-f\u00e4rg p\u00e5 panelerna. <\/span><\/p>\n<p class=\"tw-data-text tw-text-large tw-ta\" dir=\"ltr\" data-placeholder=\"\u00d6vers\u00e4ttning\"><span style=\"color: #eae7df;\"><span class=\"Y2IQFc\" lang=\"sv\" style=\"font-size: 110%;\">V\u00e5ra frist\u00e5ende helgjutna badkarsmodeller Embla och Mime \u00e4r tillverkade i sanitetsakryl fr\u00e5n Lucite\u00ae.\u00a0<\/span><span class=\"Y2IQFc\" lang=\"sv\" style=\"font-size: 110%;\">Badkaren har en s\u00f6ml\u00f6s och vacker finish, utan st\u00f6rande inslag. Levereras med klickventil i vitt. Vikten p\u00e5 ca 60 kg g\u00f6r dessa badkar mycket stabila och stabila. <\/span><\/span><\/p>\n<p class=\"tw-data-text tw-text-large tw-ta\" dir=\"ltr\" data-placeholder=\"\u00d6vers\u00e4ttning\"><span style=\"color: #eae7df;\"><span class=\"Y2IQFc\" lang=\"sv\" style=\"font-size: 110%;\"><strong>SOLID SURFACE (KOMPOSIT) <\/strong><br \/>\n<\/span><span class=\"Y2IQFc\" lang=\"sv\" style=\"font-size: 110%;\">Solid Surface \u00e4r ett kompositmaterial med helt unika egenskaper. Den fasta blandningen, som best\u00e5r av mineraler och akryl, \u00e4r t\u00e5lig och mycket h\u00e5llbar. Varje produkt \u00e4r unik d\u00e5 den \u00e4r handgjord\/slipad f\u00f6r hand. Variationer kommer att f\u00f6rekomma p\u00e5 modeller i f\u00e4rgad design (svart och gr\u00e5) d\u00e4r pigment tills\u00e4tts stenblandningen. Det \u00e4r stabila, tunga badkar som h\u00e5ller v\u00e4rmen l\u00e4nge. Levereras med klickventil i samma design som badkaret. Detta i kombination med den silkesmjuka, matta ytan ger badkaren ett elegant och exklusivt utseende.<\/span><\/span><\/p>\n\t\t<\/div>\n\t\t\t\t\n<style>\n#col-1838353673 > .col-inner {\n  padding: 30px 25px 0px 25px;\n}\n<\/style>\n\t<\/div>\n\n\t\n<\/div>\n<div class=\"row row-collapse row-full-width show-for-small\"  id=\"row-1596375872\">\n\n\t<div id=\"col-996986855\" class=\"col medium-6 small-12 large-6\"  >\n\t\t\t\t<div class=\"col-inner\"  >\n\t\t\t\n\t\t\t\n<div class=\"row row-collapse row-full-width align-middle align-center\"  id=\"row-2070138799\">\n\n\t<div id=\"col-995166695\" class=\"col small-12 large-12\"  >\n\t\t\t\t<div class=\"col-inner text-center\"  >\n\t\t\t\n\t\t\t\n\t<div class=\"img has-hover x md-x lg-x y md-y lg-y\" id=\"image_1721699212\">\n\t\t\t\t\t\t\t\t<div class=\"img-inner dark\" >\n\t\t\t<img decoding=\"async\" width=\"1020\" height=\"765\" data-src=\"https:\/\/38grader.com\/wp-content\/uploads\/2021\/12\/Urban-Miljo-2020-2-scaled.jpg\" class=\"attachment-large size-large lazyload\" alt=\"\" src=\"data:image\/svg+xml;base64,PHN2ZyB3aWR0aD0iMSIgaGVpZ2h0PSIxIiB4bWxucz0iaHR0cDovL3d3dy53My5vcmcvMjAwMC9zdmciPjwvc3ZnPg==\" style=\"--smush-placeholder-width: 1020px; --smush-placeholder-aspect-ratio: 1020\/765;\" \/>\t\t\t\t\t\t\n\t\t\t\t\t<\/div>\n\t\t\t\t\t\t\t\t\n<style>\n#image_1721699212 {\n  width: 100%;\n}\n<\/style>\n\t<\/div>\n\t\n\t\t<\/div>\n\t\t\t\t\n<style>\n#col-995166695 > .col-inner {\n  padding: 0px 0px 0px 0px;\n}\n@media (min-width:550px) {\n  #col-995166695 > .col-inner {\n    padding: 0px 0px 0px 19px;\n  }\n}\n<\/style>\n\t<\/div>\n\n\t\n<\/div>\n\t\t<\/div>\n\t\t\t\t\n<style>\n#col-996986855 > .col-inner {\n  padding: 50px 0px 0px 0;\n}\n<\/style>\n\t<\/div>\n\n\t\n\n\t<div id=\"col-741442868\" class=\"col medium-6 small-12 large-6\"  data-animate=\"blurIn\">\n\t\t\t\t<div class=\"col-inner text-left\"  >\n\t\t\t\n\t\t\t\n\t<div id=\"text-1846744380\" class=\"text\">\n\t\t\n<h1><img decoding=\"async\" class=\"alignnone wp-image-2779 lazyload\" data-src=\"https:\/\/38grader.com\/wp-content\/uploads\/2021\/12\/interform-logo-hvit.png\" alt=\"\" width=\"282\" height=\"60\" data-srcset=\"https:\/\/38grader.com\/wp-content\/uploads\/2021\/12\/interform-logo-hvit.png 640w, https:\/\/38grader.com\/wp-content\/uploads\/2021\/12\/interform-logo-hvit-510x108.png 510w\" data-sizes=\"(max-width: 282px) 100vw, 282px\" src=\"data:image\/svg+xml;base64,PHN2ZyB3aWR0aD0iMSIgaGVpZ2h0PSIxIiB4bWxucz0iaHR0cDovL3d3dy53My5vcmcvMjAwMC9zdmciPjwvc3ZnPg==\" style=\"--smush-placeholder-width: 282px; --smush-placeholder-aspect-ratio: 282\/60;\" \/><\/h1>\n<p>\u00a0<\/p>\n<h1><span style=\"font-size: 100%; color: #eae7df;\">TEKNISK INFORMATION<\/span><\/h1>\n\t\t\n<style>\n#text-1846744380 {\n  font-size: 1rem;\n  line-height: 1.25;\n  color: rgb(255, 255, 255);\n}\n#text-1846744380 > * {\n  color: rgb(255, 255, 255);\n}\n@media (min-width:550px) {\n  #text-1846744380 {\n    font-size: 1rem;\n  }\n}\n<\/style>\n\t<\/div>\n\t\n<p id=\"tw-target-text\" class=\"tw-data-text tw-text-large tw-ta\" dir=\"ltr\" data-placeholder=\"\u00d6vers\u00e4ttning\"><span class=\"Y2IQFc\" lang=\"sv\" style=\"font-size: 110%; color: #eae7df;\"><strong>SANITETSAKRYL<\/strong><br \/>\nInterforms bad- och massagekar tillverkas i genomf\u00e4rgad sanitetsakryl och f\u00f6rst\u00e4rks sedan med flera lager glasfiberarmerad polyester. Detta ger ett badkar som \u00e4r solitt men ocks\u00e5 l\u00e4tt. Dessutom h\u00e5ller materialet v\u00e4rmen b\u00e4ttre \u00e4n ett st\u00e5l\/emaljbadkar. <\/span><\/p>\n<p class=\"tw-data-text tw-text-large tw-ta\" dir=\"ltr\" data-placeholder=\"\u00d6vers\u00e4ttning\"><span class=\"Y2IQFc\" lang=\"sv\" style=\"font-size: 110%; color: #eae7df;\">Akryl \u00e4r ett porfritt och sl\u00e4tt material, den blanka h\u00e5rda ytan g\u00f6r badet hygieniskt och mycket l\u00e4tt att reng\u00f6ra. Det blir inte missf\u00e4rgat av tv\u00e5lrester, kalk eller solljus. Ett badkar i sanitetsakryl \u00e4r ocks\u00e5 mycket motst\u00e5ndskraftigt mot repor. <\/span><\/p>\n<p class=\"tw-data-text tw-text-large tw-ta\" dir=\"ltr\" data-placeholder=\"\u00d6vers\u00e4ttning\"><span class=\"Y2IQFc\" lang=\"sv\" style=\"font-size: 110%; color: #eae7df;\">Om det \u00e4r ont om plats kan b\u00e5de badkaret och panelen kapas n\u00e5got. <\/span><\/p>\n<p class=\"tw-data-text tw-text-large tw-ta\" dir=\"ltr\" data-placeholder=\"\u00d6vers\u00e4ttning\"><span class=\"Y2IQFc\" lang=\"sv\" style=\"font-size: 110%; color: #eae7df;\">Badkaren levereras som standard utan br\u00e4ddavlopp. Inga st\u00f6rande inslag, och som en extra bonus uppn\u00e5s d\u00e5 maximalt baddjup. Skulle du \u00e4nd\u00e5 beh\u00f6va ett br\u00e4ddavlopp p\u00e5 badet s\u00e5 monterar vi sj\u00e4lvklart detta. <\/span><\/p>\n<p class=\"tw-data-text tw-text-large tw-ta\" dir=\"ltr\" data-placeholder=\"\u00d6vers\u00e4ttning\"><span class=\"Y2IQFc\" lang=\"sv\" style=\"font-size: 110%; color: #eae7df;\">Ett urval av badkaren kan f\u00e5s med unika Microsilk\u00ae f\u00f6r den ultimata SPA-upplevelsen. <\/span><\/p>\n<p class=\"tw-data-text tw-text-large tw-ta\" dir=\"ltr\" data-placeholder=\"\u00d6vers\u00e4ttning\"><span class=\"Y2IQFc\" lang=\"sv\" style=\"font-size: 110%; color: #eae7df;\">Alla modeller kan levereras med \u00f6nskad RAL-f\u00e4rg p\u00e5 panelerna. <\/span><\/p>\n<p class=\"tw-data-text tw-text-large tw-ta\" dir=\"ltr\" data-placeholder=\"\u00d6vers\u00e4ttning\"><span style=\"color: #eae7df;\"><span class=\"Y2IQFc\" lang=\"sv\" style=\"font-size: 110%;\">V\u00e5ra frist\u00e5ende helgjutna badkarsmodeller Embla och Mime \u00e4r tillverkade i sanitetsakryl fr\u00e5n Lucite\u00ae.\u00a0<\/span><span class=\"Y2IQFc\" lang=\"sv\" style=\"font-size: 110%;\">Badkaren har en s\u00f6ml\u00f6s och vacker finish, utan st\u00f6rande inslag. Levereras med klickventil i vitt. Vikten p\u00e5 ca 60 kg g\u00f6r dessa badkar mycket stabila och stabila. <\/span><\/span><\/p>\n<p class=\"tw-data-text tw-text-large tw-ta\" dir=\"ltr\" data-placeholder=\"\u00d6vers\u00e4ttning\"><span style=\"color: #eae7df;\"><span class=\"Y2IQFc\" lang=\"sv\" style=\"font-size: 110%;\"><strong>SOLID SURFACE (KOMPOSIT) <\/strong><br \/>\n<\/span><span class=\"Y2IQFc\" lang=\"sv\" style=\"font-size: 110%;\">Solid Surface \u00e4r ett kompositmaterial med helt unika egenskaper. Den fasta blandningen, som best\u00e5r av mineraler och akryl, \u00e4r t\u00e5lig och mycket h\u00e5llbar. Varje produkt \u00e4r unik d\u00e5 den \u00e4r handgjord\/slipad f\u00f6r hand. Variationer kommer att f\u00f6rekomma p\u00e5 modeller i f\u00e4rgad design (svart och gr\u00e5) d\u00e4r pigment tills\u00e4tts stenblandningen. Det \u00e4r stabila, tunga badkar som h\u00e5ller v\u00e4rmen l\u00e4nge. Levereras med klickventil i samma design som badkaret. Detta i kombination med den silkesmjuka, matta ytan ger badkaren ett elegant och exklusivt utseende.<\/span><\/span><\/p>\n\t\t<\/div>\n\t\t\t\t\n<style>\n#col-741442868 > .col-inner {\n  padding: 30px 25px 0px 25px;\n}\n<\/style>\n\t<\/div>\n\n\t\n<\/div>\n\t\t<\/div>\n\n\t\t\n<style>\n#section_564702273 {\n  padding-top: 70px;\n  padding-bottom: 70px;\n  background-color: #787f7d;\n}\n<\/style>\n\t<\/section>","protected":false},"excerpt":{"rendered":"","protected":false},"author":1,"featured_media":0,"parent":0,"menu_order":0,"comment_status":"closed","ping_status":"closed","template":"","meta":{"footnotes":""},"class_list":["post-2875","page","type-page","status-publish","hentry"],"yoast_head":"<!-- This site is optimized with the Yoast SEO Premium plugin v24.7 (Yoast SEO v27.5) - https:\/\/yoast.com\/product\/yoast-seo-premium-wordpress\/ -->\n<title>Material &amp; Teknisk info - Interform badkar -<\/title>\n<meta name=\"robots\" content=\"index, follow, max-snippet:-1, max-image-preview:large, max-video-preview:-1\" \/>\n<link rel=\"canonical\" href=\"https:\/\/38grader.com\/en\/teknisk-info-badkar\/\" \/>\n<meta property=\"og:locale\" content=\"en_US\" \/>\n<meta property=\"og:type\" content=\"article\" \/>\n<meta property=\"og:title\" content=\"Material &amp; Teknisk info - Interform badkar\" \/>\n<meta property=\"og:url\" content=\"https:\/\/38grader.com\/en\/teknisk-info-badkar\/\" \/>\n<meta property=\"article:publisher\" content=\"https:\/\/www.facebook.com\/38grader\/?ref=pages_you_manage\" \/>\n<meta property=\"article:modified_time\" content=\"2022-03-24T09:07:41+00:00\" \/>\n<meta property=\"og:image\" content=\"https:\/\/38grader.com\/wp-content\/uploads\/2021\/12\/interform-logo-hvit.png\" \/>\n<meta name=\"twitter:card\" content=\"summary_large_image\" \/>\n<meta name=\"twitter:label1\" content=\"Est. reading time\" \/>\n\t<meta name=\"twitter:data1\" content=\"4 minutes\" \/>\n<script type=\"application\/ld+json\" class=\"yoast-schema-graph\">{\"@context\":\"https:\\\/\\\/schema.org\",\"@graph\":[{\"@type\":\"WebPage\",\"@id\":\"https:\\\/\\\/38grader.com\\\/teknisk-info-badkar\\\/\",\"url\":\"https:\\\/\\\/38grader.com\\\/teknisk-info-badkar\\\/\",\"name\":\"Material & Teknisk info - Interform badkar -\",\"isPartOf\":{\"@id\":\"https:\\\/\\\/38grader.com\\\/#website\"},\"primaryImageOfPage\":{\"@id\":\"https:\\\/\\\/38grader.com\\\/teknisk-info-badkar\\\/#primaryimage\"},\"image\":{\"@id\":\"https:\\\/\\\/38grader.com\\\/teknisk-info-badkar\\\/#primaryimage\"},\"thumbnailUrl\":\"https:\\\/\\\/38grader.com\\\/wp-content\\\/uploads\\\/2021\\\/12\\\/interform-logo-hvit.png\",\"datePublished\":\"2021-12-08T15:57:14+00:00\",\"dateModified\":\"2022-03-24T09:07:41+00:00\",\"breadcrumb\":{\"@id\":\"https:\\\/\\\/38grader.com\\\/teknisk-info-badkar\\\/#breadcrumb\"},\"inLanguage\":\"en-US\",\"potentialAction\":[{\"@type\":\"ReadAction\",\"target\":[\"https:\\\/\\\/38grader.com\\\/teknisk-info-badkar\\\/\"]}]},{\"@type\":\"ImageObject\",\"inLanguage\":\"en-US\",\"@id\":\"https:\\\/\\\/38grader.com\\\/teknisk-info-badkar\\\/#primaryimage\",\"url\":\"https:\\\/\\\/38grader.com\\\/wp-content\\\/uploads\\\/2021\\\/12\\\/interform-logo-hvit.png\",\"contentUrl\":\"https:\\\/\\\/38grader.com\\\/wp-content\\\/uploads\\\/2021\\\/12\\\/interform-logo-hvit.png\"},{\"@type\":\"BreadcrumbList\",\"@id\":\"https:\\\/\\\/38grader.com\\\/teknisk-info-badkar\\\/#breadcrumb\",\"itemListElement\":[{\"@type\":\"ListItem\",\"position\":1,\"name\":\"Hem\",\"item\":\"https:\\\/\\\/38grader.com\\\/\"},{\"@type\":\"ListItem\",\"position\":2,\"name\":\"Material &#038; Teknisk info &#8211; Interform badkar\"}]},{\"@type\":\"WebSite\",\"@id\":\"https:\\\/\\\/38grader.com\\\/#website\",\"url\":\"https:\\\/\\\/38grader.com\\\/\",\"name\":\"\",\"description\":\"Du kan bara slappna av. Vi l\u00f6ser det!\",\"publisher\":{\"@id\":\"https:\\\/\\\/38grader.com\\\/#organization\"},\"potentialAction\":[{\"@type\":\"SearchAction\",\"target\":{\"@type\":\"EntryPoint\",\"urlTemplate\":\"https:\\\/\\\/38grader.com\\\/?s={search_term_string}\"},\"query-input\":{\"@type\":\"PropertyValueSpecification\",\"valueRequired\":true,\"valueName\":\"search_term_string\"}}],\"inLanguage\":\"en-US\"},{\"@type\":\"Organization\",\"@id\":\"https:\\\/\\\/38grader.com\\\/#organization\",\"name\":\"38 grader AB\",\"url\":\"https:\\\/\\\/38grader.com\\\/\",\"logo\":{\"@type\":\"ImageObject\",\"inLanguage\":\"en-US\",\"@id\":\"https:\\\/\\\/38grader.com\\\/#\\\/schema\\\/logo\\\/image\\\/\",\"url\":\"https:\\\/\\\/38grader.com\\\/wp-content\\\/uploads\\\/2021\\\/05\\\/Logo-152.png\",\"contentUrl\":\"https:\\\/\\\/38grader.com\\\/wp-content\\\/uploads\\\/2021\\\/05\\\/Logo-152.png\",\"width\":152,\"height\":152,\"caption\":\"38 grader AB\"},\"image\":{\"@id\":\"https:\\\/\\\/38grader.com\\\/#\\\/schema\\\/logo\\\/image\\\/\"},\"sameAs\":[\"https:\\\/\\\/www.facebook.com\\\/38grader\\\/?ref=pages_you_manage\",\"https:\\\/\\\/www.instagram.com\\\/38_grader\\\/\"]}]}<\/script>\n<!-- \/ Yoast SEO Premium plugin. -->","yoast_head_json":{"title":"Material & Teknisk info - Interform badkar -","robots":{"index":"index","follow":"follow","max-snippet":"max-snippet:-1","max-image-preview":"max-image-preview:large","max-video-preview":"max-video-preview:-1"},"canonical":"https:\/\/38grader.com\/en\/teknisk-info-badkar\/","og_locale":"en_US","og_type":"article","og_title":"Material & Teknisk info - Interform badkar","og_url":"https:\/\/38grader.com\/en\/teknisk-info-badkar\/","article_publisher":"https:\/\/www.facebook.com\/38grader\/?ref=pages_you_manage","article_modified_time":"2022-03-24T09:07:41+00:00","og_image":[{"url":"https:\/\/38grader.com\/wp-content\/uploads\/2021\/12\/interform-logo-hvit.png","type":"","width":"","height":""}],"twitter_card":"summary_large_image","twitter_misc":{"Est. reading time":"4 minutes"},"schema":{"@context":"https:\/\/schema.org","@graph":[{"@type":"WebPage","@id":"https:\/\/38grader.com\/teknisk-info-badkar\/","url":"https:\/\/38grader.com\/teknisk-info-badkar\/","name":"Material & Teknisk info - Interform badkar -","isPartOf":{"@id":"https:\/\/38grader.com\/#website"},"primaryImageOfPage":{"@id":"https:\/\/38grader.com\/teknisk-info-badkar\/#primaryimage"},"image":{"@id":"https:\/\/38grader.com\/teknisk-info-badkar\/#primaryimage"},"thumbnailUrl":"https:\/\/38grader.com\/wp-content\/uploads\/2021\/12\/interform-logo-hvit.png","datePublished":"2021-12-08T15:57:14+00:00","dateModified":"2022-03-24T09:07:41+00:00","breadcrumb":{"@id":"https:\/\/38grader.com\/teknisk-info-badkar\/#breadcrumb"},"inLanguage":"en-US","potentialAction":[{"@type":"ReadAction","target":["https:\/\/38grader.com\/teknisk-info-badkar\/"]}]},{"@type":"ImageObject","inLanguage":"en-US","@id":"https:\/\/38grader.com\/teknisk-info-badkar\/#primaryimage","url":"https:\/\/38grader.com\/wp-content\/uploads\/2021\/12\/interform-logo-hvit.png","contentUrl":"https:\/\/38grader.com\/wp-content\/uploads\/2021\/12\/interform-logo-hvit.png"},{"@type":"BreadcrumbList","@id":"https:\/\/38grader.com\/teknisk-info-badkar\/#breadcrumb","itemListElement":[{"@type":"ListItem","position":1,"name":"Hem","item":"https:\/\/38grader.com\/"},{"@type":"ListItem","position":2,"name":"Material &#038; Teknisk info &#8211; Interform badkar"}]},{"@type":"WebSite","@id":"https:\/\/38grader.com\/#website","url":"https:\/\/38grader.com\/","name":"","description":"You can just relax. We&#039;ll handle it!","publisher":{"@id":"https:\/\/38grader.com\/#organization"},"potentialAction":[{"@type":"SearchAction","target":{"@type":"EntryPoint","urlTemplate":"https:\/\/38grader.com\/?s={search_term_string}"},"query-input":{"@type":"PropertyValueSpecification","valueRequired":true,"valueName":"search_term_string"}}],"inLanguage":"en-US"},{"@type":"Organization","@id":"https:\/\/38grader.com\/#organization","name":"38 degrees AB","url":"https:\/\/38grader.com\/","logo":{"@type":"ImageObject","inLanguage":"en-US","@id":"https:\/\/38grader.com\/#\/schema\/logo\/image\/","url":"https:\/\/38grader.com\/wp-content\/uploads\/2021\/05\/Logo-152.png","contentUrl":"https:\/\/38grader.com\/wp-content\/uploads\/2021\/05\/Logo-152.png","width":152,"height":152,"caption":"38 grader AB"},"image":{"@id":"https:\/\/38grader.com\/#\/schema\/logo\/image\/"},"sameAs":["https:\/\/www.facebook.com\/38grader\/?ref=pages_you_manage","https:\/\/www.instagram.com\/38_grader\/"]}]}},"_links":{"self":[{"href":"https:\/\/38grader.com\/en\/wp-json\/wp\/v2\/pages\/2875","targetHints":{"allow":["GET"]}}],"collection":[{"href":"https:\/\/38grader.com\/en\/wp-json\/wp\/v2\/pages"}],"about":[{"href":"https:\/\/38grader.com\/en\/wp-json\/wp\/v2\/types\/page"}],"author":[{"embeddable":true,"href":"https:\/\/38grader.com\/en\/wp-json\/wp\/v2\/users\/1"}],"replies":[{"embeddable":true,"href":"https:\/\/38grader.com\/en\/wp-json\/wp\/v2\/comments?post=2875"}],"version-history":[{"count":23,"href":"https:\/\/38grader.com\/en\/wp-json\/wp\/v2\/pages\/2875\/revisions"}],"predecessor-version":[{"id":4411,"href":"https:\/\/38grader.com\/en\/wp-json\/wp\/v2\/pages\/2875\/revisions\/4411"}],"wp:attachment":[{"href":"https:\/\/38grader.com\/en\/wp-json\/wp\/v2\/media?parent=2875"}],"curies":[{"name":"wp","href":"https:\/\/api.w.org\/{rel}","templated":true}]}}