{"id":11895,"date":"2023-12-19T16:55:17","date_gmt":"2023-12-19T14:55:17","guid":{"rendered":"https:\/\/38grader.com\/?page_id=11895"},"modified":"2025-03-21T15:44:57","modified_gmt":"2025-03-21T13:44:57","slug":"effe-inomhus-bastu-bodylove-3","status":"publish","type":"page","link":"https:\/\/38grader.com\/en\/bastu\/effe-inomhus-bastu-bodylove-3\/","title":{"rendered":"Effe | Inomhus Bastu | Bodylove"},"content":{"rendered":"<section class=\"section grayscale-banner dark is-full-height\" id=\"section_72610665\">\n\t\t<div class=\"section-bg fill\" >\n\t\t\t<img fetchpriority=\"high\" decoding=\"async\" width=\"1920\" height=\"1390\" src=\"https:\/\/38grader.com\/wp-content\/uploads\/2024\/12\/Slider-BodyloveH-1.jpg\" class=\"bg attachment- size-\" alt=\"\" \/>\t\t\t\t<div class=\"video-overlay no-click fill hide-for-medium\"><\/div>\n\t<video class=\"video-bg fill hide-for-medium\" preload playsinline autoplay muted loop>\n\t\t<source src=\"https:\/\/38grader.com\/wp-content\/uploads\/2024\/12\/videoplayback-1.mp4\" type=\"video\/mp4\">\t<\/video>\n\t\t\t<div class=\"section-bg-overlay absolute fill\"><\/div>\n\t\t\t\n\n\t\t<\/div>\n\n\t\t\n\t<div class=\"ux-shape-divider ux-shape-divider--bottom ux-shape-divider--style-arrow-invert\">\n\t\t<svg viewbox=\"0 0 1000 100\" xmlns=\"http:\/\/www.w3.org\/2000\/svg\" preserveaspectratio=\"none\">\n\t<path class=\"ux-shape-fill\" d=\"M1000 100H0V80H483L500 97L517 80H1000V100Z\"\/>\n<\/svg>\n\t<\/div>\n\n\t\t<div class=\"section-content relative\">\n\t\t\t\n\t<div id=\"gap-875456654\" class=\"gap-element clearfix\" style=\"display:block; height:auto;\">\n\t\t\n<style>\n#gap-875456654 {\n  padding-top: 0px;\n}\n@media (min-width:550px) {\n  #gap-875456654 {\n    padding-top: 300px;\n  }\n}\n<\/style>\n\t<\/div>\n\t\n<div class=\"row row-collapse row-full-width align-center\"  id=\"row-517186237\">\n\n\t<div id=\"col-417562275\" class=\"col small-12 large-12\"  >\n\t\t\t\t<div class=\"col-inner text-left\"  >\n\t\t\t\n\t\t\t\n\t\t<\/div>\n\t\t\t\t\n<style>\n#col-417562275 > .col-inner {\n  padding: 0px 20px 0px 20px;\n}\n<\/style>\n\t<\/div>\n\n\t\n<\/div>\n\t\t<\/div>\n\n\t\t\n<style>\n#section_72610665 {\n  padding-top: 111px;\n  padding-bottom: 111px;\n  min-height: 100vh;\n}\n#section_72610665 .section-bg-overlay {\n  background-color: rgba(0, 0, 0, 0.34);\n}\n#section_72610665 .section-bg img {\n  object-position: 52% 62%;\n}\n#section_72610665 .ux-shape-divider--bottom svg {\n  height: 50px;\n  --divider-width: 150%;\n}\n@media (min-width:550px) {\n  #section_72610665 .ux-shape-divider--bottom svg {\n    height: 150px;\n    --divider-width: 100%;\n  }\n}\n<\/style>\n\t<\/section>\n\t\n\n\t<section class=\"section\" id=\"section_711081453\">\n\t\t<div class=\"section-bg fill\" >\n\t\t\t\t\t\t\t\t\t\n\t\t\t\n\n\t\t<\/div>\n\n\t\t\n\n\t\t<div class=\"section-content relative\">\n\t\t\t\n\t<div id=\"gap-1915830014\" class=\"gap-element clearfix\" style=\"display:block; height:auto;\">\n\t\t\n<style>\n#gap-1915830014 {\n  padding-top: 30px;\n}\n@media (min-width:550px) {\n  #gap-1915830014 {\n    padding-top: 40px;\n  }\n}\n@media (min-width:850px) {\n  #gap-1915830014 {\n    padding-top: 60px;\n  }\n}\n<\/style>\n\t<\/div>\n\t\n<div class=\"row\" style=\"max-width:1300px\" id=\"row-1994035097\">\n\n\t<div id=\"col-295454010\" class=\"col small-12 large-12\"  >\n\t\t\t\t<div class=\"col-inner text-center\"  >\n\t\t\t\n\t\t\t\n\t<div id=\"gap-498219491\" class=\"gap-element clearfix\" style=\"display:block; height:auto;\">\n\t\t\n<style>\n#gap-498219491 {\n  padding-top: 0px;\n}\n@media (min-width:550px) {\n  #gap-498219491 {\n    padding-top: 30px;\n  }\n}\n<\/style>\n\t<\/div>\n\t\n\t<div class=\"img has-hover x md-x lg-x y md-y lg-y\" id=\"image_1585620698\">\n\t\t<a class=\"\" href=\"https:\/\/38grader.com\/en\/bastu\/effe\/\" target=\"_blank\" rel=\"noopener\" >\t\t\t\t\t\t<div class=\"img-inner dark\" >\n\t\t\t<img decoding=\"async\" width=\"500\" height=\"311\" data-src=\"https:\/\/38grader.com\/wp-content\/uploads\/2024\/12\/effe.png\" class=\"attachment-original size-original lazyload\" alt=\"\" src=\"data:image\/svg+xml;base64,PHN2ZyB3aWR0aD0iMSIgaGVpZ2h0PSIxIiB4bWxucz0iaHR0cDovL3d3dy53My5vcmcvMjAwMC9zdmciPjwvc3ZnPg==\" style=\"--smush-placeholder-width: 500px; --smush-placeholder-aspect-ratio: 500\/311;\" \/>\t\t\t\t\t\t\n\t\t\t\t\t<\/div>\n\t\t\t\t\t\t<\/a>\t\t\n<style>\n#image_1585620698 {\n  width: 40%;\n}\n@media (min-width:550px) {\n  #image_1585620698 {\n    width: 18%;\n  }\n}\n@media (min-width:850px) {\n  #image_1585620698 {\n    width: 11%;\n  }\n}\n<\/style>\n\t<\/div>\n\t\n\t<div id=\"text-3822754031\" class=\"text\">\n\t\t\n<h1>BodyLove Collection<\/h1>\n\t\t\n<style>\n#text-3822754031 {\n  font-size: 1.3rem;\n  text-align: center;\n}\n<\/style>\n\t<\/div>\n\t\n<p>Funktionell, snygg, lyxig: Rodolfo Dordoni har skapat en kollektion som engagerar alla sinnen. BodyLove, det modul\u00e4ra systemet som kombinerar bastu, turkiskt bad och dusch, \u00e4r det ultimata personliga spaet designat f\u00f6r m\u00e5ngsidighet och stil. BodyLove \u00e4r inte ett projekt, det \u00e4r inte heller ett objekt: det \u00e4r en id\u00e9, en k\u00e4nsla.<\/p>\n\t\t<\/div>\n\t\t\t\t\t<\/div>\n\n\t\n<\/div>\n\t\t<\/div>\n\n\t\t\n<style>\n#section_711081453 {\n  padding-top: 0px;\n  padding-bottom: 0px;\n}\n<\/style>\n\t<\/section>\n\t\n\n\t<section class=\"section\" id=\"section_1114802390\">\n\t\t<div class=\"section-bg fill\" >\n\t\t\t\t\t\t\t\t\t\n\t\t\t\n\n\t\t<\/div>\n\n\t\t\n\n\t\t<div class=\"section-content relative\">\n\t\t\t\n<div class=\"row row-full-width\"  id=\"row-1800702900\">\n\n\t<div id=\"col-1561342755\" class=\"col medium-6 small-12 large-4\"  >\n\t\t\t\t<div class=\"col-inner\"  >\n\t\t\t\n\t\t\t\n\t<div class=\"box has-hover   has-hover box-default box-text-bottom\" >\n\n\t\t<div class=\"box-image\" >\n\t\t\t<a href=\"https:\/\/38grader.com\/en\/bastu\/effe-bodylove-h\/\" >\t\t\t<div class=\"image-zoom-fade image-cover\" style=\"padding-top:450px;\">\n\t\t\t\t<img decoding=\"async\" width=\"624\" height=\"468\" data-src=\"https:\/\/38grader.com\/wp-content\/uploads\/2025\/01\/image-4.jpg\" class=\"attachment- size- lazyload\" alt=\"\" data-srcset=\"https:\/\/38grader.com\/wp-content\/uploads\/2025\/01\/image-4.jpg 624w, https:\/\/38grader.com\/wp-content\/uploads\/2025\/01\/image-4-533x400.jpg 533w\" data-sizes=\"(max-width: 624px) 100vw, 624px\" src=\"data:image\/svg+xml;base64,PHN2ZyB3aWR0aD0iMSIgaGVpZ2h0PSIxIiB4bWxucz0iaHR0cDovL3d3dy53My5vcmcvMjAwMC9zdmciPjwvc3ZnPg==\" style=\"--smush-placeholder-width: 624px; --smush-placeholder-aspect-ratio: 624\/468;\" \/>\t\t\t\t\t\t\t\t\t\t\t<\/div>\n\t\t\t<\/a>\t\t<\/div>\n\n\t\t<div class=\"box-text text-center\" >\n\t\t\t<div class=\"box-text-inner\">\n\t\t\t\t\n\t<div id=\"text-3908890214\" class=\"text\">\n\t\t\n<h3>Hamam + Dusch<\/h3>\n<h2>BodyLove H<\/h2>\n\t\t\n<style>\n#text-3908890214 {\n  font-size: 1rem;\n}\n<\/style>\n\t<\/div>\n\t\n\t\t\t<\/div>\n\t\t<\/div>\n\t<\/div>\n\t\n\t\t<\/div>\n\t\t\t\t\t<\/div>\n\n\t\n\n\t<div id=\"col-1444955699\" class=\"col medium-6 small-12 large-4\"  >\n\t\t\t\t<div class=\"col-inner\"  >\n\t\t\t\n\t\t\t\n\t<div class=\"box has-hover   has-hover box-default box-text-bottom\" >\n\n\t\t<div class=\"box-image\" >\n\t\t\t<a href=\"https:\/\/38grader.com\/en\/bastu\/effe-bodylove-sh\/\" >\t\t\t<div class=\"image-zoom-fade image-cover\" style=\"padding-top:450px;\">\n\t\t\t\t<img decoding=\"async\" width=\"624\" height=\"468\" data-src=\"https:\/\/38grader.com\/wp-content\/uploads\/2025\/01\/image-6.jpg\" class=\"attachment- size- lazyload\" alt=\"\" data-srcset=\"https:\/\/38grader.com\/wp-content\/uploads\/2025\/01\/image-6.jpg 624w, https:\/\/38grader.com\/wp-content\/uploads\/2025\/01\/image-6-533x400.jpg 533w\" data-sizes=\"(max-width: 624px) 100vw, 624px\" src=\"data:image\/svg+xml;base64,PHN2ZyB3aWR0aD0iMSIgaGVpZ2h0PSIxIiB4bWxucz0iaHR0cDovL3d3dy53My5vcmcvMjAwMC9zdmciPjwvc3ZnPg==\" style=\"--smush-placeholder-width: 624px; --smush-placeholder-aspect-ratio: 624\/468;\" \/>\t\t\t\t\t\t\t\t\t\t\t<\/div>\n\t\t\t<\/a>\t\t<\/div>\n\n\t\t<div class=\"box-text text-center\" >\n\t\t\t<div class=\"box-text-inner\">\n\t\t\t\t\n\t<div id=\"text-1666555903\" class=\"text\">\n\t\t\n<h3>Bastu + Hamam + Dusch<\/h3>\n<h2>BodyLove SH<\/h2>\n\t\t\n<style>\n#text-1666555903 {\n  font-size: 1rem;\n}\n<\/style>\n\t<\/div>\n\t\n\t\t\t<\/div>\n\t\t<\/div>\n\t<\/div>\n\t\n\t\t<\/div>\n\t\t\t\t\t<\/div>\n\n\t\n\n\t<div id=\"col-1086942457\" class=\"col medium-6 small-12 large-4\"  >\n\t\t\t\t<div class=\"col-inner\"  >\n\t\t\t\n\t\t\t\n\t<div class=\"box has-hover   has-hover box-default box-text-bottom\" >\n\n\t\t<div class=\"box-image\" >\n\t\t\t<a href=\"https:\/\/38grader.com\/en\/bastu\/effe-bodylove-s\/\" >\t\t\t<div class=\"image-zoom-fade image-cover\" style=\"padding-top:450px;\">\n\t\t\t\t<img decoding=\"async\" width=\"624\" height=\"468\" data-src=\"https:\/\/38grader.com\/wp-content\/uploads\/2025\/01\/image-5.jpg\" class=\"attachment- size- lazyload\" alt=\"\" data-srcset=\"https:\/\/38grader.com\/wp-content\/uploads\/2025\/01\/image-5.jpg 624w, https:\/\/38grader.com\/wp-content\/uploads\/2025\/01\/image-5-533x400.jpg 533w\" data-sizes=\"(max-width: 624px) 100vw, 624px\" src=\"data:image\/svg+xml;base64,PHN2ZyB3aWR0aD0iMSIgaGVpZ2h0PSIxIiB4bWxucz0iaHR0cDovL3d3dy53My5vcmcvMjAwMC9zdmciPjwvc3ZnPg==\" style=\"--smush-placeholder-width: 624px; --smush-placeholder-aspect-ratio: 624\/468;\" \/>\t\t\t\t\t\t\t\t\t\t\t<\/div>\n\t\t\t<\/a>\t\t<\/div>\n\n\t\t<div class=\"box-text text-center\" >\n\t\t\t<div class=\"box-text-inner\">\n\t\t\t\t\n\t<div id=\"text-3615904425\" class=\"text\">\n\t\t\n<h3>Sauna<\/h3>\n<h2>BodyLove S<\/h2>\n\t\t\n<style>\n#text-3615904425 {\n  font-size: 1rem;\n}\n<\/style>\n\t<\/div>\n\t\n\t\t\t<\/div>\n\t\t<\/div>\n\t<\/div>\n\t\n\t\t<\/div>\n\t\t\t\t\t<\/div>\n\n\t\n\n<style>\n#row-1800702900 > .col > .col-inner {\n  padding: 0px 0px 25px 0px;\n}\n<\/style>\n<\/div>\n\t\t<\/div>\n\n\t\t\n<style>\n#section_1114802390 {\n  padding-top: 0px;\n  padding-bottom: 0px;\n}\n<\/style>\n\t<\/section>\n\t\n<div class=\"message-box relative dark\" style=\"padding-top:100px;padding-bottom:100px;\"><div class=\"message-box-bg-image bg-fill fill\" ><\/div><div class=\"message-box-bg-overlay bg-fill fill\" style=\"background-color:rgb(255, 255, 255);\"><\/div><div class=\"container relative\"><div class=\"inner last-reset\">\n<div class=\"row align-middle hide-for-small\"  id=\"row-143828982\">\n\n\t<div id=\"col-501889034\" class=\"col medium-7 small-12 large-7\"  >\n\t\t\t\t<div class=\"col-inner\"  >\n\t\t\t\n\t\t\t\n\t<div id=\"text-2226964006\" class=\"text\">\n\t\t\n<h3 class=\"uppercase\">\u00c4R DU INTRESSERAD?<\/h3>\n<p><span style=\"font-size: 110%;\">Vi finns h\u00e4r. Nyfikna och tillg\u00e4ngliga f\u00f6r en f\u00f6ruts\u00e4ttningsl\u00f6s diskussion r\u00f6rande ert wellness-projekt. <\/span><\/p>\n<p><span style=\"font-size: 110%;\">L\u00e5t oss skapa n\u00e5got fantastiskt tillsammans!<\/span><br \/>\n\t\t\n<style>\n#text-2226964006 {\n  color: rgb(51, 49, 42);\n}\n#text-2226964006 > * {\n  color: rgb(51, 49, 42);\n}\n<\/style>\n\t<\/div>\n\t\n\t\t<\/div>\n\t\t\t\t\t<\/div>\n\n\t\n\n\t<div id=\"col-1787074473\" class=\"col small-12 large-12\"  >\n\t\t\t\t<div class=\"col-inner text-left\"  >\n\t\t\t\n\t\t\t\n<a href=\"https:\/\/38grader.com\/en\/kontakt\/\" target=\"_blank\" class=\"button primary is-link\" rel=\"noopener\" style=\"padding:0px 0px 0px 0px;\">\n\t\t<span>KONTAKT<\/span>\n\t<i class=\"icon-angle-right\" aria-hidden=\"true\"><\/i><\/a>\n\n\t\t<\/div>\n\t\t\t\t\n<style>\n#col-1787074473 > .col-inner {\n  margin: 25px 0px 0px 0px;\n}\n<\/style>\n\t<\/div>\n\n\t\n<\/div>\n<div class=\"row align-middle show-for-small\"  id=\"row-390442095\">\n\n\t<div id=\"col-2123390908\" class=\"col medium-7 small-12 large-7\"  >\n\t\t\t\t<div class=\"col-inner\"  >\n\t\t\t\n\t\t\t\n\t<div id=\"text-2445696959\" class=\"text\">\n\t\t\n<h2 class=\"uppercase\">\u00c4R DU INTRESSERAD?<\/h2>\n<p><span style=\"font-size: 110%;\">Vi finns h\u00e4r. Nyfikna och tillg\u00e4ngliga f\u00f6r en f\u00f6ruts\u00e4ttningsl\u00f6s diskussion r\u00f6rande ert projekt. <\/span><\/p>\n<p><span style=\"font-size: 110%;\">L\u00e5t oss skapa n\u00e5got fantastiskt tillsammans!<\/span><br \/>\n\t\t\n<style>\n#text-2445696959 {\n  color: rgb(51, 49, 42);\n}\n#text-2445696959 > * {\n  color: rgb(51, 49, 42);\n}\n<\/style>\n\t<\/div>\n\t\n\t\t<\/div>\n\t\t\t\t\t<\/div>\n\n\t\n\n\t<div id=\"col-559346798\" class=\"col medium-4 small-12 large-4\"  >\n\t\t\t\t<div class=\"col-inner text-left\"  >\n\t\t\t\n\t\t\t\n<a href=\"https:\/\/38grader.com\/en\/kontakt\/\" target=\"_blank\" class=\"button primary is-link\" rel=\"noopener\" >\n\t\t<span>KONTAKT<\/span>\n\t<i class=\"icon-angle-right\" aria-hidden=\"true\"><\/i><\/a>\n\n\t\t<\/div>\n\t\t\t\t\n<style>\n#col-559346798 > .col-inner {\n  padding: 0px 0px 0px 0px;\n  margin: 30px 0px 0px 0px;\n}\n<\/style>\n\t<\/div>\n\n\t\n<\/div>\n<\/div><\/div><\/div>","protected":false},"excerpt":{"rendered":"","protected":false},"author":21,"featured_media":0,"parent":9638,"menu_order":0,"comment_status":"closed","ping_status":"closed","template":"page-transparent-header-light.php","meta":{"footnotes":""},"class_list":["post-11895","page","type-page","status-publish","hentry"],"yoast_head":"<!-- This site is optimized with the Yoast SEO Premium plugin v24.7 (Yoast SEO v27.5) - https:\/\/yoast.com\/product\/yoast-seo-premium-wordpress\/ -->\n<title>Effe | Inomhus Bastu | Bodylove -<\/title>\n<meta name=\"robots\" content=\"index, follow, max-snippet:-1, max-image-preview:large, max-video-preview:-1\" \/>\n<link rel=\"canonical\" href=\"https:\/\/38grader.com\/en\/bastu\/effe-inomhus-bastu-bodylove-3\/\" \/>\n<meta property=\"og:locale\" content=\"en_US\" \/>\n<meta property=\"og:type\" content=\"article\" \/>\n<meta property=\"og:title\" content=\"Effe | Inomhus Bastu | Bodylove\" \/>\n<meta property=\"og:url\" content=\"https:\/\/38grader.com\/en\/bastu\/effe-inomhus-bastu-bodylove-3\/\" \/>\n<meta property=\"article:publisher\" content=\"https:\/\/www.facebook.com\/38grader\/?ref=pages_you_manage\" \/>\n<meta property=\"article:modified_time\" content=\"2025-03-21T13:44:57+00:00\" \/>\n<meta property=\"og:image\" content=\"https:\/\/38grader.com\/wp-content\/uploads\/2022\/08\/Elegant_Miljo_960x960.jpg\" \/>\n\t<meta property=\"og:image:width\" content=\"960\" \/>\n\t<meta property=\"og:image:height\" content=\"960\" \/>\n\t<meta property=\"og:image:type\" content=\"image\/jpeg\" \/>\n<meta name=\"twitter:card\" content=\"summary_large_image\" \/>\n<meta name=\"twitter:label1\" content=\"Est. reading time\" \/>\n\t<meta name=\"twitter:data1\" content=\"2 minutes\" \/>\n<script type=\"application\/ld+json\" class=\"yoast-schema-graph\">{\"@context\":\"https:\\\/\\\/schema.org\",\"@graph\":[{\"@type\":\"WebPage\",\"@id\":\"https:\\\/\\\/38grader.com\\\/bastu\\\/effe-inomhus-bastu-bodylove-3\\\/\",\"url\":\"https:\\\/\\\/38grader.com\\\/bastu\\\/effe-inomhus-bastu-bodylove-3\\\/\",\"name\":\"Effe | Inomhus Bastu | Bodylove -\",\"isPartOf\":{\"@id\":\"https:\\\/\\\/38grader.com\\\/#website\"},\"datePublished\":\"2023-12-19T14:55:17+00:00\",\"dateModified\":\"2025-03-21T13:44:57+00:00\",\"breadcrumb\":{\"@id\":\"https:\\\/\\\/38grader.com\\\/bastu\\\/effe-inomhus-bastu-bodylove-3\\\/#breadcrumb\"},\"inLanguage\":\"en-US\",\"potentialAction\":[{\"@type\":\"ReadAction\",\"target\":[\"https:\\\/\\\/38grader.com\\\/bastu\\\/effe-inomhus-bastu-bodylove-3\\\/\"]}]},{\"@type\":\"BreadcrumbList\",\"@id\":\"https:\\\/\\\/38grader.com\\\/bastu\\\/effe-inomhus-bastu-bodylove-3\\\/#breadcrumb\",\"itemListElement\":[{\"@type\":\"ListItem\",\"position\":1,\"name\":\"Hem\",\"item\":\"https:\\\/\\\/38grader.com\\\/\"},{\"@type\":\"ListItem\",\"position\":2,\"name\":\"Bastu\",\"item\":\"https:\\\/\\\/38grader.com\\\/bastu\\\/\"},{\"@type\":\"ListItem\",\"position\":3,\"name\":\"Effe | Inomhus Bastu | Bodylove\"}]},{\"@type\":\"WebSite\",\"@id\":\"https:\\\/\\\/38grader.com\\\/#website\",\"url\":\"https:\\\/\\\/38grader.com\\\/\",\"name\":\"\",\"description\":\"Du kan bara slappna av. Vi l\u00f6ser det!\",\"publisher\":{\"@id\":\"https:\\\/\\\/38grader.com\\\/#organization\"},\"potentialAction\":[{\"@type\":\"SearchAction\",\"target\":{\"@type\":\"EntryPoint\",\"urlTemplate\":\"https:\\\/\\\/38grader.com\\\/?s={search_term_string}\"},\"query-input\":{\"@type\":\"PropertyValueSpecification\",\"valueRequired\":true,\"valueName\":\"search_term_string\"}}],\"inLanguage\":\"en-US\"},{\"@type\":\"Organization\",\"@id\":\"https:\\\/\\\/38grader.com\\\/#organization\",\"name\":\"38 grader AB\",\"url\":\"https:\\\/\\\/38grader.com\\\/\",\"logo\":{\"@type\":\"ImageObject\",\"inLanguage\":\"en-US\",\"@id\":\"https:\\\/\\\/38grader.com\\\/#\\\/schema\\\/logo\\\/image\\\/\",\"url\":\"https:\\\/\\\/38grader.com\\\/wp-content\\\/uploads\\\/2021\\\/05\\\/Logo-152.png\",\"contentUrl\":\"https:\\\/\\\/38grader.com\\\/wp-content\\\/uploads\\\/2021\\\/05\\\/Logo-152.png\",\"width\":152,\"height\":152,\"caption\":\"38 grader AB\"},\"image\":{\"@id\":\"https:\\\/\\\/38grader.com\\\/#\\\/schema\\\/logo\\\/image\\\/\"},\"sameAs\":[\"https:\\\/\\\/www.facebook.com\\\/38grader\\\/?ref=pages_you_manage\",\"https:\\\/\\\/www.instagram.com\\\/38_grader\\\/\"]}]}<\/script>\n<!-- \/ Yoast SEO Premium plugin. -->","yoast_head_json":{"title":"Effe | Inomhus Bastu | Bodylove -","robots":{"index":"index","follow":"follow","max-snippet":"max-snippet:-1","max-image-preview":"max-image-preview:large","max-video-preview":"max-video-preview:-1"},"canonical":"https:\/\/38grader.com\/en\/bastu\/effe-inomhus-bastu-bodylove-3\/","og_locale":"en_US","og_type":"article","og_title":"Effe | Inomhus Bastu | Bodylove","og_url":"https:\/\/38grader.com\/en\/bastu\/effe-inomhus-bastu-bodylove-3\/","article_publisher":"https:\/\/www.facebook.com\/38grader\/?ref=pages_you_manage","article_modified_time":"2025-03-21T13:44:57+00:00","og_image":[{"width":960,"height":960,"url":"https:\/\/38grader.com\/wp-content\/uploads\/2022\/08\/Elegant_Miljo_960x960.jpg","type":"image\/jpeg"}],"twitter_card":"summary_large_image","twitter_misc":{"Est. reading time":"2 minutes"},"schema":{"@context":"https:\/\/schema.org","@graph":[{"@type":"WebPage","@id":"https:\/\/38grader.com\/bastu\/effe-inomhus-bastu-bodylove-3\/","url":"https:\/\/38grader.com\/bastu\/effe-inomhus-bastu-bodylove-3\/","name":"Effe | Inomhus Bastu | Bodylove -","isPartOf":{"@id":"https:\/\/38grader.com\/#website"},"datePublished":"2023-12-19T14:55:17+00:00","dateModified":"2025-03-21T13:44:57+00:00","breadcrumb":{"@id":"https:\/\/38grader.com\/bastu\/effe-inomhus-bastu-bodylove-3\/#breadcrumb"},"inLanguage":"en-US","potentialAction":[{"@type":"ReadAction","target":["https:\/\/38grader.com\/bastu\/effe-inomhus-bastu-bodylove-3\/"]}]},{"@type":"BreadcrumbList","@id":"https:\/\/38grader.com\/bastu\/effe-inomhus-bastu-bodylove-3\/#breadcrumb","itemListElement":[{"@type":"ListItem","position":1,"name":"Hem","item":"https:\/\/38grader.com\/"},{"@type":"ListItem","position":2,"name":"Bastu","item":"https:\/\/38grader.com\/bastu\/"},{"@type":"ListItem","position":3,"name":"Effe | Inomhus Bastu | Bodylove"}]},{"@type":"WebSite","@id":"https:\/\/38grader.com\/#website","url":"https:\/\/38grader.com\/","name":"","description":"You can just relax. We&#039;ll handle it!","publisher":{"@id":"https:\/\/38grader.com\/#organization"},"potentialAction":[{"@type":"SearchAction","target":{"@type":"EntryPoint","urlTemplate":"https:\/\/38grader.com\/?s={search_term_string}"},"query-input":{"@type":"PropertyValueSpecification","valueRequired":true,"valueName":"search_term_string"}}],"inLanguage":"en-US"},{"@type":"Organization","@id":"https:\/\/38grader.com\/#organization","name":"38 degrees AB","url":"https:\/\/38grader.com\/","logo":{"@type":"ImageObject","inLanguage":"en-US","@id":"https:\/\/38grader.com\/#\/schema\/logo\/image\/","url":"https:\/\/38grader.com\/wp-content\/uploads\/2021\/05\/Logo-152.png","contentUrl":"https:\/\/38grader.com\/wp-content\/uploads\/2021\/05\/Logo-152.png","width":152,"height":152,"caption":"38 grader AB"},"image":{"@id":"https:\/\/38grader.com\/#\/schema\/logo\/image\/"},"sameAs":["https:\/\/www.facebook.com\/38grader\/?ref=pages_you_manage","https:\/\/www.instagram.com\/38_grader\/"]}]}},"_links":{"self":[{"href":"https:\/\/38grader.com\/en\/wp-json\/wp\/v2\/pages\/11895","targetHints":{"allow":["GET"]}}],"collection":[{"href":"https:\/\/38grader.com\/en\/wp-json\/wp\/v2\/pages"}],"about":[{"href":"https:\/\/38grader.com\/en\/wp-json\/wp\/v2\/types\/page"}],"author":[{"embeddable":true,"href":"https:\/\/38grader.com\/en\/wp-json\/wp\/v2\/users\/21"}],"replies":[{"embeddable":true,"href":"https:\/\/38grader.com\/en\/wp-json\/wp\/v2\/comments?post=11895"}],"version-history":[{"count":4,"href":"https:\/\/38grader.com\/en\/wp-json\/wp\/v2\/pages\/11895\/revisions"}],"predecessor-version":[{"id":12377,"href":"https:\/\/38grader.com\/en\/wp-json\/wp\/v2\/pages\/11895\/revisions\/12377"}],"up":[{"embeddable":true,"href":"https:\/\/38grader.com\/en\/wp-json\/wp\/v2\/pages\/9638"}],"wp:attachment":[{"href":"https:\/\/38grader.com\/en\/wp-json\/wp\/v2\/media?parent=11895"}],"curies":[{"name":"wp","href":"https:\/\/api.w.org\/{rel}","templated":true}]}}