{"id":11887,"date":"2023-12-19T16:55:17","date_gmt":"2023-12-19T14:55:17","guid":{"rendered":"https:\/\/38grader.com\/?page_id=11887"},"modified":"2025-04-10T16:52:51","modified_gmt":"2025-04-10T14:52:51","slug":"effe-inomhus-bastu-idea","status":"publish","type":"page","link":"https:\/\/38grader.com\/en\/bastu\/effe-inomhus-bastu-idea\/","title":{"rendered":"Effe | Inomhus Bastu | Idea"},"content":{"rendered":"<section class=\"section dark is-full-height\" id=\"section_1884087303\">\n\t\t<div class=\"section-bg fill\" >\n\t\t\t<img fetchpriority=\"high\" decoding=\"async\" width=\"1920\" height=\"1200\" src=\"https:\/\/38grader.com\/wp-content\/uploads\/2025\/04\/slider-idea-1-2-2.jpg\" class=\"bg attachment- size-\" alt=\"\" \/>\t\t\t\t\t\t<div class=\"section-bg-overlay absolute fill\"><\/div>\n\t\t\t\n\n\t\t<\/div>\n\n\t\t\n\t<div class=\"ux-shape-divider ux-shape-divider--bottom ux-shape-divider--style-arrow-invert\">\n\t\t<svg viewbox=\"0 0 1000 100\" xmlns=\"http:\/\/www.w3.org\/2000\/svg\" preserveaspectratio=\"none\">\n\t<path class=\"ux-shape-fill\" d=\"M1000 100H0V80H483L500 97L517 80H1000V100Z\"\/>\n<\/svg>\n\t<\/div>\n\n\t\t<div class=\"section-content relative\">\n\t\t\t\n\t<div id=\"gap-1699083942\" class=\"gap-element clearfix\" style=\"display:block; height:auto;\">\n\t\t\n<style>\n#gap-1699083942 {\n  padding-top: 0px;\n}\n@media (min-width:550px) {\n  #gap-1699083942 {\n    padding-top: 300px;\n  }\n}\n<\/style>\n\t<\/div>\n\t\n<div class=\"row row-collapse row-full-width align-center\"  id=\"row-795341933\">\n\n\t<div id=\"col-1033123673\" class=\"col small-12 large-12\"  >\n\t\t\t\t<div class=\"col-inner text-left\"  >\n\t\t\t\n\t\t\t\n\t\t<\/div>\n\t\t\t\t\n<style>\n#col-1033123673 > .col-inner {\n  padding: 0px 20px 0px 20px;\n}\n<\/style>\n\t<\/div>\n\n\t\n<\/div>\n\t\t<\/div>\n\n\t\t\n<style>\n#section_1884087303 {\n  padding-top: 111px;\n  padding-bottom: 111px;\n  min-height: 100vh;\n}\n#section_1884087303 .section-bg-overlay {\n  background-color: rgba(0, 0, 0, 0);\n}\n#section_1884087303 .section-bg img {\n  object-position: 52% 62%;\n}\n#section_1884087303 .ux-shape-divider--bottom svg {\n  height: 50px;\n  --divider-width: 150%;\n}\n@media (min-width:550px) {\n  #section_1884087303 .ux-shape-divider--bottom svg {\n    height: 150px;\n    --divider-width: 100%;\n  }\n}\n<\/style>\n\t<\/section>\n\t\n\n\t<section class=\"section\" id=\"section_1511046827\">\n\t\t<div class=\"section-bg fill\" >\n\t\t\t\t\t\t\t\t\t\n\t\t\t\n\n\t\t<\/div>\n\n\t\t\n\n\t\t<div class=\"section-content relative\">\n\t\t\t\n\t<div id=\"gap-1425003142\" class=\"gap-element clearfix\" style=\"display:block; height:auto;\">\n\t\t\n<style>\n#gap-1425003142 {\n  padding-top: 30px;\n}\n@media (min-width:550px) {\n  #gap-1425003142 {\n    padding-top: 40px;\n  }\n}\n@media (min-width:850px) {\n  #gap-1425003142 {\n    padding-top: 60px;\n  }\n}\n<\/style>\n\t<\/div>\n\t\n<div class=\"row\" style=\"max-width:1300px\" id=\"row-838783896\">\n\n\t<div id=\"col-51789845\" class=\"col small-12 large-12\"  >\n\t\t\t\t<div class=\"col-inner text-center\"  >\n\t\t\t\n\t\t\t\n\t<div id=\"gap-622387307\" class=\"gap-element clearfix\" style=\"display:block; height:auto;\">\n\t\t\n<style>\n#gap-622387307 {\n  padding-top: 0px;\n}\n@media (min-width:550px) {\n  #gap-622387307 {\n    padding-top: 30px;\n  }\n}\n<\/style>\n\t<\/div>\n\t\n\t<div class=\"img has-hover x md-x lg-x y md-y lg-y\" id=\"image_491487238\">\n\t\t<a class=\"\" href=\"https:\/\/38grader.com\/en\/bastu\/effe\/\" target=\"_blank\" rel=\"noopener\" >\t\t\t\t\t\t<div class=\"img-inner dark\" >\n\t\t\t<img decoding=\"async\" width=\"500\" height=\"311\" data-src=\"https:\/\/38grader.com\/wp-content\/uploads\/2024\/12\/effe.png\" class=\"attachment-original size-original lazyload\" alt=\"\" src=\"data:image\/svg+xml;base64,PHN2ZyB3aWR0aD0iMSIgaGVpZ2h0PSIxIiB4bWxucz0iaHR0cDovL3d3dy53My5vcmcvMjAwMC9zdmciPjwvc3ZnPg==\" style=\"--smush-placeholder-width: 500px; --smush-placeholder-aspect-ratio: 500\/311;\" \/>\t\t\t\t\t\t\n\t\t\t\t\t<\/div>\n\t\t\t\t\t\t<\/a>\t\t\n<style>\n#image_491487238 {\n  width: 40%;\n}\n@media (min-width:550px) {\n  #image_491487238 {\n    width: 18%;\n  }\n}\n@media (min-width:850px) {\n  #image_491487238 {\n    width: 11%;\n  }\n}\n<\/style>\n\t<\/div>\n\t\n\t<div id=\"text-172180717\" class=\"text\">\n\t\t\n<h1>Idea Collection<\/h1>\n\t\t\n<style>\n#text-172180717 {\n  font-size: 1.3rem;\n  text-align: center;\n}\n<\/style>\n\t<\/div>\n\t\n<p>Idea-kollektionen kombinerar det b\u00e4sta av tv\u00e5 v\u00e4rldar &#8211; de stilrena linjern och detaljerna samt den f\u00f6rstklassiga finish som p\u00e5minner om den nordiska traditionen och elegansen i skr\u00e4ddarsydd italiensk design.<\/p>\n<p>Design: Giovanna Talocci<\/p>\n\t\t<\/div>\n\t\t\t\t\t<\/div>\n\n\t\n<\/div>\n\t\t<\/div>\n\n\t\t\n<style>\n#section_1511046827 {\n  padding-top: 0px;\n  padding-bottom: 0px;\n}\n<\/style>\n\t<\/section>\n\t\n\n\t<section class=\"section\" id=\"section_734585013\">\n\t\t<div class=\"section-bg fill\" >\n\t\t\t\t\t\t\t\t\t\n\t\t\t\n\n\t\t<\/div>\n\n\t\t\n\n\t\t<div class=\"section-content relative\">\n\t\t\t\n<div class=\"row row-full-width\"  id=\"row-1207779431\">\n\n\t<div id=\"col-1099385821\" class=\"col medium-6 small-12 large-4\"  >\n\t\t\t\t<div class=\"col-inner\"  >\n\t\t\t\n\t\t\t\n\t<div class=\"box has-hover   has-hover box-default box-text-bottom\" >\n\n\t\t<div class=\"box-image\" >\n\t\t\t<a href=\"https:\/\/38grader.com\/en\/bastu\/effe-idea\/\" >\t\t\t<div class=\"image-zoom-fade image-cover\" style=\"padding-top:450px;\">\n\t\t\t\t<img decoding=\"async\" width=\"1920\" height=\"1200\" data-src=\"https:\/\/38grader.com\/wp-content\/uploads\/2025\/01\/slider-idea-1-2-1.jpg\" class=\"attachment- size- lazyload\" alt=\"\" data-srcset=\"https:\/\/38grader.com\/wp-content\/uploads\/2025\/01\/slider-idea-1-2-1.jpg 1920w, https:\/\/38grader.com\/wp-content\/uploads\/2025\/01\/slider-idea-1-2-1-640x400.jpg 640w, https:\/\/38grader.com\/wp-content\/uploads\/2025\/01\/slider-idea-1-2-1-1280x800.jpg 1280w, https:\/\/38grader.com\/wp-content\/uploads\/2025\/01\/slider-idea-1-2-1-768x480.jpg 768w, https:\/\/38grader.com\/wp-content\/uploads\/2025\/01\/slider-idea-1-2-1-1536x960.jpg 1536w\" data-sizes=\"(max-width: 1920px) 100vw, 1920px\" src=\"data:image\/svg+xml;base64,PHN2ZyB3aWR0aD0iMSIgaGVpZ2h0PSIxIiB4bWxucz0iaHR0cDovL3d3dy53My5vcmcvMjAwMC9zdmciPjwvc3ZnPg==\" style=\"--smush-placeholder-width: 1920px; --smush-placeholder-aspect-ratio: 1920\/1200;\" \/>\t\t\t\t\t\t\t\t\t\t\t<\/div>\n\t\t\t<\/a>\t\t<\/div>\n\n\t\t<div class=\"box-text text-center\" >\n\t\t\t<div class=\"box-text-inner\">\n\t\t\t\t\n\t<div id=\"text-1673250262\" class=\"text\">\n\t\t\n<h3>Sauna<\/h3>\n<h2>Idea<\/h2>\n\t\t\n<style>\n#text-1673250262 {\n  font-size: 1rem;\n}\n<\/style>\n\t<\/div>\n\t\n\t\t\t<\/div>\n\t\t<\/div>\n\t<\/div>\n\t\n\t\t<\/div>\n\t\t\t\t\t<\/div>\n\n\t\n\n\t<div id=\"col-666182734\" class=\"col medium-6 small-12 large-4\"  >\n\t\t\t\t<div class=\"col-inner\"  >\n\t\t\t\n\t\t\t\n\t<div class=\"box has-hover   has-hover box-default box-text-bottom\" >\n\n\t\t<div class=\"box-image\" >\n\t\t\t<a href=\"https:\/\/38grader.com\/en\/bastu\/effe-idea-ir\/\" >\t\t\t<div class=\"image-zoom-fade image-cover\" style=\"padding-top:450px;\">\n\t\t\t\t<img decoding=\"async\" width=\"1920\" height=\"1101\" data-src=\"https:\/\/38grader.com\/wp-content\/uploads\/2025\/01\/slider-ideaIR-1.jpg\" class=\"attachment- size- lazyload\" alt=\"\" data-srcset=\"https:\/\/38grader.com\/wp-content\/uploads\/2025\/01\/slider-ideaIR-1.jpg 1920w, https:\/\/38grader.com\/wp-content\/uploads\/2025\/01\/slider-ideaIR-1-698x400.jpg 698w, https:\/\/38grader.com\/wp-content\/uploads\/2025\/01\/slider-ideaIR-1-1395x800.jpg 1395w, https:\/\/38grader.com\/wp-content\/uploads\/2025\/01\/slider-ideaIR-1-768x440.jpg 768w, https:\/\/38grader.com\/wp-content\/uploads\/2025\/01\/slider-ideaIR-1-1536x881.jpg 1536w\" data-sizes=\"(max-width: 1920px) 100vw, 1920px\" src=\"data:image\/svg+xml;base64,PHN2ZyB3aWR0aD0iMSIgaGVpZ2h0PSIxIiB4bWxucz0iaHR0cDovL3d3dy53My5vcmcvMjAwMC9zdmciPjwvc3ZnPg==\" style=\"--smush-placeholder-width: 1920px; --smush-placeholder-aspect-ratio: 1920\/1101;\" \/>\t\t\t\t\t\t\t\t\t\t\t<\/div>\n\t\t\t<\/a>\t\t<\/div>\n\n\t\t<div class=\"box-text text-center\" >\n\t\t\t<div class=\"box-text-inner\">\n\t\t\t\t\n\t<div id=\"text-3198899250\" class=\"text\">\n\t\t\n<h3>Infrared Saunas<\/h3>\n<h2>Idea IR<\/h2>\n\t\t\n<style>\n#text-3198899250 {\n  font-size: 1rem;\n}\n<\/style>\n\t<\/div>\n\t\n\t\t\t<\/div>\n\t\t<\/div>\n\t<\/div>\n\t\n\t\t<\/div>\n\t\t\t\t\t<\/div>\n\n\t\n\n\t<div id=\"col-1309254561\" class=\"col medium-6 small-12 large-4\"  >\n\t\t\t\t<div class=\"col-inner\"  >\n\t\t\t\n\t\t\t\n\t\t<\/div>\n\t\t\t\t\t<\/div>\n\n\t\n\n<style>\n#row-1207779431 > .col > .col-inner {\n  padding: 0px 0px 25px 0px;\n}\n<\/style>\n<\/div>\n\t\t<\/div>\n\n\t\t\n<style>\n#section_734585013 {\n  padding-top: 0px;\n  padding-bottom: 0px;\n}\n<\/style>\n\t<\/section>\n\t\n<div class=\"message-box relative dark\" style=\"padding-top:100px;padding-bottom:100px;\"><div class=\"message-box-bg-image bg-fill fill\" ><\/div><div class=\"message-box-bg-overlay bg-fill fill\" style=\"background-color:rgb(255, 255, 255);\"><\/div><div class=\"container relative\"><div class=\"inner last-reset\">\n<div class=\"row align-middle hide-for-small\"  id=\"row-1587160853\">\n\n\t<div id=\"col-587899053\" class=\"col medium-7 small-12 large-7\"  >\n\t\t\t\t<div class=\"col-inner\"  >\n\t\t\t\n\t\t\t\n\t<div id=\"text-3828860033\" class=\"text\">\n\t\t\n<h3 class=\"uppercase\">\u00c4R DU INTRESSERAD?<\/h3>\n<p><span style=\"font-size: 110%;\">Vi finns h\u00e4r. Nyfikna och tillg\u00e4ngliga f\u00f6r en f\u00f6ruts\u00e4ttningsl\u00f6s diskussion r\u00f6rande ert wellness-projekt. <\/span><\/p>\n<p><span style=\"font-size: 110%;\">L\u00e5t oss skapa n\u00e5got fantastiskt tillsammans!<\/span><br \/>\n\t\t\n<style>\n#text-3828860033 {\n  color: rgb(51, 49, 42);\n}\n#text-3828860033 > * {\n  color: rgb(51, 49, 42);\n}\n<\/style>\n\t<\/div>\n\t\n\t\t<\/div>\n\t\t\t\t\t<\/div>\n\n\t\n\n\t<div id=\"col-1854036214\" class=\"col small-12 large-12\"  >\n\t\t\t\t<div class=\"col-inner text-left\"  >\n\t\t\t\n\t\t\t\n<a href=\"https:\/\/38grader.com\/en\/kontakt\/\" target=\"_blank\" class=\"button primary is-link\" rel=\"noopener\" style=\"padding:0px 0px 0px 0px;\">\n\t\t<span>KONTAKT<\/span>\n\t<i class=\"icon-angle-right\" aria-hidden=\"true\"><\/i><\/a>\n\n\t\t<\/div>\n\t\t\t\t\n<style>\n#col-1854036214 > .col-inner {\n  margin: 25px 0px 0px 0px;\n}\n<\/style>\n\t<\/div>\n\n\t\n<\/div>\n<div class=\"row align-middle show-for-small\"  id=\"row-911449517\">\n\n\t<div id=\"col-58872292\" class=\"col medium-7 small-12 large-7\"  >\n\t\t\t\t<div class=\"col-inner\"  >\n\t\t\t\n\t\t\t\n\t<div id=\"text-927631477\" class=\"text\">\n\t\t\n<h2 class=\"uppercase\">\u00c4R DU INTRESSERAD?<\/h2>\n<p><span style=\"font-size: 110%;\">Vi finns h\u00e4r. Nyfikna och tillg\u00e4ngliga f\u00f6r en f\u00f6ruts\u00e4ttningsl\u00f6s diskussion r\u00f6rande ert projekt. <\/span><\/p>\n<p><span style=\"font-size: 110%;\">L\u00e5t oss skapa n\u00e5got fantastiskt tillsammans!<\/span><br \/>\n\t\t\n<style>\n#text-927631477 {\n  color: rgb(51, 49, 42);\n}\n#text-927631477 > * {\n  color: rgb(51, 49, 42);\n}\n<\/style>\n\t<\/div>\n\t\n\t\t<\/div>\n\t\t\t\t\t<\/div>\n\n\t\n\n\t<div id=\"col-1693131016\" class=\"col medium-4 small-12 large-4\"  >\n\t\t\t\t<div class=\"col-inner text-left\"  >\n\t\t\t\n\t\t\t\n<a href=\"https:\/\/38grader.com\/en\/kontakt\/\" target=\"_blank\" class=\"button primary is-link\" rel=\"noopener\" >\n\t\t<span>KONTAKT<\/span>\n\t<i class=\"icon-angle-right\" aria-hidden=\"true\"><\/i><\/a>\n\n\t\t<\/div>\n\t\t\t\t\n<style>\n#col-1693131016 > .col-inner {\n  padding: 0px 0px 0px 0px;\n  margin: 30px 0px 0px 0px;\n}\n<\/style>\n\t<\/div>\n\n\t\n<\/div>\n<\/div><\/div><\/div>","protected":false},"excerpt":{"rendered":"","protected":false},"author":21,"featured_media":0,"parent":9638,"menu_order":0,"comment_status":"closed","ping_status":"closed","template":"page-transparent-header-light.php","meta":{"footnotes":""},"class_list":["post-11887","page","type-page","status-publish","hentry"],"yoast_head":"<!-- This site is optimized with the Yoast SEO Premium plugin v24.7 (Yoast SEO v27.5) - https:\/\/yoast.com\/product\/yoast-seo-premium-wordpress\/ -->\n<title>Effe | Inomhus Bastu | Idea -<\/title>\n<meta name=\"robots\" content=\"index, follow, max-snippet:-1, max-image-preview:large, max-video-preview:-1\" \/>\n<link rel=\"canonical\" href=\"https:\/\/38grader.com\/en\/bastu\/effe-inomhus-bastu-idea\/\" \/>\n<meta property=\"og:locale\" content=\"en_US\" \/>\n<meta property=\"og:type\" content=\"article\" \/>\n<meta property=\"og:title\" content=\"Effe | Inomhus Bastu | Idea\" \/>\n<meta property=\"og:url\" content=\"https:\/\/38grader.com\/en\/bastu\/effe-inomhus-bastu-idea\/\" \/>\n<meta property=\"article:publisher\" content=\"https:\/\/www.facebook.com\/38grader\/?ref=pages_you_manage\" \/>\n<meta property=\"article:modified_time\" content=\"2025-04-10T14:52:51+00:00\" \/>\n<meta property=\"og:image\" content=\"https:\/\/38grader.com\/wp-content\/uploads\/2022\/08\/Elegant_Miljo_960x960.jpg\" \/>\n\t<meta property=\"og:image:width\" content=\"960\" \/>\n\t<meta property=\"og:image:height\" content=\"960\" \/>\n\t<meta property=\"og:image:type\" content=\"image\/jpeg\" \/>\n<meta name=\"twitter:card\" content=\"summary_large_image\" \/>\n<meta name=\"twitter:label1\" content=\"Est. reading time\" \/>\n\t<meta name=\"twitter:data1\" content=\"2 minutes\" \/>\n<script type=\"application\/ld+json\" class=\"yoast-schema-graph\">{\"@context\":\"https:\\\/\\\/schema.org\",\"@graph\":[{\"@type\":\"WebPage\",\"@id\":\"https:\\\/\\\/38grader.com\\\/bastu\\\/effe-inomhus-bastu-idea\\\/\",\"url\":\"https:\\\/\\\/38grader.com\\\/bastu\\\/effe-inomhus-bastu-idea\\\/\",\"name\":\"Effe | Inomhus Bastu | Idea -\",\"isPartOf\":{\"@id\":\"https:\\\/\\\/38grader.com\\\/#website\"},\"datePublished\":\"2023-12-19T14:55:17+00:00\",\"dateModified\":\"2025-04-10T14:52:51+00:00\",\"breadcrumb\":{\"@id\":\"https:\\\/\\\/38grader.com\\\/bastu\\\/effe-inomhus-bastu-idea\\\/#breadcrumb\"},\"inLanguage\":\"en-US\",\"potentialAction\":[{\"@type\":\"ReadAction\",\"target\":[\"https:\\\/\\\/38grader.com\\\/bastu\\\/effe-inomhus-bastu-idea\\\/\"]}]},{\"@type\":\"BreadcrumbList\",\"@id\":\"https:\\\/\\\/38grader.com\\\/bastu\\\/effe-inomhus-bastu-idea\\\/#breadcrumb\",\"itemListElement\":[{\"@type\":\"ListItem\",\"position\":1,\"name\":\"Hem\",\"item\":\"https:\\\/\\\/38grader.com\\\/\"},{\"@type\":\"ListItem\",\"position\":2,\"name\":\"Bastu\",\"item\":\"https:\\\/\\\/38grader.com\\\/bastu\\\/\"},{\"@type\":\"ListItem\",\"position\":3,\"name\":\"Effe | Inomhus Bastu | Idea\"}]},{\"@type\":\"WebSite\",\"@id\":\"https:\\\/\\\/38grader.com\\\/#website\",\"url\":\"https:\\\/\\\/38grader.com\\\/\",\"name\":\"\",\"description\":\"Du kan bara slappna av. Vi l\u00f6ser det!\",\"publisher\":{\"@id\":\"https:\\\/\\\/38grader.com\\\/#organization\"},\"potentialAction\":[{\"@type\":\"SearchAction\",\"target\":{\"@type\":\"EntryPoint\",\"urlTemplate\":\"https:\\\/\\\/38grader.com\\\/?s={search_term_string}\"},\"query-input\":{\"@type\":\"PropertyValueSpecification\",\"valueRequired\":true,\"valueName\":\"search_term_string\"}}],\"inLanguage\":\"en-US\"},{\"@type\":\"Organization\",\"@id\":\"https:\\\/\\\/38grader.com\\\/#organization\",\"name\":\"38 grader AB\",\"url\":\"https:\\\/\\\/38grader.com\\\/\",\"logo\":{\"@type\":\"ImageObject\",\"inLanguage\":\"en-US\",\"@id\":\"https:\\\/\\\/38grader.com\\\/#\\\/schema\\\/logo\\\/image\\\/\",\"url\":\"https:\\\/\\\/38grader.com\\\/wp-content\\\/uploads\\\/2021\\\/05\\\/Logo-152.png\",\"contentUrl\":\"https:\\\/\\\/38grader.com\\\/wp-content\\\/uploads\\\/2021\\\/05\\\/Logo-152.png\",\"width\":152,\"height\":152,\"caption\":\"38 grader AB\"},\"image\":{\"@id\":\"https:\\\/\\\/38grader.com\\\/#\\\/schema\\\/logo\\\/image\\\/\"},\"sameAs\":[\"https:\\\/\\\/www.facebook.com\\\/38grader\\\/?ref=pages_you_manage\",\"https:\\\/\\\/www.instagram.com\\\/38_grader\\\/\"]}]}<\/script>\n<!-- \/ Yoast SEO Premium plugin. -->","yoast_head_json":{"title":"Effe | Inomhus Bastu | Idea -","robots":{"index":"index","follow":"follow","max-snippet":"max-snippet:-1","max-image-preview":"max-image-preview:large","max-video-preview":"max-video-preview:-1"},"canonical":"https:\/\/38grader.com\/en\/bastu\/effe-inomhus-bastu-idea\/","og_locale":"en_US","og_type":"article","og_title":"Effe | Inomhus Bastu | Idea","og_url":"https:\/\/38grader.com\/en\/bastu\/effe-inomhus-bastu-idea\/","article_publisher":"https:\/\/www.facebook.com\/38grader\/?ref=pages_you_manage","article_modified_time":"2025-04-10T14:52:51+00:00","og_image":[{"width":960,"height":960,"url":"https:\/\/38grader.com\/wp-content\/uploads\/2022\/08\/Elegant_Miljo_960x960.jpg","type":"image\/jpeg"}],"twitter_card":"summary_large_image","twitter_misc":{"Est. reading time":"2 minutes"},"schema":{"@context":"https:\/\/schema.org","@graph":[{"@type":"WebPage","@id":"https:\/\/38grader.com\/bastu\/effe-inomhus-bastu-idea\/","url":"https:\/\/38grader.com\/bastu\/effe-inomhus-bastu-idea\/","name":"Effe | Inomhus Bastu | Idea -","isPartOf":{"@id":"https:\/\/38grader.com\/#website"},"datePublished":"2023-12-19T14:55:17+00:00","dateModified":"2025-04-10T14:52:51+00:00","breadcrumb":{"@id":"https:\/\/38grader.com\/bastu\/effe-inomhus-bastu-idea\/#breadcrumb"},"inLanguage":"en-US","potentialAction":[{"@type":"ReadAction","target":["https:\/\/38grader.com\/bastu\/effe-inomhus-bastu-idea\/"]}]},{"@type":"BreadcrumbList","@id":"https:\/\/38grader.com\/bastu\/effe-inomhus-bastu-idea\/#breadcrumb","itemListElement":[{"@type":"ListItem","position":1,"name":"Hem","item":"https:\/\/38grader.com\/"},{"@type":"ListItem","position":2,"name":"Bastu","item":"https:\/\/38grader.com\/bastu\/"},{"@type":"ListItem","position":3,"name":"Effe | Inomhus Bastu | Idea"}]},{"@type":"WebSite","@id":"https:\/\/38grader.com\/#website","url":"https:\/\/38grader.com\/","name":"","description":"You can just relax. We&#039;ll handle it!","publisher":{"@id":"https:\/\/38grader.com\/#organization"},"potentialAction":[{"@type":"SearchAction","target":{"@type":"EntryPoint","urlTemplate":"https:\/\/38grader.com\/?s={search_term_string}"},"query-input":{"@type":"PropertyValueSpecification","valueRequired":true,"valueName":"search_term_string"}}],"inLanguage":"en-US"},{"@type":"Organization","@id":"https:\/\/38grader.com\/#organization","name":"38 degrees AB","url":"https:\/\/38grader.com\/","logo":{"@type":"ImageObject","inLanguage":"en-US","@id":"https:\/\/38grader.com\/#\/schema\/logo\/image\/","url":"https:\/\/38grader.com\/wp-content\/uploads\/2021\/05\/Logo-152.png","contentUrl":"https:\/\/38grader.com\/wp-content\/uploads\/2021\/05\/Logo-152.png","width":152,"height":152,"caption":"38 grader AB"},"image":{"@id":"https:\/\/38grader.com\/#\/schema\/logo\/image\/"},"sameAs":["https:\/\/www.facebook.com\/38grader\/?ref=pages_you_manage","https:\/\/www.instagram.com\/38_grader\/"]}]}},"_links":{"self":[{"href":"https:\/\/38grader.com\/en\/wp-json\/wp\/v2\/pages\/11887","targetHints":{"allow":["GET"]}}],"collection":[{"href":"https:\/\/38grader.com\/en\/wp-json\/wp\/v2\/pages"}],"about":[{"href":"https:\/\/38grader.com\/en\/wp-json\/wp\/v2\/types\/page"}],"author":[{"embeddable":true,"href":"https:\/\/38grader.com\/en\/wp-json\/wp\/v2\/users\/21"}],"replies":[{"embeddable":true,"href":"https:\/\/38grader.com\/en\/wp-json\/wp\/v2\/comments?post=11887"}],"version-history":[{"count":5,"href":"https:\/\/38grader.com\/en\/wp-json\/wp\/v2\/pages\/11887\/revisions"}],"predecessor-version":[{"id":12758,"href":"https:\/\/38grader.com\/en\/wp-json\/wp\/v2\/pages\/11887\/revisions\/12758"}],"up":[{"embeddable":true,"href":"https:\/\/38grader.com\/en\/wp-json\/wp\/v2\/pages\/9638"}],"wp:attachment":[{"href":"https:\/\/38grader.com\/en\/wp-json\/wp\/v2\/media?parent=11887"}],"curies":[{"name":"wp","href":"https:\/\/api.w.org\/{rel}","templated":true}]}}