{"id":10412,"date":"2024-03-30T13:50:59","date_gmt":"2024-03-30T11:50:59","guid":{"rendered":"https:\/\/38grader.com\/?page_id=10412"},"modified":"2024-03-30T14:09:39","modified_gmt":"2024-03-30T12:09:39","slug":"hydraulisk-lyft-spa","status":"publish","type":"page","link":"https:\/\/38grader.com\/en\/spabadpooler-och-badkar\/spabad\/ghost-spa-fran-treese\/hydraulisk-lyft-spa\/","title":{"rendered":"Hydraulisk Lyft Spa"},"content":{"rendered":"<section class=\"section dark hide-for-small\" id=\"section_1380445881\">\n\t\t<div class=\"section-bg fill\" >\n\t\t\t<img fetchpriority=\"high\" decoding=\"async\" width=\"1920\" height=\"1080\" src=\"https:\/\/38grader.com\/wp-content\/uploads\/2024\/03\/Hydraulisk_Lyft_1920x1080.jpg\" class=\"bg attachment- size-\" alt=\"\" \/>\t\t\t\t\t\t<div class=\"section-bg-overlay absolute fill\"><\/div>\n\t\t\t\n\n\t\t<\/div>\n\n\t\t\n\n\t\t<div class=\"section-content relative\">\n\t\t\t\n<div class=\"row\" style=\"max-width:1300px\" id=\"row-1439678109\">\n\n\t<div id=\"col-2086157689\" class=\"col small-12 large-12\"  >\n\t\t\t\t<div class=\"col-inner\"  >\n\t\t\t\n\t\t\t\n\t<div id=\"gap-1329460035\" class=\"gap-element clearfix\" style=\"display:block; height:auto;\">\n\t\t\n<style>\n#gap-1329460035 {\n  padding-top: 30px;\n}\n<\/style>\n\t<\/div>\n\t\n\t<div id=\"text-1563954540\" class=\"text\">\n\t\t\n<h1>AUTOMATISK LYFT<\/h1>\n\t\t\n<style>\n#text-1563954540 {\n  font-size: 2rem;\n}\n<\/style>\n\t<\/div>\n\t\n<div class=\"is-divider divider clearfix\" style=\"margin-top:0px;margin-bottom:0px;max-width:400px;height:1px;background-color:rgb(255, 255, 255);\"><\/div>\n\t\t<\/div>\n\t\t\t\t\n<style>\n#col-2086157689 > .col-inner {\n  padding: 0px 0px 0px 50px;\n}\n@media (min-width:850px) {\n  #col-2086157689 > .col-inner {\n    padding: 0 0px 0px 0px;\n  }\n}\n<\/style>\n\t<\/div>\n\n\t\n<\/div>\n\t\t<\/div>\n\n\t\t\n<style>\n#section_1380445881 {\n  padding-top: 30px;\n  padding-bottom: 30px;\n  min-height: 400px;\n}\n#section_1380445881 .section-bg-overlay {\n  background-color: rgba(0, 0, 0, 0.1);\n}\n@media (min-width:550px) {\n  #section_1380445881 {\n    min-height: 600px;\n  }\n}\n@media (min-width:850px) {\n  #section_1380445881 {\n    min-height: 90vh;\n  }\n  #section_1380445881 .section-bg-overlay {\n    background-color: rgba(0, 0, 0, 0.326);\n  }\n}\n<\/style>\n\t<\/section>\n\t\n\n\t<section class=\"section dark show-for-small\" id=\"section_2030243297\">\n\t\t<div class=\"section-bg fill\" >\n\t\t\t<img decoding=\"async\" width=\"1920\" height=\"1080\" data-src=\"https:\/\/38grader.com\/wp-content\/uploads\/2024\/03\/Hydraulisk_Lyft_1920x1080.jpg\" class=\"bg attachment-original size-original lazyload\" alt=\"\" src=\"data:image\/svg+xml;base64,PHN2ZyB3aWR0aD0iMSIgaGVpZ2h0PSIxIiB4bWxucz0iaHR0cDovL3d3dy53My5vcmcvMjAwMC9zdmciPjwvc3ZnPg==\" style=\"--smush-placeholder-width: 1920px; --smush-placeholder-aspect-ratio: 1920\/1080;\" \/>\t\t\t\t\t\t<div class=\"section-bg-overlay absolute fill\"><\/div>\n\t\t\t\n\n\t\t<\/div>\n\n\t\t\n\n\t\t<div class=\"section-content relative\">\n\t\t\t\n<div class=\"row\" style=\"max-width:1300px\" id=\"row-383989780\">\n\n\t<div id=\"col-1326734974\" class=\"col small-12 large-12\"  >\n\t\t\t\t<div class=\"col-inner text-left\"  >\n\t\t\t\n\t\t\t\n\t<div id=\"gap-2005182110\" class=\"gap-element clearfix\" style=\"display:block; height:auto;\">\n\t\t\n<style>\n#gap-2005182110 {\n  padding-top: 30px;\n}\n<\/style>\n\t<\/div>\n\t\n\t<div id=\"text-266255560\" class=\"text\">\n\t\t\n<h2>AUTOMATISK LYFT<\/h2>\n\t\t\n<style>\n#text-266255560 {\n  font-size: 2rem;\n  line-height: 1.35;\n}\n<\/style>\n\t<\/div>\n\t\n<div class=\"is-divider divider clearfix\" style=\"margin-top:0px;margin-bottom:0px;max-width:400px;height:1px;background-color:rgb(255, 255, 255);\"><\/div>\n\t\t<\/div>\n\t\t\t\t\n<style>\n#col-1326734974 > .col-inner {\n  padding: 0px 0px 0px 0px;\n}\n@media (min-width:550px) {\n  #col-1326734974 > .col-inner {\n    padding: 0px 0px 0px 50px;\n  }\n}\n@media (min-width:850px) {\n  #col-1326734974 > .col-inner {\n    padding: 0 0px 0px 0px;\n  }\n}\n<\/style>\n\t<\/div>\n\n\t\n<\/div>\n\t\t<\/div>\n\n\t\t\n<style>\n#section_2030243297 {\n  padding-top: 0px;\n  padding-bottom: 0px;\n  min-height: 360px;\n}\n#section_2030243297 .section-bg-overlay {\n  background-color: rgba(0, 0, 0, 0.442);\n}\n@media (min-width:550px) {\n  #section_2030243297 {\n    padding-top: 30px;\n    padding-bottom: 30px;\n    min-height: 600px;\n  }\n  #section_2030243297 .section-bg-overlay {\n    background-color: rgba(0, 0, 0, 0.1);\n  }\n}\n@media (min-width:850px) {\n  #section_2030243297 {\n    min-height: 90vh;\n  }\n  #section_2030243297 .section-bg-overlay {\n    background-color: rgba(0, 0, 0, 0.05);\n  }\n}\n<\/style>\n\t<\/section>\n\t\n\t<div id=\"gap-1168726436\" class=\"gap-element clearfix hide-for-small\" style=\"display:block; height:auto;\">\n\t\t\n<style>\n#gap-1168726436 {\n  padding-top: 100px;\n}\n@media (min-width:850px) {\n  #gap-1168726436 {\n    padding-top: 100px;\n  }\n}\n<\/style>\n\t<\/div>\n\t\n\t<div id=\"gap-332408903\" class=\"gap-element clearfix show-for-small\" style=\"display:block; height:auto;\">\n\t\t\n<style>\n#gap-332408903 {\n  padding-top: 30px;\n}\n@media (min-width:550px) {\n  #gap-332408903 {\n    padding-top: 100px;\n  }\n}\n@media (min-width:850px) {\n  #gap-332408903 {\n    padding-top: 100px;\n  }\n}\n<\/style>\n\t<\/div>\n\t\n\n\t<section class=\"section hide-for-small\" id=\"section_209655684\">\n\t\t<div class=\"section-bg fill\" >\n\t\t\t\t\t\t\t\t\t\n\t\t\t\n\n\t\t<\/div>\n\n\t\t\n\n\t\t<div class=\"section-content relative\">\n\t\t\t\n<div class=\"row align-center\"  id=\"row-1369318510\">\n\n\t<div id=\"col-878574804\" class=\"col medium-11 small-12 large-12\"  >\n\t\t\t\t<div class=\"col-inner\"  >\n\t\t\t\n\t\t\t\n<p id=\"tw-target-text\" class=\"tw-data-text tw-text-large tw-ta\" dir=\"ltr\" data-placeholder=\"\u00d6vers\u00e4ttning\" aria-label=\"\u00d6versatt text\" data-ved=\"2ahUKEwjsmYbX6puFAxVUExAIHRMcCTYQ3ewLegQIDBAU\"><span class=\"Y2IQFc\" lang=\"sv\" style=\"font-size: 110%;\">De flesta spabad i Ghost- och Ghost-plusserien finns tillg\u00e4ngliga f\u00f6r inf\u00e4lld installation. Alla spabad beh\u00f6ver sk\u00f6tsel och underh\u00e5ll. F\u00f6r att g\u00f6ra detta underh\u00e5ll enkelt och tillg\u00e4ngligt f\u00f6r alla skapades den automatiska lyften. <\/span><\/p>\n<h3 class=\"tw-data-text tw-text-large tw-ta\" dir=\"ltr\" data-placeholder=\"\u00d6vers\u00e4ttning\" aria-label=\"\u00d6versatt text\" data-ved=\"2ahUKEwjsmYbX6puFAxVUExAIHRMcCTYQ3ewLegQIDBAU\"><span class=\"Y2IQFc\" lang=\"sv\" style=\"font-size: 110%;\">Automatisk lyft &#8211; hur det fungerar<\/span><\/h3>\n<p class=\"tw-data-text tw-text-large tw-ta\" dir=\"ltr\" data-placeholder=\"\u00d6vers\u00e4ttning\" aria-label=\"\u00d6versatt text\" data-ved=\"2ahUKEwjsmYbX6puFAxVUExAIHRMcCTYQ3ewLegQIDBAU\"><span class=\"Y2IQFc\" lang=\"sv\" style=\"font-size: 110%;\">Den automatiska lyften \u00e4r perfekt integrerad under spabadet och man\u00f6vreras med hj\u00e4lp av en liten, vanlig luftkompressor. Med den h\u00e4r enheten kan badkaret eller spabadet i fr\u00e5ga smidigt h\u00f6jas och s\u00e4nkas. Vid behov kommer det att vara m\u00f6jligt att bekv\u00e4mt komma \u00e5t badets inre system \u00e4ven under de mest komplicerade omst\u00e4ndigheter som skulle g\u00f6ra \u00e4ven det vanligaste underh\u00e5llet utmanande. Med den automatiska lyften har det aldrig varit enklare att ta hand om ditt inf\u00e4llda badkar eller spa.<\/span><\/p>\n\t\t<\/div>\n\t\t\t\t\t<\/div>\n\n\t\n<\/div>\n\t\t<\/div>\n\n\t\t\n<style>\n#section_209655684 {\n  padding-top: 100px;\n  padding-bottom: 100px;\n  background-color: rgb(255, 255, 255);\n}\n@media (min-width:550px) {\n  #section_209655684 {\n    padding-top: 150px;\n    padding-bottom: 150px;\n  }\n}\n@media (min-width:850px) {\n  #section_209655684 {\n    padding-top: 2px;\n    padding-bottom: 2px;\n  }\n}\n<\/style>\n\t<\/section>\n\t\n\n\t<section class=\"section show-for-small\" id=\"section_182588286\">\n\t\t<div class=\"section-bg fill\" >\n\t\t\t\t\t\t\t\t\t\n\t\t\t\n\n\t\t<\/div>\n\n\t\t\n\n\t\t<div class=\"section-content relative\">\n\t\t\t\n<div class=\"row align-center\"  id=\"row-1183757151\">\n\n\t<div id=\"col-234201358\" class=\"col medium-11 small-12 large-12\"  >\n\t\t\t\t<div class=\"col-inner\"  >\n\t\t\t\n\t\t\t\n<p id=\"tw-target-text\" class=\"tw-data-text tw-text-large tw-ta\" dir=\"ltr\" data-placeholder=\"\u00d6vers\u00e4ttning\" aria-label=\"\u00d6versatt text\" data-ved=\"2ahUKEwjsmYbX6puFAxVUExAIHRMcCTYQ3ewLegQIDBAU\"><span class=\"Y2IQFc\" lang=\"sv\" style=\"font-size: 110%;\">De flesta spabad i Ghost- och Ghost-plusserien finns tillg\u00e4ngliga f\u00f6r inf\u00e4lld installation. Alla spabad beh\u00f6ver sk\u00f6tsel och underh\u00e5ll. F\u00f6r att g\u00f6ra detta underh\u00e5ll enkelt och tillg\u00e4ngligt f\u00f6r alla skapades den automatiska lyften. <\/span><\/p>\n<h3 class=\"tw-data-text tw-text-large tw-ta\" dir=\"ltr\" data-placeholder=\"\u00d6vers\u00e4ttning\" aria-label=\"\u00d6versatt text\" data-ved=\"2ahUKEwjsmYbX6puFAxVUExAIHRMcCTYQ3ewLegQIDBAU\"><span class=\"Y2IQFc\" lang=\"sv\" style=\"font-size: 110%;\">Automatisk lyft &#8211; hur det fungerar<\/span><\/h3>\n<p class=\"tw-data-text tw-text-large tw-ta\" dir=\"ltr\" data-placeholder=\"\u00d6vers\u00e4ttning\" aria-label=\"\u00d6versatt text\" data-ved=\"2ahUKEwjsmYbX6puFAxVUExAIHRMcCTYQ3ewLegQIDBAU\"><span class=\"Y2IQFc\" lang=\"sv\" style=\"font-size: 110%;\">Den automatiska lyften \u00e4r perfekt integrerad under spabadet och man\u00f6vreras med hj\u00e4lp av en liten, vanlig luftkompressor. Med den h\u00e4r enheten kan badkaret eller spabadet i fr\u00e5ga smidigt h\u00f6jas och s\u00e4nkas. Vid behov kommer det att vara m\u00f6jligt att bekv\u00e4mt komma \u00e5t badets inre system \u00e4ven under de mest komplicerade omst\u00e4ndigheter som skulle g\u00f6ra \u00e4ven det vanligaste underh\u00e5llet utmanande. Med den automatiska lyften har det aldrig varit enklare att ta hand om ditt inf\u00e4llda badkar eller spa.<\/span><\/p>\n\t\t<\/div>\n\t\t\t\t\t<\/div>\n\n\t\n<\/div>\n\t\t<\/div>\n\n\t\t\n<style>\n#section_182588286 {\n  padding-top: 30px;\n  padding-bottom: 30px;\n  background-color: rgb(255, 255, 255);\n}\n@media (min-width:550px) {\n  #section_182588286 {\n    padding-top: 150px;\n    padding-bottom: 150px;\n  }\n}\n@media (min-width:850px) {\n  #section_182588286 {\n    padding-top: 2px;\n    padding-bottom: 2px;\n  }\n}\n<\/style>\n\t<\/section>\n\t\n\n\t<section class=\"section dark\" id=\"section_337508023\">\n\t\t<div class=\"section-bg fill\" >\n\t\t\t\t\t\t\t\t\t\n\t\t\t\n\n\t\t<\/div>\n\n\t\t\n\n\t\t<div class=\"section-content relative\">\n\t\t\t\n\t<div id=\"gap-137018668\" class=\"gap-element clearfix\" style=\"display:block; height:auto;\">\n\t\t\n<style>\n#gap-137018668 {\n  padding-top: 10px;\n}\n@media (min-width:550px) {\n  #gap-137018668 {\n    padding-top: 50px;\n  }\n}\n<\/style>\n\t<\/div>\n\t\n<div class=\"row row-large align-middle\" style=\"max-width:1300px\" id=\"row-523905962\">\n\n\t<div id=\"col-775407272\" class=\"col medium-12 small-12 large-4\"  >\n\t\t\t\t<div class=\"col-inner text-center\"  >\n\t\t\t\n\t\t\t\n\t<div id=\"text-918965078\" class=\"text\">\n\t\t\n<h2>About us<\/h2>\n\t\t\n<style>\n#text-918965078 {\n  font-size: 2rem;\n  text-align: left;\n}\n<\/style>\n\t<\/div>\n\t\n\t<div id=\"text-3696205926\" class=\"text\">\n\t\t\n<p><span style=\"font-size: 110%;\">You have your expectations for your dream bathroom. A place for your own enjoyment, while at the same time it is the place you show off to your guests. That detail everyone remembers, the detail that exudes quality and a welcoming zest for life.<\/span><\/p>\n<p><span style=\"font-size: 110%;\">Hos oss hittar du allt du beh\u00f6ver, alltid med h\u00f6gklassig service. Genom att vi arbetar med starka varum\u00e4rken med kontinuerlig produktutveckling kan du k\u00e4nna dig trygg med att vi har koll p\u00e5 och kan erbjuda den senaste tekniken.<\/span><\/p>\n<p><span style=\"font-size: 110%;\">We not only help you towards increased well-being through more bathing luxury, escape from everyday life, socializing and better health. For every satisfied customer, we also contribute to a more relaxed and healthy world.\u00a0<\/span><br \/>\n\t\t\n<style>\n#text-3696205926 {\n  text-align: left;\n}\n<\/style>\n\t<\/div>\n\t\n\t<div id=\"gap-548234997\" class=\"gap-element clearfix\" style=\"display:block; height:auto;\">\n\t\t\n<style>\n#gap-548234997 {\n  padding-top: 50px;\n}\n<\/style>\n\t<\/div>\n\t\n<a href=\"https:\/\/38grader.com\/en\/kontakt\/\" target=\"_blank\" class=\"button white is-link\" rel=\"noopener\" >\n\t\t<span>Contact<\/span>\n\t<i class=\"icon-angle-right\" aria-hidden=\"true\"><\/i><\/a>\n\n\t\t<\/div>\n\t\t\t\t\n<style>\n#col-775407272 > .col-inner {\n  padding: 0px 0px 0px 0px;\n}\n@media (min-width:550px) {\n  #col-775407272 > .col-inner {\n    padding: 0px 50px 0px 50px;\n  }\n}\n@media (min-width:850px) {\n  #col-775407272 > .col-inner {\n    padding: 0 0px 0px 0px;\n  }\n}\n<\/style>\n\t<\/div>\n\n\t\n\n\t<div id=\"col-714951683\" class=\"col medium-9 small-12 large-4\"  >\n\t\t\t\t<div class=\"col-inner\"  >\n\t\t\t\n\t\t\t\n\n  <div class=\"banner has-hover\" id=\"banner-684467094\">\n          <div class=\"banner-inner fill\">\n        <div class=\"banner-bg fill\" >\n            <img decoding=\"async\" width=\"1020\" height=\"680\" data-src=\"https:\/\/38grader.com\/wp-content\/uploads\/2023\/04\/7_Infinitive_glass_pool_with_negative_edge-2048x1365-1-1200x800.jpg\" class=\"bg attachment-large size-large lazyload\" alt=\"\" src=\"data:image\/svg+xml;base64,PHN2ZyB3aWR0aD0iMSIgaGVpZ2h0PSIxIiB4bWxucz0iaHR0cDovL3d3dy53My5vcmcvMjAwMC9zdmciPjwvc3ZnPg==\" style=\"--smush-placeholder-width: 1020px; --smush-placeholder-aspect-ratio: 1020\/680;\" \/>                                    \n                    <\/div>\n\t\t\n        <div class=\"banner-layers container\">\n            <div class=\"fill banner-link\"><\/div>            \n   <div id=\"text-box-1570935727\" class=\"text-box banner-layer x50 md-x50 lg-x50 y50 md-y50 lg-y50 res-text\">\n                                <div class=\"text-box-content text dark\">\n              \n              <div class=\"text-inner text-center\">\n                  \n              <\/div>\n           <\/div>\n                            \n<style>\n#text-box-1570935727 {\n  width: 60%;\n}\n#text-box-1570935727 .text-box-content {\n  font-size: 100%;\n}\n@media (min-width:550px) {\n  #text-box-1570935727 {\n    width: 60%;\n  }\n}\n<\/style>\n    <\/div>\n \n        <\/div>\n      <\/div>\n\n            \n<style>\n#banner-684467094 {\n  padding-top: 300px;\n  background-color: rgb(178, 205, 221);\n}\n#banner-684467094 .banner-bg img {\n  object-position: 100% 0%;\n}\n@media (min-width:550px) {\n  #banner-684467094 {\n    padding-top: 500px;\n  }\n}\n<\/style>\n  <\/div>\n\n\n\t\t<\/div>\n\t\t\t\t\t<\/div>\n\n\t\n\n\t<div id=\"col-295316766\" class=\"col medium-4 small-12 large-4\"  >\n\t\t\t\t<div class=\"col-inner\"  >\n\t\t\t\n\t\t\t\n\t<div id=\"gap-1112878670\" class=\"gap-element clearfix\" style=\"display:block; height:auto;\">\n\t\t\n<style>\n#gap-1112878670 {\n  padding-top: 30px;\n}\n<\/style>\n\t<\/div>\n\t\n\t\t<\/div>\n\t\t\t\t\t<\/div>\n\n\t\n<\/div>\n<div class=\"row align-right\"  id=\"row-1112504705\">\n\n\t<div id=\"col-1979660977\" class=\"col medium-8 small-12 large-5\"  >\n\t\t\t\t<div class=\"col-inner\"  >\n\t\t\t\n\t\t\t\n\n  <div class=\"banner has-hover\" id=\"banner-1057076080\">\n          <div class=\"banner-inner fill\">\n        <div class=\"banner-bg fill\" >\n            <img decoding=\"async\" width=\"800\" height=\"800\" data-src=\"https:\/\/38grader.com\/wp-content\/uploads\/2024\/03\/Fusion_200_1080x1080-800x800.jpg\" class=\"bg attachment-large size-large lazyload\" alt=\"Ghost Spa Fusion 200 fr\u00e5n italienska Treese\" src=\"data:image\/svg+xml;base64,PHN2ZyB3aWR0aD0iMSIgaGVpZ2h0PSIxIiB4bWxucz0iaHR0cDovL3d3dy53My5vcmcvMjAwMC9zdmciPjwvc3ZnPg==\" style=\"--smush-placeholder-width: 800px; --smush-placeholder-aspect-ratio: 800\/800;\" \/>                                    \n                    <\/div>\n\t\t\n        <div class=\"banner-layers container\">\n            <div class=\"fill banner-link\"><\/div>            \n   <div id=\"text-box-302075440\" class=\"text-box banner-layer x50 md-x50 lg-x50 y50 md-y50 lg-y50 res-text\">\n                                <div class=\"text-box-content text dark\">\n              \n              <div class=\"text-inner text-center\">\n                  \n              <\/div>\n           <\/div>\n                            \n<style>\n#text-box-302075440 {\n  width: 60%;\n}\n#text-box-302075440 .text-box-content {\n  font-size: 100%;\n}\n@media (min-width:550px) {\n  #text-box-302075440 {\n    width: 60%;\n  }\n}\n<\/style>\n    <\/div>\n \n        <\/div>\n      <\/div>\n\n            \n<style>\n#banner-1057076080 {\n  padding-top: 300px;\n  background-color: rgb(178, 205, 221);\n}\n#banner-1057076080 .banner-bg img {\n  object-position: 75% 100%;\n}\n@media (min-width:550px) {\n  #banner-1057076080 {\n    padding-top: 500px;\n  }\n}\n<\/style>\n  <\/div>\n\n\n\t\t<\/div>\n\t\t\t\t\n<style>\n#col-1979660977 > .col-inner {\n  margin: -30px 0px 0px 0px;\n}\n@media (min-width:550px) {\n  #col-1979660977 > .col-inner {\n    margin: -430px 0px 0px 0px;\n  }\n}\n<\/style>\n\t<\/div>\n\n\t\n<\/div>\n\t\t<\/div>\n\n\t\t\n<style>\n#section_337508023 {\n  padding-top: 71px;\n  padding-bottom: 71px;\n  background-color: rgb(0,0,0);\n}\n@media (min-width:850px) {\n  #section_337508023 {\n    padding-top: 100px;\n    padding-bottom: 100px;\n  }\n}\n<\/style>\n\t<\/section>","protected":false},"excerpt":{"rendered":"","protected":false},"author":1,"featured_media":0,"parent":10160,"menu_order":0,"comment_status":"closed","ping_status":"closed","template":"page-transparent-header.php","meta":{"footnotes":""},"class_list":["post-10412","page","type-page","status-publish","hentry"],"yoast_head":"<!-- This site is optimized with the Yoast SEO Premium plugin v24.7 (Yoast SEO v27.5) - https:\/\/yoast.com\/product\/yoast-seo-premium-wordpress\/ -->\n<title>Hydraulisk Lyft Spa -<\/title>\n<meta name=\"robots\" content=\"index, follow, max-snippet:-1, max-image-preview:large, max-video-preview:-1\" \/>\n<link rel=\"canonical\" href=\"https:\/\/38grader.com\/en\/spabadpooler-och-badkar\/spabad\/ghost-spa-fran-treese\/hydraulisk-lyft-spa\/\" \/>\n<meta property=\"og:locale\" content=\"en_US\" \/>\n<meta property=\"og:type\" content=\"article\" \/>\n<meta property=\"og:title\" content=\"Hydraulisk Lyft Spa\" \/>\n<meta property=\"og:url\" content=\"https:\/\/38grader.com\/en\/spabadpooler-och-badkar\/spabad\/ghost-spa-fran-treese\/hydraulisk-lyft-spa\/\" \/>\n<meta property=\"article:publisher\" content=\"https:\/\/www.facebook.com\/38grader\/?ref=pages_you_manage\" \/>\n<meta property=\"article:modified_time\" content=\"2024-03-30T12:09:39+00:00\" \/>\n<meta property=\"og:image\" content=\"https:\/\/38grader.com\/wp-content\/uploads\/2022\/08\/Elegant_Miljo_960x960.jpg\" \/>\n\t<meta property=\"og:image:width\" content=\"960\" \/>\n\t<meta property=\"og:image:height\" content=\"960\" \/>\n\t<meta property=\"og:image:type\" content=\"image\/jpeg\" \/>\n<meta name=\"twitter:card\" content=\"summary_large_image\" \/>\n<script type=\"application\/ld+json\" class=\"yoast-schema-graph\">{\"@context\":\"https:\\\/\\\/schema.org\",\"@graph\":[{\"@type\":\"WebPage\",\"@id\":\"https:\\\/\\\/38grader.com\\\/spabadpooler-och-badkar\\\/spabad\\\/ghost-spa-fran-treese\\\/hydraulisk-lyft-spa\\\/\",\"url\":\"https:\\\/\\\/38grader.com\\\/spabadpooler-och-badkar\\\/spabad\\\/ghost-spa-fran-treese\\\/hydraulisk-lyft-spa\\\/\",\"name\":\"Hydraulisk Lyft Spa -\",\"isPartOf\":{\"@id\":\"https:\\\/\\\/38grader.com\\\/#website\"},\"datePublished\":\"2024-03-30T11:50:59+00:00\",\"dateModified\":\"2024-03-30T12:09:39+00:00\",\"breadcrumb\":{\"@id\":\"https:\\\/\\\/38grader.com\\\/spabadpooler-och-badkar\\\/spabad\\\/ghost-spa-fran-treese\\\/hydraulisk-lyft-spa\\\/#breadcrumb\"},\"inLanguage\":\"en-US\",\"potentialAction\":[{\"@type\":\"ReadAction\",\"target\":[\"https:\\\/\\\/38grader.com\\\/spabadpooler-och-badkar\\\/spabad\\\/ghost-spa-fran-treese\\\/hydraulisk-lyft-spa\\\/\"]}]},{\"@type\":\"BreadcrumbList\",\"@id\":\"https:\\\/\\\/38grader.com\\\/spabadpooler-och-badkar\\\/spabad\\\/ghost-spa-fran-treese\\\/hydraulisk-lyft-spa\\\/#breadcrumb\",\"itemListElement\":[{\"@type\":\"ListItem\",\"position\":1,\"name\":\"Hem\",\"item\":\"https:\\\/\\\/38grader.com\\\/\"},{\"@type\":\"ListItem\",\"position\":2,\"name\":\"Start\",\"item\":\"https:\\\/\\\/38grader.com\\\/spabadpooler-och-badkar\\\/\"},{\"@type\":\"ListItem\",\"position\":3,\"name\":\"Spabad\",\"item\":\"https:\\\/\\\/38grader.com\\\/spabadpooler-och-badkar\\\/spabad\\\/\"},{\"@type\":\"ListItem\",\"position\":4,\"name\":\"treese spa\",\"item\":\"https:\\\/\\\/38grader.com\\\/spabadpooler-och-badkar\\\/spabad\\\/ghost-spa-fran-treese\\\/\"},{\"@type\":\"ListItem\",\"position\":5,\"name\":\"Hydraulisk Lyft Spa\"}]},{\"@type\":\"WebSite\",\"@id\":\"https:\\\/\\\/38grader.com\\\/#website\",\"url\":\"https:\\\/\\\/38grader.com\\\/\",\"name\":\"\",\"description\":\"Du kan bara slappna av. Vi l\u00f6ser det!\",\"publisher\":{\"@id\":\"https:\\\/\\\/38grader.com\\\/#organization\"},\"potentialAction\":[{\"@type\":\"SearchAction\",\"target\":{\"@type\":\"EntryPoint\",\"urlTemplate\":\"https:\\\/\\\/38grader.com\\\/?s={search_term_string}\"},\"query-input\":{\"@type\":\"PropertyValueSpecification\",\"valueRequired\":true,\"valueName\":\"search_term_string\"}}],\"inLanguage\":\"en-US\"},{\"@type\":\"Organization\",\"@id\":\"https:\\\/\\\/38grader.com\\\/#organization\",\"name\":\"38 grader AB\",\"url\":\"https:\\\/\\\/38grader.com\\\/\",\"logo\":{\"@type\":\"ImageObject\",\"inLanguage\":\"en-US\",\"@id\":\"https:\\\/\\\/38grader.com\\\/#\\\/schema\\\/logo\\\/image\\\/\",\"url\":\"https:\\\/\\\/38grader.com\\\/wp-content\\\/uploads\\\/2021\\\/05\\\/Logo-152.png\",\"contentUrl\":\"https:\\\/\\\/38grader.com\\\/wp-content\\\/uploads\\\/2021\\\/05\\\/Logo-152.png\",\"width\":152,\"height\":152,\"caption\":\"38 grader AB\"},\"image\":{\"@id\":\"https:\\\/\\\/38grader.com\\\/#\\\/schema\\\/logo\\\/image\\\/\"},\"sameAs\":[\"https:\\\/\\\/www.facebook.com\\\/38grader\\\/?ref=pages_you_manage\",\"https:\\\/\\\/www.instagram.com\\\/38_grader\\\/\"]}]}<\/script>\n<!-- \/ Yoast SEO Premium plugin. -->","yoast_head_json":{"title":"Hydraulisk Lyft Spa -","robots":{"index":"index","follow":"follow","max-snippet":"max-snippet:-1","max-image-preview":"max-image-preview:large","max-video-preview":"max-video-preview:-1"},"canonical":"https:\/\/38grader.com\/en\/spabadpooler-och-badkar\/spabad\/ghost-spa-fran-treese\/hydraulisk-lyft-spa\/","og_locale":"en_US","og_type":"article","og_title":"Hydraulisk Lyft Spa","og_url":"https:\/\/38grader.com\/en\/spabadpooler-och-badkar\/spabad\/ghost-spa-fran-treese\/hydraulisk-lyft-spa\/","article_publisher":"https:\/\/www.facebook.com\/38grader\/?ref=pages_you_manage","article_modified_time":"2024-03-30T12:09:39+00:00","og_image":[{"width":960,"height":960,"url":"https:\/\/38grader.com\/wp-content\/uploads\/2022\/08\/Elegant_Miljo_960x960.jpg","type":"image\/jpeg"}],"twitter_card":"summary_large_image","schema":{"@context":"https:\/\/schema.org","@graph":[{"@type":"WebPage","@id":"https:\/\/38grader.com\/spabadpooler-och-badkar\/spabad\/ghost-spa-fran-treese\/hydraulisk-lyft-spa\/","url":"https:\/\/38grader.com\/spabadpooler-och-badkar\/spabad\/ghost-spa-fran-treese\/hydraulisk-lyft-spa\/","name":"Hydraulisk Lyft Spa -","isPartOf":{"@id":"https:\/\/38grader.com\/#website"},"datePublished":"2024-03-30T11:50:59+00:00","dateModified":"2024-03-30T12:09:39+00:00","breadcrumb":{"@id":"https:\/\/38grader.com\/spabadpooler-och-badkar\/spabad\/ghost-spa-fran-treese\/hydraulisk-lyft-spa\/#breadcrumb"},"inLanguage":"en-US","potentialAction":[{"@type":"ReadAction","target":["https:\/\/38grader.com\/spabadpooler-och-badkar\/spabad\/ghost-spa-fran-treese\/hydraulisk-lyft-spa\/"]}]},{"@type":"BreadcrumbList","@id":"https:\/\/38grader.com\/spabadpooler-och-badkar\/spabad\/ghost-spa-fran-treese\/hydraulisk-lyft-spa\/#breadcrumb","itemListElement":[{"@type":"ListItem","position":1,"name":"Hem","item":"https:\/\/38grader.com\/"},{"@type":"ListItem","position":2,"name":"Start","item":"https:\/\/38grader.com\/spabadpooler-och-badkar\/"},{"@type":"ListItem","position":3,"name":"Spabad","item":"https:\/\/38grader.com\/spabadpooler-och-badkar\/spabad\/"},{"@type":"ListItem","position":4,"name":"treese spa","item":"https:\/\/38grader.com\/spabadpooler-och-badkar\/spabad\/ghost-spa-fran-treese\/"},{"@type":"ListItem","position":5,"name":"Hydraulisk Lyft Spa"}]},{"@type":"WebSite","@id":"https:\/\/38grader.com\/#website","url":"https:\/\/38grader.com\/","name":"","description":"You can just relax. We&#039;ll handle it!","publisher":{"@id":"https:\/\/38grader.com\/#organization"},"potentialAction":[{"@type":"SearchAction","target":{"@type":"EntryPoint","urlTemplate":"https:\/\/38grader.com\/?s={search_term_string}"},"query-input":{"@type":"PropertyValueSpecification","valueRequired":true,"valueName":"search_term_string"}}],"inLanguage":"en-US"},{"@type":"Organization","@id":"https:\/\/38grader.com\/#organization","name":"38 degrees AB","url":"https:\/\/38grader.com\/","logo":{"@type":"ImageObject","inLanguage":"en-US","@id":"https:\/\/38grader.com\/#\/schema\/logo\/image\/","url":"https:\/\/38grader.com\/wp-content\/uploads\/2021\/05\/Logo-152.png","contentUrl":"https:\/\/38grader.com\/wp-content\/uploads\/2021\/05\/Logo-152.png","width":152,"height":152,"caption":"38 grader AB"},"image":{"@id":"https:\/\/38grader.com\/#\/schema\/logo\/image\/"},"sameAs":["https:\/\/www.facebook.com\/38grader\/?ref=pages_you_manage","https:\/\/www.instagram.com\/38_grader\/"]}]}},"_links":{"self":[{"href":"https:\/\/38grader.com\/en\/wp-json\/wp\/v2\/pages\/10412","targetHints":{"allow":["GET"]}}],"collection":[{"href":"https:\/\/38grader.com\/en\/wp-json\/wp\/v2\/pages"}],"about":[{"href":"https:\/\/38grader.com\/en\/wp-json\/wp\/v2\/types\/page"}],"author":[{"embeddable":true,"href":"https:\/\/38grader.com\/en\/wp-json\/wp\/v2\/users\/1"}],"replies":[{"embeddable":true,"href":"https:\/\/38grader.com\/en\/wp-json\/wp\/v2\/comments?post=10412"}],"version-history":[{"count":6,"href":"https:\/\/38grader.com\/en\/wp-json\/wp\/v2\/pages\/10412\/revisions"}],"predecessor-version":[{"id":10421,"href":"https:\/\/38grader.com\/en\/wp-json\/wp\/v2\/pages\/10412\/revisions\/10421"}],"up":[{"embeddable":true,"href":"https:\/\/38grader.com\/en\/wp-json\/wp\/v2\/pages\/10160"}],"wp:attachment":[{"href":"https:\/\/38grader.com\/en\/wp-json\/wp\/v2\/media?parent=10412"}],"curies":[{"name":"wp","href":"https:\/\/api.w.org\/{rel}","templated":true}]}}